{"id":9777,"date":"2022-07-26T11:33:29","date_gmt":"2022-07-26T03:33:29","guid":{"rendered":"https:\/\/sellersunionagent.com\/?post_type=product&#038;p=9777"},"modified":"2022-08-01T15:04:57","modified_gmt":"2022-08-01T07:04:57","slug":"grande-saco-de-lavagem-translucido-a-prova-dagua-venda-direta","status":"publish","type":"product","link":"https:\/\/www.sellersunionagent.com\/pt\/large-waterproof-translucent-washing-bag-direct-sale\/","title":{"rendered":"Saco de lavagem grande, imperme\u00e1vel e transl\u00facido Venda direta"},"content":{"rendered":"<h2>Saco de lavagem grande, imperme\u00e1vel e transl\u00facido Venda direta<\/h2>\n<div class=\"elementor-element elementor-element-c17fac7 elementor-widget elementor-widget-woocommerce-product-short-description\" data-id=\"c17fac7\" data-element_type=\"widget\" data-widget_type=\"woocommerce-product-short-description.default\">\n<div class=\"elementor-widget-container\">\n<div class=\"woocommerce-product-details__short-description\">\n<p><strong>Tipo<\/strong>: Bolsa de lavagem<\/p>\n<p><strong>N\u00famero do item<\/strong>: FY5003-275<\/p>\n<p><strong>Tamanho do item<\/strong>: 31,5*12*22cm (L)\/ 27,5*9,5*17,5cm (M)\/ 22,5*8,5*14,5cm (S)<\/p>\n<p><strong>Cores<\/strong>: Preto<\/p>\n<p><strong>Material<\/strong>PU+PVC<\/p>\n<\/div>\n<p>&nbsp;<\/p>\n<\/div>\n<\/div>\n<p>&nbsp;<\/p>\n<p>Multifuncional<br \/>\nTransl\u00facido e vis\u00edvel<br \/>\nCapacidade ultragrande<br \/>\nResist\u00eancia \u00e0 press\u00e3o e \u00e0 abras\u00e3o<br \/>\n\u00c0 prova de \u00e1gua e poeira<\/p>\n<p><img fetchpriority=\"high\" decoding=\"async\" class=\"aligncenter wp-image-9780\" src=\"https:\/\/www.sellersunionagent.com\/wp-content\/uploads\/2022\/07\/O1CN01H5B4nB1Vbp3TTEcgq_2214198202672-0-cib.jpg\" alt=\"Venda direta\" width=\"600\" height=\"600\" \/> <img decoding=\"async\" class=\"aligncenter wp-image-9778\" src=\"https:\/\/www.sellersunionagent.com\/wp-content\/uploads\/2022\/07\/0b1c5865b47629020fd3f9190ebb030e_O1CN01TTu6ay1Vbp3XLzhQg_2214198202672-0-cib-1.jpg\" alt=\"Venda direta\" width=\"600\" height=\"600\" \/><\/p>","protected":false},"excerpt":{"rendered":"<p><strong>MOQ<\/strong>:  500 pe\u00e7as<br \/>\n<strong>Amostra gr\u00e1tis<\/strong>:  Com suporte<br \/>\n<strong>Personaliza\u00e7\u00e3o<\/strong>: logotipo \/ cor \/ materiais \/ embalagem etc.<br \/>\n<strong>Desconto<\/strong>:  Primeiros pedidos a partir de 10% de desconto.<br \/>\n<strong>Taxa de entrega no prazo<\/strong>:\u00a0 100%<br \/>\n<strong>Total de remessas<\/strong>:  10000 pe\u00e7as<br \/>\n<strong>Remessa<\/strong>: Suporte expresso - frete mar\u00edtimo - frete terrestre<\/p>","protected":false},"featured_media":9779,"comment_status":"open","ping_status":"closed","template":"","meta":{"_acf_changed":false},"product_brand":[],"product_cat":[33],"product_tag":[89,61],"class_list":{"0":"post-9777","1":"product","2":"type-product","3":"status-publish","4":"has-post-thumbnail","6":"product_cat-toiletry-bag","7":"product_tag-multi-function","8":"product_tag-washing-bag","10":"first","11":"instock","12":"shipping-taxable","13":"product-type-simple","14":"swiper-slide"},"acf":[],"_links":{"self":[{"href":"https:\/\/www.sellersunionagent.com\/pt\/wp-json\/wp\/v2\/product\/9777","targetHints":{"allow":["GET"]}}],"collection":[{"href":"https:\/\/www.sellersunionagent.com\/pt\/wp-json\/wp\/v2\/product"}],"about":[{"href":"https:\/\/www.sellersunionagent.com\/pt\/wp-json\/wp\/v2\/types\/product"}],"replies":[{"embeddable":true,"href":"https:\/\/www.sellersunionagent.com\/pt\/wp-json\/wp\/v2\/comments?post=9777"}],"wp:featuredmedia":[{"embeddable":true,"href":"https:\/\/www.sellersunionagent.com\/pt\/wp-json\/wp\/v2\/media\/9779"}],"wp:attachment":[{"href":"https:\/\/www.sellersunionagent.com\/pt\/wp-json\/wp\/v2\/media?parent=9777"}],"wp:term":[{"taxonomy":"product_brand","embeddable":true,"href":"https:\/\/www.sellersunionagent.com\/pt\/wp-json\/wp\/v2\/product_brand?post=9777"},{"taxonomy":"product_cat","embeddable":true,"href":"https:\/\/www.sellersunionagent.com\/pt\/wp-json\/wp\/v2\/product_cat?post=9777"},{"taxonomy":"product_tag","embeddable":true,"href":"https:\/\/www.sellersunionagent.com\/pt\/wp-json\/wp\/v2\/product_tag?post=9777"}],"curies":[{"name":"wp","href":"https:\/\/api.w.org\/{rel}","templated":true}]}}