{"id":9761,"date":"2022-07-26T11:18:39","date_gmt":"2022-07-26T03:18:39","guid":{"rendered":"https:\/\/sellersunionagent.com\/?post_type=product&#038;p=9761"},"modified":"2022-07-26T11:20:22","modified_gmt":"2022-07-26T03:20:22","slug":"2022-cute-translucent-washing-bag-direct-sale","status":"publish","type":"product","link":"https:\/\/www.sellersunionagent.com\/pt\/2022-cute-translucent-washing-bag-direct-sale\/","title":{"rendered":"2022 Cute Translucent Washing Bag Venda direta"},"content":{"rendered":"<h2>2022 Cute Translucent Washing Bag Venda direta<\/h2>\n<ul>\n<li>Multifuncional<\/li>\n<li>Transl\u00facido e vis\u00edvel<\/li>\n<li>Capacidade ultragrande<\/li>\n<li>Resist\u00eancia \u00e0 press\u00e3o e \u00e0 abras\u00e3o<\/li>\n<li>\u00c0 prova de \u00e1gua e poeira<\/li>\n<li><img fetchpriority=\"high\" decoding=\"async\" class=\"aligncenter wp-image-9766\" src=\"https:\/\/www.sellersunionagent.com\/wp-content\/uploads\/2022\/07\/O1CN01KMB3RR1Vbp3JBvFO9_2214198202672-0-cib.jpg\" alt=\"Venda direta\" width=\"600\" height=\"600\" \/><img decoding=\"async\" class=\"aligncenter wp-image-9773\" src=\"https:\/\/www.sellersunionagent.com\/wp-content\/uploads\/2022\/07\/88f13e9eaecd58f1dfe35fd67bb95ba.jpg\" alt=\"Venda direta\" width=\"600\" height=\"600\" \/><img decoding=\"async\" class=\"aligncenter wp-image-9775 size-full\" src=\"https:\/\/www.sellersunionagent.com\/wp-content\/uploads\/2022\/07\/930bd3e11c37b5cef79a7e48205464a.jpg\" alt=\"Venda direta\" width=\"705\" height=\"270\" \/><img loading=\"lazy\" decoding=\"async\" class=\"aligncenter wp-image-9763\" src=\"https:\/\/www.sellersunionagent.com\/wp-content\/uploads\/2022\/07\/ad2559810bba6881d680d92ab3f1174.jpg\" alt=\"Venda direta\" width=\"600\" height=\"539\" \/><img loading=\"lazy\" decoding=\"async\" class=\"aligncenter wp-image-9774\" src=\"https:\/\/www.sellersunionagent.com\/wp-content\/uploads\/2022\/07\/663f5881f5ad6d4560cde86e5e5daa8.jpg\" alt=\"Venda direta\" width=\"600\" height=\"560\" \/><img loading=\"lazy\" decoding=\"async\" class=\"aligncenter wp-image-9765\" src=\"https:\/\/www.sellersunionagent.com\/wp-content\/uploads\/2022\/07\/cf3d04058f7815f02de4caca22b7776.jpg\" alt=\"Venda direta\" width=\"600\" height=\"556\" \/> <img loading=\"lazy\" decoding=\"async\" class=\"aligncenter wp-image-9764\" src=\"https:\/\/www.sellersunionagent.com\/wp-content\/uploads\/2022\/07\/c61e05435bf480511117759fb8bbf82.jpg\" alt=\"Venda direta\" width=\"600\" height=\"567\" \/><\/li>\n<\/ul>","protected":false},"excerpt":{"rendered":"<div class=\"elementor-element elementor-element-42815df elementor-widget elementor-widget-heading\" data-id=\"42815df\" data-element_type=\"widget\" data-widget_type=\"heading.default\">\n<div class=\"elementor-widget-container\">\n<p class=\"elementor-heading-title elementor-size-default\"><strong>Tipo<\/strong>: Bolsa de lavagem<\/p>\n<\/div>\n<\/div>\n<div class=\"elementor-element elementor-element-c17fac7 elementor-widget elementor-widget-woocommerce-product-short-description\" data-id=\"c17fac7\" data-element_type=\"widget\" data-widget_type=\"woocommerce-product-short-description.default\">\n<div class=\"elementor-widget-container\">\n<div class=\"woocommerce-product-details__short-description\">\n<p><strong>N\u00famero do item:<\/strong> FY5003-274<\/p>\n<p><strong>Tamanho do item<\/strong>: 31,5*12*22cm (L)\/ 27,5*9,5*17,5cm (M)\/ 22,5*8,5*14,5cm (S)<\/p>\n<p><strong>Cores<\/strong>: Blue\/ yellow<\/p>\n<p><strong>Material:<\/strong>PU+PVC<\/p>\n<p>&nbsp;<\/p>\n<p>&nbsp;<\/p>\n<p>Produzimos excelentes sacos de lavagem. Raz\u00f5es para nos escolher:<br \/>\nProdutos certificados por institui\u00e7\u00f5es profissionais, com fornecimento suficiente e est\u00e1vel<br \/>\nMais de vinte anos de experi\u00eancia, com dep\u00f3sitos de tecnologia e qualidade.<br \/>\nPersonaliza\u00e7\u00e3o bem-vinda para atender a diferentes necessidades<br \/>\nProdu\u00e7\u00e3o e envio na velocidade mais r\u00e1pida<br \/>\nServi\u00e7o completo e atencioso, incluindo pr\u00e9-vendas, vendas e p\u00f3s-vendas<\/p>\n<\/div>\n<\/div>\n<\/div>","protected":false},"featured_media":9770,"comment_status":"open","ping_status":"closed","template":"","meta":{"_acf_changed":false},"product_brand":[],"product_cat":[33],"product_tag":[184,183,42],"class_list":{"0":"post-9761","1":"product","2":"type-product","3":"status-publish","4":"has-post-thumbnail","6":"product_cat-toiletry-bag","7":"product_tag-cute","8":"product_tag-direct-sale","9":"product_tag-high-quality","11":"first","12":"instock","13":"shipping-taxable","14":"product-type-simple","15":"swiper-slide"},"acf":[],"_links":{"self":[{"href":"https:\/\/www.sellersunionagent.com\/pt\/wp-json\/wp\/v2\/product\/9761","targetHints":{"allow":["GET"]}}],"collection":[{"href":"https:\/\/www.sellersunionagent.com\/pt\/wp-json\/wp\/v2\/product"}],"about":[{"href":"https:\/\/www.sellersunionagent.com\/pt\/wp-json\/wp\/v2\/types\/product"}],"replies":[{"embeddable":true,"href":"https:\/\/www.sellersunionagent.com\/pt\/wp-json\/wp\/v2\/comments?post=9761"}],"wp:featuredmedia":[{"embeddable":true,"href":"https:\/\/www.sellersunionagent.com\/pt\/wp-json\/wp\/v2\/media\/9770"}],"wp:attachment":[{"href":"https:\/\/www.sellersunionagent.com\/pt\/wp-json\/wp\/v2\/media?parent=9761"}],"wp:term":[{"taxonomy":"product_brand","embeddable":true,"href":"https:\/\/www.sellersunionagent.com\/pt\/wp-json\/wp\/v2\/product_brand?post=9761"},{"taxonomy":"product_cat","embeddable":true,"href":"https:\/\/www.sellersunionagent.com\/pt\/wp-json\/wp\/v2\/product_cat?post=9761"},{"taxonomy":"product_tag","embeddable":true,"href":"https:\/\/www.sellersunionagent.com\/pt\/wp-json\/wp\/v2\/product_tag?post=9761"}],"curies":[{"name":"wp","href":"https:\/\/api.w.org\/{rel}","templated":true}]}}