{"id":9748,"date":"2022-07-26T10:57:13","date_gmt":"2022-07-26T02:57:13","guid":{"rendered":"https:\/\/sellersunionagent.com\/?post_type=product&#038;p=9748"},"modified":"2022-08-01T18:43:24","modified_gmt":"2022-08-01T10:43:24","slug":"bolsa-cosmetica-translucida-espessada-de-alta-qualidade-venda-direta","status":"publish","type":"product","link":"https:\/\/www.sellersunionagent.com\/pt\/thickened-high-quality-translucent-cosmetic-bag-direct-sale\/","title":{"rendered":"Saco de lavagem transl\u00facido espessado de alta qualidade Venda direta"},"content":{"rendered":"<h2>Saco de lavagem transl\u00facido espessado de alta qualidade Venda direta<\/h2>\n<div class=\"elementor-element elementor-element-42815df elementor-widget elementor-widget-heading\" data-id=\"42815df\" data-element_type=\"widget\" data-widget_type=\"heading.default\">\n<div class=\"elementor-widget-container\">\n<p class=\"elementor-heading-title elementor-size-default\"><strong>Tipo de item<\/strong>: Bolsa de lavagem<\/p>\n<\/div>\n<\/div>\n<div class=\"elementor-element elementor-element-c17fac7 elementor-widget elementor-widget-woocommerce-product-short-description\" data-id=\"c17fac7\" data-element_type=\"widget\" data-widget_type=\"woocommerce-product-short-description.default\">\n<div class=\"elementor-widget-container\">\n<div class=\"woocommerce-product-details__short-description\">\n<p><strong>N\u00famero do item:<\/strong> FY5003-273<\/p>\n<p><strong>Tamanho do item<\/strong>: 31,5*12*22cm (L)\/ 27,5*9,5*17,5cm (M)\/ 22,5*8,5*14,5cm (S)<\/p>\n<p><strong>Cores<\/strong>: Branco\/ rosa\/ preto\/ azul<\/p>\n<p><strong>Material:<\/strong>PU+PVC<\/p>\n<p>&nbsp;<\/p>\n<\/div>\n<\/div>\n<\/div>\n<p>&nbsp;<\/p>\n<ul>\n<li>Multifuncional<\/li>\n<li>Transl\u00facido e vis\u00edvel<\/li>\n<li>Capacidade ultragrande<\/li>\n<li>Resist\u00eancia \u00e0 press\u00e3o e \u00e0 abras\u00e3o<\/li>\n<li>\u00c0 prova de \u00e1gua e poeira<img fetchpriority=\"high\" decoding=\"async\" class=\"aligncenter wp-image-9757\" src=\"https:\/\/www.sellersunionagent.com\/wp-content\/uploads\/2022\/07\/O1CN01HWjkHO1Vbp3JxDqhB_2214198202672-0-cib.jpg\" alt=\"Venda direta\" width=\"600\" height=\"600\" \/><img decoding=\"async\" class=\"aligncenter wp-image-9750\" src=\"https:\/\/www.sellersunionagent.com\/wp-content\/uploads\/2022\/07\/4e2375c098932a4d7a5ed965f03a9653_O1CN01TJmL451Vbp3MH26VJ_2214198202672-0-cib.jpg\" alt=\"Venda direta\" width=\"600\" height=\"648\" \/><img decoding=\"async\" class=\"aligncenter wp-image-9756\" src=\"https:\/\/www.sellersunionagent.com\/wp-content\/uploads\/2022\/07\/f11d9f2f3734f1ba0e4cfb70cbac90f.jpg\" alt=\"Venda direta\" width=\"600\" height=\"581\" \/><img loading=\"lazy\" decoding=\"async\" class=\"aligncenter wp-image-9759\" src=\"https:\/\/www.sellersunionagent.com\/wp-content\/uploads\/2022\/07\/O1CN01QzBTeo1Vbp3JDQrwM_2214198202672-0-cib.jpg\" alt=\"Venda direta\" width=\"600\" height=\"600\" \/><img loading=\"lazy\" decoding=\"async\" class=\"aligncenter wp-image-9753 size-full\" src=\"https:\/\/www.sellersunionagent.com\/wp-content\/uploads\/2022\/07\/1658803511884.png\" alt=\"Venda direta\" width=\"723\" height=\"272\" \/><br \/>\n<img loading=\"lazy\" decoding=\"async\" class=\"aligncenter wp-image-9758\" src=\"https:\/\/www.sellersunionagent.com\/wp-content\/uploads\/2022\/07\/O1CN01jmUfUp1Vbp3Qu802d_2214198202672-0-cib.jpg\" alt=\"Venda direta\" width=\"600\" height=\"600\" \/> \u00a0<img loading=\"lazy\" decoding=\"async\" class=\"aligncenter wp-image-9755\" src=\"https:\/\/www.sellersunionagent.com\/wp-content\/uploads\/2022\/07\/c4598d4b8f6a3ff8160315cb7ecdad7.jpg\" alt=\"Venda direta\" width=\"600\" height=\"568\" \/> <img loading=\"lazy\" decoding=\"async\" class=\"aligncenter wp-image-9754\" src=\"https:\/\/www.sellersunionagent.com\/wp-content\/uploads\/2022\/07\/b708ed05e90cda0a5400e606844d878.jpg\" alt=\"Venda direta\" width=\"600\" height=\"562\" \/> \u00a0<img loading=\"lazy\" decoding=\"async\" class=\"aligncenter wp-image-9752\" src=\"https:\/\/www.sellersunionagent.com\/wp-content\/uploads\/2022\/07\/5982bc04bba1daa7d64150ff6a5d1c5.jpg\" alt=\"Venda direta\" width=\"600\" height=\"564\" \/><\/li>\n<\/ul>","protected":false},"excerpt":{"rendered":"<div class=\"elementor-element elementor-element-42815df elementor-widget elementor-widget-heading\" data-id=\"42815df\" data-element_type=\"widget\" data-widget_type=\"heading.default\">\n<div class=\"elementor-widget-container\">\n<p class=\"elementor-heading-title elementor-size-default\"><strong>MOQ<\/strong>:  500 pe\u00e7as<br \/>\n<strong>Amostra gr\u00e1tis<\/strong>:  Com suporte<br \/>\n<strong>Personaliza\u00e7\u00e3o<\/strong>: logotipo \/ cor \/ materiais \/ embalagem etc.<br \/>\n<strong>Desconto<\/strong>:  Primeiros pedidos a partir de 10% de desconto.<br \/>\n<strong>Taxa de entrega no prazo<\/strong>:\u00a0 100%<br \/>\n<strong>Total de remessas<\/strong>:  10000 pe\u00e7as<br \/>\n<strong>Remessa<\/strong>: Suporte expresso - frete mar\u00edtimo - frete terrestre<\/p>\n<\/div>\n<\/div>\n<div class=\"elementor-element elementor-element-c17fac7 elementor-widget elementor-widget-woocommerce-product-short-description\" data-id=\"c17fac7\" data-element_type=\"widget\" data-widget_type=\"woocommerce-product-short-description.default\">\n<div class=\"elementor-widget-container\">\n<div class=\"woocommerce-product-details__short-description\">\n<p>&nbsp;<\/p>\n<p>&nbsp;<\/p>\n<p>Produzimos excelentes sacos de lavagem. Raz\u00f5es para nos escolher:<br \/>\nProdutos certificados por institui\u00e7\u00f5es profissionais, com fornecimento suficiente e est\u00e1vel<br \/>\nMais de vinte anos de experi\u00eancia, com dep\u00f3sitos de tecnologia e qualidade.<br \/>\nPersonaliza\u00e7\u00e3o bem-vinda para atender a diferentes necessidades<br \/>\nProdu\u00e7\u00e3o e envio na velocidade mais r\u00e1pida<br \/>\nServi\u00e7o completo e atencioso, incluindo pr\u00e9-vendas, vendas e p\u00f3s-vendas<\/p>\n<\/div>\n<\/div>\n<\/div>","protected":false},"featured_media":9833,"comment_status":"open","ping_status":"closed","template":"","meta":{"_acf_changed":false},"product_brand":[],"product_cat":[33],"product_tag":[183,42],"class_list":{"0":"post-9748","1":"product","2":"type-product","3":"status-publish","4":"has-post-thumbnail","6":"product_cat-toiletry-bag","7":"product_tag-direct-sale","8":"product_tag-high-quality","10":"first","11":"instock","12":"shipping-taxable","13":"purchasable","14":"product-type-simple","15":"swiper-slide"},"acf":[],"_links":{"self":[{"href":"https:\/\/www.sellersunionagent.com\/pt\/wp-json\/wp\/v2\/product\/9748","targetHints":{"allow":["GET"]}}],"collection":[{"href":"https:\/\/www.sellersunionagent.com\/pt\/wp-json\/wp\/v2\/product"}],"about":[{"href":"https:\/\/www.sellersunionagent.com\/pt\/wp-json\/wp\/v2\/types\/product"}],"replies":[{"embeddable":true,"href":"https:\/\/www.sellersunionagent.com\/pt\/wp-json\/wp\/v2\/comments?post=9748"}],"wp:featuredmedia":[{"embeddable":true,"href":"https:\/\/www.sellersunionagent.com\/pt\/wp-json\/wp\/v2\/media\/9833"}],"wp:attachment":[{"href":"https:\/\/www.sellersunionagent.com\/pt\/wp-json\/wp\/v2\/media?parent=9748"}],"wp:term":[{"taxonomy":"product_brand","embeddable":true,"href":"https:\/\/www.sellersunionagent.com\/pt\/wp-json\/wp\/v2\/product_brand?post=9748"},{"taxonomy":"product_cat","embeddable":true,"href":"https:\/\/www.sellersunionagent.com\/pt\/wp-json\/wp\/v2\/product_cat?post=9748"},{"taxonomy":"product_tag","embeddable":true,"href":"https:\/\/www.sellersunionagent.com\/pt\/wp-json\/wp\/v2\/product_tag?post=9748"}],"curies":[{"name":"wp","href":"https:\/\/api.w.org\/{rel}","templated":true}]}}