{"id":9737,"date":"2022-07-26T10:32:42","date_gmt":"2022-07-26T02:32:42","guid":{"rendered":"https:\/\/sellersunionagent.com\/?post_type=product&#038;p=9737"},"modified":"2026-01-06T14:28:54","modified_gmt":"2026-01-06T06:28:54","slug":"large-capacity-waterproof-portable-double-layer-washing-bag","status":"publish","type":"product","link":"https:\/\/www.sellersunionagent.com\/pt\/large-capacity-waterproof-portable-double-layer-washing-bag\/","title":{"rendered":"Saco de lavagem port\u00e1til de camada dupla \u00e0 prova d'\u00e1gua de grande capacidade"},"content":{"rendered":"<h2>Saco de lavagem port\u00e1til de camada dupla \u00e0 prova d'\u00e1gua de grande capacidade<\/h2>\n<div class=\"elementor-element elementor-element-42815df elementor-widget elementor-widget-heading\" data-id=\"42815df\" data-element_type=\"widget\" data-widget_type=\"heading.default\">\n<div class=\"elementor-widget-container\">\n<p class=\"elementor-heading-title elementor-size-default\"><strong>Tipo<\/strong>: Bolsa de lavagem<\/p>\n<\/div>\n<\/div>\n<div class=\"elementor-element elementor-element-c17fac7 elementor-widget elementor-widget-woocommerce-product-short-description\" data-id=\"c17fac7\" data-element_type=\"widget\" data-widget_type=\"woocommerce-product-short-description.default\">\n<div class=\"elementor-widget-container\">\n<div class=\"woocommerce-product-details__short-description\">\n<p><strong>N\u00famero do item:<\/strong> FU5003-12<\/p>\n<p><strong>Tamanho do item<\/strong>: 30*12*21cm\/ 26*10*15cm\/ 21*13*8cm<\/p>\n<p><strong>Cores<\/strong>: Transparent\/ black<\/p>\n<p><strong>Material: <\/strong>PVC<\/p>\n<p>&nbsp;<\/p>\n<\/div>\n<\/div>\n<\/div>\n<p>&nbsp;<\/p>\n<ul>\n<li>Grande capacidade<\/li>\n<li>Separa\u00e7\u00e3o \u00famida e seca<\/li>\n<li>Escolha o material<\/li>\n<li>\u00c0 prova d'\u00e1gua<\/li>\n<li>Conveniente para transportar<\/li>\n<li>Bonito e dur\u00e1vel<\/li>\n<li><img fetchpriority=\"high\" decoding=\"async\" class=\"aligncenter wp-image-9741\" src=\"https:\/\/www.sellersunionagent.com\/wp-content\/uploads\/2022\/07\/1658802278952.png\" alt=\"Bolsa de lavagem\" width=\"600\" height=\"600\" \/><img decoding=\"async\" class=\"aligncenter wp-image-9747\" src=\"https:\/\/www.sellersunionagent.com\/wp-content\/uploads\/2022\/07\/1658802236632.png\" alt=\"Bolsa de lavagem\" width=\"600\" height=\"546\" \/><img decoding=\"async\" class=\"aligncenter wp-image-9746\" src=\"https:\/\/www.sellersunionagent.com\/wp-content\/uploads\/2022\/07\/1658802201225.png\" alt=\"Bolsa de lavagem\" width=\"600\" height=\"548\" \/> <img loading=\"lazy\" decoding=\"async\" class=\"aligncenter wp-image-9745\" src=\"https:\/\/www.sellersunionagent.com\/wp-content\/uploads\/2022\/07\/1658801932533.png\" alt=\"Bolsa de lavagem\" width=\"600\" height=\"332\" \/> <img loading=\"lazy\" decoding=\"async\" class=\"aligncenter wp-image-9744\" src=\"https:\/\/www.sellersunionagent.com\/wp-content\/uploads\/2022\/07\/O1CN010eQXHq1Vbp32iEjEY_2214198202672-0-cib.jpg\" alt=\"Bolsa de lavagem\" width=\"600\" height=\"600\" \/> <img loading=\"lazy\" decoding=\"async\" class=\"aligncenter wp-image-9743\" src=\"https:\/\/www.sellersunionagent.com\/wp-content\/uploads\/2022\/07\/O1CN01lkUPH21Vbp34xir8T_2214198202672-0-cib.jpg\" alt=\"Bolsa de lavagem\" width=\"600\" height=\"600\" \/><\/li>\n<\/ul>","protected":false},"excerpt":{"rendered":"<div class=\"elementor-element elementor-element-42815df elementor-widget elementor-widget-heading\" data-id=\"42815df\" data-element_type=\"widget\" data-widget_type=\"heading.default\">\n<div class=\"elementor-widget-container\">\n<p class=\"elementor-heading-title elementor-size-default\"><strong>MOQ<\/strong>:  1000 pe\u00e7as<br \/>\n<strong>Amostra gr\u00e1tis<\/strong>:  Com suporte<br \/>\n<strong>Personaliza\u00e7\u00e3o<\/strong>: logotipo \/ cor \/ materiais \/ embalagem etc.<br \/>\n<strong>Desconto<\/strong>:  Primeiros pedidos a partir de 10% de desconto.<br \/>\n<strong>Taxa de entrega no prazo<\/strong>:\u00a0 100%<br \/>\n<strong>Total de remessas<\/strong>:  10000 pe\u00e7as<br \/>\n<strong>Remessa<\/strong>: Suporte expresso - frete mar\u00edtimo - frete terrestre<\/p>\n<\/div>\n<\/div>","protected":false},"featured_media":13772,"comment_status":"open","ping_status":"closed","template":"","meta":{"_acf_changed":false},"product_brand":[],"product_cat":[33],"product_tag":[48,60,100],"class_list":{"0":"post-9737","1":"product","2":"type-product","3":"status-publish","4":"has-post-thumbnail","6":"product_cat-toiletry-bag","7":"product_tag-large-capacity","8":"product_tag-portable","9":"product_tag-waterproof","11":"first","12":"instock","13":"shipping-taxable","14":"purchasable","15":"product-type-simple","16":"swiper-slide"},"acf":[],"_links":{"self":[{"href":"https:\/\/www.sellersunionagent.com\/pt\/wp-json\/wp\/v2\/product\/9737","targetHints":{"allow":["GET"]}}],"collection":[{"href":"https:\/\/www.sellersunionagent.com\/pt\/wp-json\/wp\/v2\/product"}],"about":[{"href":"https:\/\/www.sellersunionagent.com\/pt\/wp-json\/wp\/v2\/types\/product"}],"replies":[{"embeddable":true,"href":"https:\/\/www.sellersunionagent.com\/pt\/wp-json\/wp\/v2\/comments?post=9737"}],"wp:featuredmedia":[{"embeddable":true,"href":"https:\/\/www.sellersunionagent.com\/pt\/wp-json\/wp\/v2\/media\/13772"}],"wp:attachment":[{"href":"https:\/\/www.sellersunionagent.com\/pt\/wp-json\/wp\/v2\/media?parent=9737"}],"wp:term":[{"taxonomy":"product_brand","embeddable":true,"href":"https:\/\/www.sellersunionagent.com\/pt\/wp-json\/wp\/v2\/product_brand?post=9737"},{"taxonomy":"product_cat","embeddable":true,"href":"https:\/\/www.sellersunionagent.com\/pt\/wp-json\/wp\/v2\/product_cat?post=9737"},{"taxonomy":"product_tag","embeddable":true,"href":"https:\/\/www.sellersunionagent.com\/pt\/wp-json\/wp\/v2\/product_tag?post=9737"}],"curies":[{"name":"wp","href":"https:\/\/api.w.org\/{rel}","templated":true}]}}