{"id":9020,"date":"2022-07-08T10:05:49","date_gmt":"2022-07-08T02:05:49","guid":{"rendered":"https:\/\/sellersunionagent.com\/?post_type=product&#038;p=9020"},"modified":"2026-01-06T14:28:55","modified_gmt":"2026-01-06T06:28:55","slug":"bolsa-de-armazenamento-de-acessorios-digitais-fabricada-na-china-para-revendedores-no-atacado-ou-no-varejo","status":"publish","type":"product","link":"https:\/\/www.sellersunionagent.com\/pt\/digital-accessories-storage-bag-made-in-china-supply-for-wholesale-or-retail-dealer\/","title":{"rendered":"Bolsa de armazenamento de acess\u00f3rios digitais fabricada na China Fornecimento para revendedores no atacado ou no varejo"},"content":{"rendered":"<h2>Bolsa de armazenamento de acess\u00f3rios digitais fabricada na China Fornecimento para revendedores no atacado ou no varejo<\/h2>\n<p>&nbsp;<\/p>\n<p>&nbsp;<\/p>\n<ul class=\"a-unordered-list a-vertical a-spacing-mini\">\n<li><span class=\"a-list-item\">\u3010Compartimento DIY\u3011- - H\u00e1 tr\u00eas divis\u00f3rias acolchoadas remov\u00edveis com velcro na parte inferior do estojo para cabos. Voc\u00ea pode fazer DIY para separar o espa\u00e7o inferior em v\u00e1rios compartimentos, encaixando acess\u00f3rios de diferentes tamanhos e mantendo todos os seus acess\u00f3rios eletr\u00f4nicos em ordem.<\/span><\/li>\n<\/ul>\n<p>&nbsp;<\/p>\n<p>&nbsp;<\/p>\n<ul class=\"a-unordered-list a-vertical a-spacing-mini\">\n<li><span class=\"a-list-item\">\u3010QUALIDADE PREMIUM\u3011 - - Esse organizador de cabos para viagem \u00e9 feito de tecido 300D \u00e0 prova d'\u00e1gua e material interno acolchoado espesso. Os novos z\u00edperes duplos aprimorados com design plano s\u00e3o mais suaves e dur\u00e1veis. A costura superior e bem feita torna o estojo do organizador eletr\u00f4nico requintado e exclusivo.<\/span><\/li>\n<\/ul>\n<p>&nbsp;<\/p>\n<p>&nbsp;<\/p>\n<ul class=\"a-unordered-list a-vertical a-spacing-mini\">\n<li><span class=\"a-list-item\">\u3010N\u00c3O MAIS MESSY\u3011 - - O estojo de viagem para cabos tem bolsos compactos para manter tudo bem organizado. Com exce\u00e7\u00e3o de 3 divis\u00f3rias remov\u00edveis, h\u00e1 5 bolsos de malha com presilhas el\u00e1sticas para cabos finos, fones de ouvido, canetas etc., evitando que os cabos fiquem emaranhados.<\/span><\/li>\n<\/ul>\n<p>&nbsp;<\/p>\n<p>&nbsp;<\/p>\n<ul class=\"a-unordered-list a-vertical a-spacing-mini\">\n<li><span class=\"a-list-item\">\u3010TRAVEL PARTNER\u3011 - - O tamanho ideal de 9,45 x 7,09 x 3,94 polegadas faz com que o organizador eletr\u00f4nico de viagem seja f\u00e1cil de colocar na mochila e na bagagem sem ocupar muito espa\u00e7o, e a al\u00e7a superior \u00e9 f\u00e1cil de carregar.<\/span><\/li>\n<\/ul>\n<p>&nbsp;<\/p>\n<p>&nbsp;<\/p>\n<p><img fetchpriority=\"high\" decoding=\"async\" class=\"aligncenter wp-image-9021\" src=\"https:\/\/www.sellersunionagent.com\/wp-content\/uploads\/2022\/07\/15082507411_1929729966.jpg\" alt=\"revendedor\" width=\"600\" height=\"600\" \/> <img decoding=\"async\" class=\"aligncenter wp-image-9026\" src=\"https:\/\/www.sellersunionagent.com\/wp-content\/uploads\/2022\/07\/\u56fe\u7247-3.png\" alt=\"revendedor\" width=\"600\" height=\"583\" \/> <img decoding=\"async\" class=\"aligncenter wp-image-9025\" src=\"https:\/\/www.sellersunionagent.com\/wp-content\/uploads\/2022\/07\/\u56fe\u7247-2.png\" alt=\"revendedor\" width=\"600\" height=\"539\" \/><\/p>","protected":false},"excerpt":{"rendered":"<p>Tipo: Bolsa para armazenamento de acess\u00f3rios digitais<\/p>\n<p>N\u00ba do item:SY009<\/p>\n<p>Tamanho e peso: 24*18*10cm e 230g<\/p>","protected":false},"featured_media":13774,"comment_status":"open","ping_status":"closed","template":"","meta":{"_acf_changed":false},"product_brand":[],"product_cat":[32],"product_tag":[87,88,71,49,92],"class_list":{"0":"post-9020","1":"product","2":"type-product","3":"status-publish","4":"has-post-thumbnail","6":"product_cat-digital-bag","7":"product_tag-bulk-wholesale","8":"product_tag-digital-accessories-storage-bag","9":"product_tag-durable","10":"product_tag-good-quality","11":"product_tag-retail","13":"first","14":"instock","15":"shipping-taxable","16":"product-type-simple","17":"swiper-slide"},"acf":[],"_links":{"self":[{"href":"https:\/\/www.sellersunionagent.com\/pt\/wp-json\/wp\/v2\/product\/9020","targetHints":{"allow":["GET"]}}],"collection":[{"href":"https:\/\/www.sellersunionagent.com\/pt\/wp-json\/wp\/v2\/product"}],"about":[{"href":"https:\/\/www.sellersunionagent.com\/pt\/wp-json\/wp\/v2\/types\/product"}],"replies":[{"embeddable":true,"href":"https:\/\/www.sellersunionagent.com\/pt\/wp-json\/wp\/v2\/comments?post=9020"}],"wp:featuredmedia":[{"embeddable":true,"href":"https:\/\/www.sellersunionagent.com\/pt\/wp-json\/wp\/v2\/media\/13774"}],"wp:attachment":[{"href":"https:\/\/www.sellersunionagent.com\/pt\/wp-json\/wp\/v2\/media?parent=9020"}],"wp:term":[{"taxonomy":"product_brand","embeddable":true,"href":"https:\/\/www.sellersunionagent.com\/pt\/wp-json\/wp\/v2\/product_brand?post=9020"},{"taxonomy":"product_cat","embeddable":true,"href":"https:\/\/www.sellersunionagent.com\/pt\/wp-json\/wp\/v2\/product_cat?post=9020"},{"taxonomy":"product_tag","embeddable":true,"href":"https:\/\/www.sellersunionagent.com\/pt\/wp-json\/wp\/v2\/product_tag?post=9020"}],"curies":[{"name":"wp","href":"https:\/\/api.w.org\/{rel}","templated":true}]}}