{"id":9019,"date":"2022-07-08T11:24:01","date_gmt":"2022-07-08T03:24:01","guid":{"rendered":"https:\/\/sellersunionagent.com\/?post_type=product&#038;p=9019"},"modified":"2022-07-20T17:22:59","modified_gmt":"2022-07-20T09:22:59","slug":"exportador-de-bolsa-interna-para-laptop-de-grande-capacidade-e-tamanho-multiplo","status":"publish","type":"product","link":"https:\/\/www.sellersunionagent.com\/pt\/multi-size-large-capacity-laptop-inner-bag-exporter\/","title":{"rendered":"Exportador de bolsas internas para laptop de grande capacidade e tamanho"},"content":{"rendered":"<h2>Exportador de bolsas internas para laptop de grande capacidade e tamanho<\/h2>\n<ul>\n<li>Design compartimentado de grande capacidade com tr\u00eas tamanhos \u00e0 sua escolha. O tamanho pequeno \u00e9 compat\u00edvel com notebooks de 13-13,3 polegadas, o tamanho m\u00e9dio \u00e9 compat\u00edvel com notebooks de 14,1-15,4 polegadas e o tamanho grande \u00e9 compat\u00edvel com notebooks de 15,6-16 polegadas<\/li>\n<li>Alinhamento fino, n\u00e3o \u00e9 f\u00e1cil de danificar<\/li>\n<li>Dois clipes met\u00e1licos externos resistentes e dur\u00e1veis<\/li>\n<li>Forro flocado macio para amortecer e evitar choques<\/li>\n<li>O design leve e fino proporciona mais conveni\u00eancia para viagens<\/li>\n<li>\u00c0 prova d'\u00e1gua e resistente a manchas<\/li>\n<li>Simples e elegante<br \/>\n<img fetchpriority=\"high\" decoding=\"async\" class=\"aligncenter wp-image-9042\" src=\"https:\/\/www.sellersunionagent.com\/wp-content\/uploads\/2022\/07\/O1CN01Fe7WQ71Bs2kw8iw6U_0-0-cib-1.jpg\" alt=\"Exportador de bolsas internas para laptop\" width=\"600\" height=\"600\" \/><img decoding=\"async\" class=\"aligncenter wp-image-9036\" src=\"https:\/\/www.sellersunionagent.com\/wp-content\/uploads\/2022\/07\/9252393bf9da156c81656548fb0dde26_O1CN01n2wvmL23xWkKV30o1_962147322-0-cib___r__1652508627235.jpg\" alt=\"Exportador de bolsas internas para laptop\" width=\"600\" height=\"600\" \/><img decoding=\"async\" class=\"aligncenter wp-image-9045\" src=\"https:\/\/www.sellersunionagent.com\/wp-content\/uploads\/2022\/07\/O1CN01oyxvaf23xWkVqDIDT_962147322-0-cib-3.jpg\" alt=\"Exportador de bolsas internas para laptop\" width=\"600\" height=\"600\" \/><img loading=\"lazy\" decoding=\"async\" class=\"aligncenter wp-image-9049\" src=\"https:\/\/www.sellersunionagent.com\/wp-content\/uploads\/2022\/07\/1657248582876-1.png\" alt=\"Exportador de bolsas internas para laptop\" width=\"600\" height=\"851\" \/><img loading=\"lazy\" decoding=\"async\" class=\"aligncenter wp-image-9047\" src=\"https:\/\/www.sellersunionagent.com\/wp-content\/uploads\/2022\/07\/af23d1bbda6425fc27fb9cbd79c9261.jpg\" alt=\"Exportador de bolsas internas para laptop\" width=\"600\" height=\"600\" \/> <img loading=\"lazy\" decoding=\"async\" class=\"aligncenter wp-image-9046\" src=\"https:\/\/www.sellersunionagent.com\/wp-content\/uploads\/2022\/07\/590a9ff8f8a77b396e5e91a399a8f37.jpg\" alt=\"Exportador de bolsas internas para laptop\" width=\"600\" height=\"600\" \/><img loading=\"lazy\" decoding=\"async\" class=\"aligncenter wp-image-9041\" src=\"https:\/\/www.sellersunionagent.com\/wp-content\/uploads\/2022\/07\/cbf439ec011cf76082015329bf838a98_O1CN01jWcmqE23xWkPMjiwz_962147322-0-cib___r__1652508669740.jpg\" alt=\"Exportador de bolsas internas para laptop\" width=\"600\" height=\"600\" \/> <img loading=\"lazy\" decoding=\"async\" class=\"aligncenter wp-image-9040\" src=\"https:\/\/www.sellersunionagent.com\/wp-content\/uploads\/2022\/07\/ad4d803b8e9c59175083fa6d0735160d_O1CN01qQDU8T23xWkU57A8f_962147322-0-cib___r__1652508669740.jpg\" alt=\"Exportador de bolsas internas para laptop\" width=\"600\" height=\"597\" \/> <img loading=\"lazy\" decoding=\"async\" class=\"aligncenter wp-image-9038\" src=\"https:\/\/www.sellersunionagent.com\/wp-content\/uploads\/2022\/07\/1657245854394.png\" alt=\"Exportador de bolsas internas para laptop\" width=\"600\" height=\"584\" \/> <img loading=\"lazy\" decoding=\"async\" class=\"aligncenter wp-image-9037\" src=\"https:\/\/www.sellersunionagent.com\/wp-content\/uploads\/2022\/07\/1657245336747.png\" alt=\"Exportador de bolsas internas para laptop\" width=\"600\" height=\"328\" \/><\/li>\n<\/ul>","protected":false},"excerpt":{"rendered":"<p><strong>Tipo<\/strong>:  Bolsa para armazenamento de acess\u00f3rios digitais<\/p>\n<p><strong>N\u00famero do item:<\/strong> SY004<\/p>\n<p><strong>Tamanho do item<\/strong>: 32,5*24*2cm(S)\/ 35*26*2cm(M)\/ 40*29*2cm(L)<\/p>\n<p><strong>Cores<\/strong>: Cinza\/Preto<\/p>\n<p><strong>Material:<\/strong>Sarja 230t + forro criptografado 210d<\/p>\n<p>&nbsp;<\/p>\n<p>&nbsp;<\/p>\n<p>Armazenamento de acess\u00f3rios digitais \/ viagens de neg\u00f3cios \/ viagens, esta bolsa pode ser usada. Torne sua vida mais f\u00e1cil e simples!<\/p>","protected":false},"featured_media":9045,"comment_status":"open","ping_status":"closed","template":"","meta":{"_acf_changed":false},"product_brand":[],"product_cat":[32],"product_tag":[48,169],"class_list":{"0":"post-9019","1":"product","2":"type-product","3":"status-publish","4":"has-post-thumbnail","6":"product_cat-digital-bag","7":"product_tag-large-capacity","8":"product_tag-multi-size","10":"first","11":"instock","12":"shipping-taxable","13":"product-type-simple","14":"swiper-slide"},"acf":[],"_links":{"self":[{"href":"https:\/\/www.sellersunionagent.com\/pt\/wp-json\/wp\/v2\/product\/9019","targetHints":{"allow":["GET"]}}],"collection":[{"href":"https:\/\/www.sellersunionagent.com\/pt\/wp-json\/wp\/v2\/product"}],"about":[{"href":"https:\/\/www.sellersunionagent.com\/pt\/wp-json\/wp\/v2\/types\/product"}],"replies":[{"embeddable":true,"href":"https:\/\/www.sellersunionagent.com\/pt\/wp-json\/wp\/v2\/comments?post=9019"}],"wp:featuredmedia":[{"embeddable":true,"href":"https:\/\/www.sellersunionagent.com\/pt\/wp-json\/wp\/v2\/media\/9045"}],"wp:attachment":[{"href":"https:\/\/www.sellersunionagent.com\/pt\/wp-json\/wp\/v2\/media?parent=9019"}],"wp:term":[{"taxonomy":"product_brand","embeddable":true,"href":"https:\/\/www.sellersunionagent.com\/pt\/wp-json\/wp\/v2\/product_brand?post=9019"},{"taxonomy":"product_cat","embeddable":true,"href":"https:\/\/www.sellersunionagent.com\/pt\/wp-json\/wp\/v2\/product_cat?post=9019"},{"taxonomy":"product_tag","embeddable":true,"href":"https:\/\/www.sellersunionagent.com\/pt\/wp-json\/wp\/v2\/product_tag?post=9019"}],"curies":[{"name":"wp","href":"https:\/\/api.w.org\/{rel}","templated":true}]}}