{"id":8995,"date":"2022-07-07T18:26:29","date_gmt":"2022-07-07T10:26:29","guid":{"rendered":"https:\/\/sellersunionagent.com\/?post_type=product&#038;p=8995"},"modified":"2026-01-06T14:29:04","modified_gmt":"2026-01-06T06:29:04","slug":"bolsa-de-viagem-para-acessorios-de-cabos","status":"publish","type":"product","link":"https:\/\/www.sellersunionagent.com\/pt\/travel-cable-accessories-bag-pouch\/","title":{"rendered":"Bolsa para acess\u00f3rios de cabos para viagem"},"content":{"rendered":"<h2>Bolsa para acess\u00f3rios de cabos para viagem<\/h2>\n<p><strong>Tipo<\/strong>:  Bolsa para armazenamento de acess\u00f3rios digitais<\/p>\n<p><strong>N\u00famero do item:<\/strong> SY003<\/p>\n<p><strong>Tamanho do item<\/strong>: 17*11*6cm<\/p>\n<p><strong>Cores<\/strong>: Cinza<\/p>\n<p><strong>Material:\u00a0<\/strong>Poli\u00e9ster 300D + forro 70D<\/p>\n<p>&nbsp;<\/p>\n<p>&nbsp;<\/p>\n<ul>\n<li>Port\u00e1til, leve e com grande capacidade, torna sua viagem mais confort\u00e1vel e agrad\u00e1vel<\/li>\n<li>A grade de perspectiva ajuda a encontrar as coisas facilmente<\/li>\n<li>Material \u00e0 prova d'\u00e1gua espesso, fia\u00e7\u00e3o firme, dur\u00e1vel e fechamento com z\u00edper suave mant\u00eam seu dispositivo favorito seguro<\/li>\n<li>Grande capacidade para armazenar muitos itens<\/li>\n<li>Etiqueta de couro, mostrando o temperamento<\/li>\n<\/ul>\n<p><img fetchpriority=\"high\" decoding=\"async\" class=\"aligncenter wp-image-9007\" src=\"https:\/\/www.sellersunionagent.com\/wp-content\/uploads\/2022\/07\/O1CN0175RJNe1Bs2lBhZpAB_0-0-cib.jpg\" alt=\"Bolsa para acess\u00f3rios de cabos\" width=\"600\" height=\"600\" \/><img decoding=\"async\" class=\"aligncenter wp-image-9006\" src=\"https:\/\/www.sellersunionagent.com\/wp-content\/uploads\/2022\/07\/O1CN01su6NzI23xWkiaDAtV_962147322-0-cib.jpg\" alt=\"Bolsa para acess\u00f3rios de cabos\" width=\"600\" height=\"600\" \/><img decoding=\"async\" class=\"aligncenter wp-image-9004\" src=\"https:\/\/www.sellersunionagent.com\/wp-content\/uploads\/2022\/07\/O1CN01N8BUyn23xWkigVy4U_962147322-0-cib.jpg\" alt=\"Bolsa para acess\u00f3rios de cabos\" width=\"600\" height=\"600\" \/><img loading=\"lazy\" decoding=\"async\" class=\"aligncenter wp-image-9001\" src=\"https:\/\/www.sellersunionagent.com\/wp-content\/uploads\/2022\/07\/4be50c748cce4f5dc8c0df6e103315c9_O1CN01gh6wFJ23xWkjNQm8z_962147322-0-cib___r__1654262274110.jpg\" alt=\"Bolsa para acess\u00f3rios de cabos\" width=\"600\" height=\"600\" \/> \u00a0 \u00a0\u00a0<img loading=\"lazy\" decoding=\"async\" class=\"aligncenter wp-image-9003\" src=\"https:\/\/www.sellersunionagent.com\/wp-content\/uploads\/2022\/07\/O1CN01CZRwZB23xWkpEariK_962147322-0-cib.jpg\" alt=\"Bolsa para acess\u00f3rios de cabos\" width=\"600\" height=\"600\" \/> <img loading=\"lazy\" decoding=\"async\" class=\"aligncenter wp-image-9002\" src=\"https:\/\/www.sellersunionagent.com\/wp-content\/uploads\/2022\/07\/d3e3a3179ee5aee21b5d3a3db1e80e27_O1CN01jryBmj23xWks3MUyn_962147322-0-cib___r__1654262274110.jpg\" alt=\"Bolsa para acess\u00f3rios de cabos\" width=\"600\" height=\"600\" \/><\/p>","protected":false},"excerpt":{"rendered":"<p><strong>MOQ<\/strong>:  100 pe\u00e7as<br \/>\n<strong>Amostra gr\u00e1tis<\/strong>:  Com suporte<br \/>\n<strong>Personaliza\u00e7\u00e3o<\/strong>: logotipo \/ cor \/ materiais \/ embalagem etc.<br \/>\n<strong>Desconto<\/strong>:  Primeiros pedidos a partir de 10% de desconto.<br \/>\n<strong>Taxa de entrega no prazo<\/strong>:\u00a0 100%<br \/>\n<strong>Total de remessas<\/strong>: 8200 pe\u00e7as<br \/>\n<strong>Remessa<\/strong>: Suporte expresso - frete mar\u00edtimo - frete terrestre<\/p>\n<p>&nbsp;<\/p>\n<p>&nbsp;<\/p>\n<p>Armazenamento de acess\u00f3rios digitais \/ viagens de neg\u00f3cios \/ viagens, esta bolsa pode ser usada. Torne sua vida mais f\u00e1cil e simples!<\/p>","protected":false},"featured_media":13776,"comment_status":"open","ping_status":"closed","template":"","meta":{"_acf_changed":false},"product_brand":[],"product_cat":[32],"product_tag":[71,48,100],"class_list":{"0":"post-8995","1":"product","2":"type-product","3":"status-publish","4":"has-post-thumbnail","6":"product_cat-digital-bag","7":"product_tag-durable","8":"product_tag-large-capacity","9":"product_tag-waterproof","11":"first","12":"instock","13":"shipping-taxable","14":"purchasable","15":"product-type-simple","16":"swiper-slide"},"acf":[],"_links":{"self":[{"href":"https:\/\/www.sellersunionagent.com\/pt\/wp-json\/wp\/v2\/product\/8995","targetHints":{"allow":["GET"]}}],"collection":[{"href":"https:\/\/www.sellersunionagent.com\/pt\/wp-json\/wp\/v2\/product"}],"about":[{"href":"https:\/\/www.sellersunionagent.com\/pt\/wp-json\/wp\/v2\/types\/product"}],"replies":[{"embeddable":true,"href":"https:\/\/www.sellersunionagent.com\/pt\/wp-json\/wp\/v2\/comments?post=8995"}],"wp:featuredmedia":[{"embeddable":true,"href":"https:\/\/www.sellersunionagent.com\/pt\/wp-json\/wp\/v2\/media\/13776"}],"wp:attachment":[{"href":"https:\/\/www.sellersunionagent.com\/pt\/wp-json\/wp\/v2\/media?parent=8995"}],"wp:term":[{"taxonomy":"product_brand","embeddable":true,"href":"https:\/\/www.sellersunionagent.com\/pt\/wp-json\/wp\/v2\/product_brand?post=8995"},{"taxonomy":"product_cat","embeddable":true,"href":"https:\/\/www.sellersunionagent.com\/pt\/wp-json\/wp\/v2\/product_cat?post=8995"},{"taxonomy":"product_tag","embeddable":true,"href":"https:\/\/www.sellersunionagent.com\/pt\/wp-json\/wp\/v2\/product_tag?post=8995"}],"curies":[{"name":"wp","href":"https:\/\/api.w.org\/{rel}","templated":true}]}}