{"id":8985,"date":"2022-07-07T18:08:52","date_gmt":"2022-07-07T10:08:52","guid":{"rendered":"https:\/\/sellersunionagent.com\/?post_type=product&#038;p=8985"},"modified":"2022-07-09T10:35:12","modified_gmt":"2022-07-09T02:35:12","slug":"bolsa-de-armazenamento-de-acessorios-digitais-personalizada-disponivel-na-fabrica-da-china","status":"publish","type":"product","link":"https:\/\/www.sellersunionagent.com\/pt\/customized-available-digital-accessories-storage-bag-from-china-factory\/","title":{"rendered":"Bolsa de armazenamento de acess\u00f3rios digitais personalizada dispon\u00edvel na f\u00e1brica da China"},"content":{"rendered":"<h2>Bolsa de armazenamento de acess\u00f3rios digitais personalizada dispon\u00edvel na f\u00e1brica da China<\/h2>\n<p>&nbsp;<\/p>\n<p>&nbsp;<\/p>\n<p>Essa divis\u00f3ria organizadora \u00e9 feita de material de poli\u00e9ster dur\u00e1vel e \u00e0 prova d'\u00e1gua. Mais dur\u00e1vel e agrad\u00e1vel do que o tecido de n\u00e1ilon, material interno acolchoado, com al\u00e7a de transporte resistente!<\/p>\n<p>&nbsp;<\/p>\n<p>&nbsp;<\/p>\n<p>9,84 x 7,28 x 1,4 polegadas (25 x 18,5 x 3,5 cm). O tamanho perfeito e o design leve permitem que voc\u00ea carregue a bolsa facilmente com a al\u00e7a de m\u00e3o. Ela tamb\u00e9m cabe na sua pasta, bolsa, bagagem e mochila sem ocupar muito espa\u00e7o.<\/p>\n<p>&nbsp;<\/p>\n<p>&nbsp;<\/p>\n<p>A bolsa para cabos tem espa\u00e7o suficiente para armazenar v\u00e1rios itens, como cabos, disco flash, SSD, cabos, cart\u00f5es de mem\u00f3ria, unidade USB, energia, carregador, passaporte, adaptadores, canetas, fone de ouvido e outros acess\u00f3rios para laptop-tablet.<\/p>\n<p>&nbsp;<\/p>\n<p>&nbsp;<\/p>\n<p>O organizador de viagem para cabos e carregadores tamb\u00e9m pode ser usado como bolsa de kit de sa\u00fade ou bolsa de maquiagem para cosm\u00e9ticos. O design da al\u00e7a \u00e9 f\u00e1cil de carregar, o z\u00edper pode ser acessado e aberto facilmente, um \u00f3timo parceiro para viagens.<\/p>\n<p>&nbsp;<\/p>\n<p>&nbsp;<\/p>\n<p><img fetchpriority=\"high\" decoding=\"async\" class=\"aligncenter wp-image-9012\" src=\"https:\/\/www.sellersunionagent.com\/wp-content\/uploads\/2022\/07\/17021764222_1929729966.jpg\" alt=\"Fornecedor\" width=\"600\" height=\"600\" \/> <img decoding=\"async\" class=\"aligncenter wp-image-9018\" src=\"https:\/\/www.sellersunionagent.com\/wp-content\/uploads\/2022\/07\/\u8be6\u60c5\u9875-3-3.png\" alt=\"Fornecedor\" width=\"600\" height=\"596\" \/> <img decoding=\"async\" class=\"aligncenter wp-image-9017\" src=\"https:\/\/www.sellersunionagent.com\/wp-content\/uploads\/2022\/07\/\u8be6\u60c5\u9875-2-4.png\" alt=\"Fornecedor\" width=\"600\" height=\"595\" \/><img loading=\"lazy\" decoding=\"async\" class=\"aligncenter wp-image-9016\" src=\"https:\/\/www.sellersunionagent.com\/wp-content\/uploads\/2022\/07\/\u8be6\u60c5\u9875-1-4.png\" alt=\"Fornecedor\" width=\"600\" height=\"525\" \/> <img loading=\"lazy\" decoding=\"async\" class=\"aligncenter wp-image-9015\" src=\"https:\/\/www.sellersunionagent.com\/wp-content\/uploads\/2022\/07\/\u573a\u666f\u56fe-5.png\" alt=\"Fornecedor\" width=\"600\" height=\"462\" \/> <img loading=\"lazy\" decoding=\"async\" class=\"aligncenter wp-image-9014\" src=\"https:\/\/www.sellersunionagent.com\/wp-content\/uploads\/2022\/07\/17022013192_1929729966.jpg\" alt=\"Fornecedor\" width=\"600\" height=\"600\" \/> <img loading=\"lazy\" decoding=\"async\" class=\"aligncenter wp-image-9011\" src=\"https:\/\/www.sellersunionagent.com\/wp-content\/uploads\/2022\/07\/16968216734_1929729966.jpg\" alt=\"Fornecedor\" width=\"600\" height=\"600\" \/><\/p>","protected":false},"excerpt":{"rendered":"<p>Tipo: Bolsa para armazenamento de acess\u00f3rios digitais<\/p>\n<p>N\u00ba do item:SY008<\/p>\n<p>Tamanho e peso: 42*23cm e 140g<\/p>","protected":false},"featured_media":9011,"comment_status":"open","ping_status":"closed","template":"","meta":{"_acf_changed":false},"product_brand":[],"product_cat":[32],"product_tag":[87,88,71,59],"class_list":{"0":"post-8985","1":"product","2":"type-product","3":"status-publish","4":"has-post-thumbnail","6":"product_cat-digital-bag","7":"product_tag-bulk-wholesale","8":"product_tag-digital-accessories-storage-bag","9":"product_tag-durable","10":"product_tag-multifunctional","12":"first","13":"instock","14":"shipping-taxable","15":"product-type-simple","16":"swiper-slide"},"acf":[],"_links":{"self":[{"href":"https:\/\/www.sellersunionagent.com\/pt\/wp-json\/wp\/v2\/product\/8985","targetHints":{"allow":["GET"]}}],"collection":[{"href":"https:\/\/www.sellersunionagent.com\/pt\/wp-json\/wp\/v2\/product"}],"about":[{"href":"https:\/\/www.sellersunionagent.com\/pt\/wp-json\/wp\/v2\/types\/product"}],"replies":[{"embeddable":true,"href":"https:\/\/www.sellersunionagent.com\/pt\/wp-json\/wp\/v2\/comments?post=8985"}],"wp:featuredmedia":[{"embeddable":true,"href":"https:\/\/www.sellersunionagent.com\/pt\/wp-json\/wp\/v2\/media\/9011"}],"wp:attachment":[{"href":"https:\/\/www.sellersunionagent.com\/pt\/wp-json\/wp\/v2\/media?parent=8985"}],"wp:term":[{"taxonomy":"product_brand","embeddable":true,"href":"https:\/\/www.sellersunionagent.com\/pt\/wp-json\/wp\/v2\/product_brand?post=8985"},{"taxonomy":"product_cat","embeddable":true,"href":"https:\/\/www.sellersunionagent.com\/pt\/wp-json\/wp\/v2\/product_cat?post=8985"},{"taxonomy":"product_tag","embeddable":true,"href":"https:\/\/www.sellersunionagent.com\/pt\/wp-json\/wp\/v2\/product_tag?post=8985"}],"curies":[{"name":"wp","href":"https:\/\/api.w.org\/{rel}","templated":true}]}}