{"id":8925,"date":"2022-07-07T17:46:27","date_gmt":"2022-07-07T09:46:27","guid":{"rendered":"https:\/\/sellersunionagent.com\/?post_type=product&#038;p=8925"},"modified":"2022-07-21T17:03:28","modified_gmt":"2022-07-21T09:03:28","slug":"bolsa-de-armazenamento-de-transporte-personalizada-para-guardar-o-cabo-de-dados-o-fone-de-ouvido-e-o-cartao-do-banco-de-energia","status":"publish","type":"product","link":"https:\/\/www.sellersunionagent.com\/pt\/custom-carrying-storage-bag-for-keeping-data-cable-earphone-power-bank-card-key\/","title":{"rendered":"Bolsa de armazenamento de transporte personalizada para manter o cabo de dados, o fone de ouvido, o banco de energia, o cart\u00e3o e a chave"},"content":{"rendered":"<h2>Bolsa de armazenamento de transporte personalizada para manter o cabo de dados, o fone de ouvido, o banco de energia, o cart\u00e3o e a chave<\/h2>\n<ul>\n<li>Port\u00e1til, leve e com grande capacidade, torna sua viagem mais confort\u00e1vel e agrad\u00e1vel<\/li>\n<li>A grade de perspectiva ajuda a encontrar as coisas facilmente<\/li>\n<li>Material espesso, fia\u00e7\u00e3o firme, dur\u00e1vel e fechamento com z\u00edper suave mant\u00eam seu dispositivo favorito seguro<\/li>\n<li>Grande capacidade para armazenar muitos itens<\/li>\n<li>Etiqueta de couro, mostrando o temperamento<\/li>\n<li>Bem-vindo \u00e0 personaliza\u00e7\u00e3o<\/li>\n<\/ul>\n<p><img fetchpriority=\"high\" decoding=\"async\" class=\"aligncenter wp-image-8941\" src=\"https:\/\/www.sellersunionagent.com\/wp-content\/uploads\/2022\/07\/9060578085_1929729966.jpg\" alt=\"Bolsa de armazenamento\" width=\"600\" height=\"600\" \/><\/p>\n<p><img decoding=\"async\" class=\"aligncenter wp-image-8965\" src=\"https:\/\/www.sellersunionagent.com\/wp-content\/uploads\/2022\/07\/337bc4990dc7bb2a2ed1a03052abbc9.jpg\" alt=\"Bolsa de armazenamento\" width=\"600\" height=\"600\" \/><\/p>\n<p><img decoding=\"async\" class=\"aligncenter wp-image-8940\" src=\"https:\/\/www.sellersunionagent.com\/wp-content\/uploads\/2022\/07\/9042448513_1929729966.jpg\" alt=\"Bolsa de armazenamento\" width=\"600\" height=\"600\" \/><img loading=\"lazy\" decoding=\"async\" class=\"aligncenter wp-image-8943\" src=\"https:\/\/www.sellersunionagent.com\/wp-content\/uploads\/2022\/07\/9042427816_1929729966.jpg\" alt=\"Bolsa de armazenamento\" width=\"600\" height=\"600\" \/><img loading=\"lazy\" decoding=\"async\" class=\"aligncenter wp-image-8942\" src=\"https:\/\/www.sellersunionagent.com\/wp-content\/uploads\/2022\/07\/11788864577_1929729966.jpg\" alt=\"Bolsa de armazenamento\" width=\"600\" height=\"600\" \/> <img loading=\"lazy\" decoding=\"async\" class=\"aligncenter wp-image-8960\" src=\"https:\/\/www.sellersunionagent.com\/wp-content\/uploads\/2022\/07\/f3c3186b631871c40d4e9ee782feca4d_14535835862_1929729966.jpg\" alt=\"Bolsa de armazenamento\" width=\"600\" height=\"600\" \/> <img loading=\"lazy\" decoding=\"async\" class=\"aligncenter wp-image-8959\" src=\"https:\/\/www.sellersunionagent.com\/wp-content\/uploads\/2022\/07\/1657185184109.png\" alt=\"Bolsa de armazenamento\" width=\"600\" height=\"549\" \/> <img loading=\"lazy\" decoding=\"async\" class=\"aligncenter wp-image-8958\" src=\"https:\/\/www.sellersunionagent.com\/wp-content\/uploads\/2022\/07\/6bdb969b5cc4fe5474f1e232b634259d_14535643490_1929729966.jpg\" alt=\"Bolsa de armazenamento\" width=\"600\" height=\"600\" \/><\/p>","protected":false},"excerpt":{"rendered":"<p><strong>Tipo<\/strong>:  Bolsa para armazenamento de acess\u00f3rios digitais<\/p>\n<p><strong>N\u00famero do item:<\/strong> SY002<\/p>\n<p><strong>Tamanho do item<\/strong>: 17*11*2cm<\/p>\n<p><strong>Cores<\/strong>: Cinza\/rosa\/azul\/amarelo\/outros<\/p>\n<p><strong>Material: <\/strong>Poli\u00e9ster 300D + forro 70D<\/p>\n<p>&nbsp;<\/p>\n<p>&nbsp;<\/p>\n<p>Fale conosco para personalizar! Alguns casos: 1) impress\u00e3o em seda - voc\u00ea pode imprimir padr\u00f5es e palavras em cores diferentes com bons detalhes; 2) impress\u00e3o de etiqueta de couro - boa textura e efeito tridimensional; 3) material de couro + logotipo em relevo: 4) logotipo de impress\u00e3o em seda + etiqueta de couro em relevo; 5) apar\u00eancia e material personalizados; 6) material e cor do interior personalizados; 7) impress\u00e3o digital...<\/p>","protected":false},"featured_media":8943,"comment_status":"open","ping_status":"closed","template":"","meta":{"_acf_changed":false},"product_brand":[],"product_cat":[32],"product_tag":[89,93],"class_list":{"0":"post-8925","1":"product","2":"type-product","3":"status-publish","4":"has-post-thumbnail","6":"product_cat-digital-bag","7":"product_tag-multi-function","8":"product_tag-storage","10":"first","11":"instock","12":"shipping-taxable","13":"product-type-simple","14":"swiper-slide"},"acf":[],"_links":{"self":[{"href":"https:\/\/www.sellersunionagent.com\/pt\/wp-json\/wp\/v2\/product\/8925","targetHints":{"allow":["GET"]}}],"collection":[{"href":"https:\/\/www.sellersunionagent.com\/pt\/wp-json\/wp\/v2\/product"}],"about":[{"href":"https:\/\/www.sellersunionagent.com\/pt\/wp-json\/wp\/v2\/types\/product"}],"replies":[{"embeddable":true,"href":"https:\/\/www.sellersunionagent.com\/pt\/wp-json\/wp\/v2\/comments?post=8925"}],"wp:featuredmedia":[{"embeddable":true,"href":"https:\/\/www.sellersunionagent.com\/pt\/wp-json\/wp\/v2\/media\/8943"}],"wp:attachment":[{"href":"https:\/\/www.sellersunionagent.com\/pt\/wp-json\/wp\/v2\/media?parent=8925"}],"wp:term":[{"taxonomy":"product_brand","embeddable":true,"href":"https:\/\/www.sellersunionagent.com\/pt\/wp-json\/wp\/v2\/product_brand?post=8925"},{"taxonomy":"product_cat","embeddable":true,"href":"https:\/\/www.sellersunionagent.com\/pt\/wp-json\/wp\/v2\/product_cat?post=8925"},{"taxonomy":"product_tag","embeddable":true,"href":"https:\/\/www.sellersunionagent.com\/pt\/wp-json\/wp\/v2\/product_tag?post=8925"}],"curies":[{"name":"wp","href":"https:\/\/api.w.org\/{rel}","templated":true}]}}