{"id":8889,"date":"2022-07-07T16:37:37","date_gmt":"2022-07-07T08:37:37","guid":{"rendered":"https:\/\/sellersunionagent.com\/?post_type=product&#038;p=8889"},"modified":"2022-07-21T17:03:32","modified_gmt":"2022-07-21T09:03:32","slug":"bolsa-de-armazenamento-digital-multifuncional-para-organizadores-eletronicos-no-atacado-para-viagens","status":"publish","type":"product","link":"https:\/\/www.sellersunionagent.com\/pt\/wholesale-multifunction-electronic-organizer-digital-storage-bag-for-travel\/","title":{"rendered":"Bolsa de armazenamento digital para viagem com organizador eletr\u00f4nico multifuncional no atacado"},"content":{"rendered":"<h2 id=\"title\" class=\"a-size-large a-spacing-none\"><span id=\"productTitle\" class=\"a-size-large product-title-word-break\">Organizador eletr\u00f4nico, bolsa organizadora de cabos para viagens Bolsa port\u00e1til para acess\u00f3rios eletr\u00f4nicos Estojo multifuncional de armazenamento completo para cabos, fios, carregador, disco r\u00edgido, fones de ouvido, USB, cart\u00e3o SD<\/span><\/h2>\n<p>&nbsp;<\/p>\n<p>&nbsp;<\/p>\n<ul>\n<li>Port\u00e1til e pr\u00e1tico: As dimens\u00f5es de 24*12*8CM, o tamanho compacto e o peso leve facilitam o transporte e a coloca\u00e7\u00e3o na bolsa, al\u00e9m de organizar e armazenar seus dispositivos tecnol\u00f3gicos, como cabos, fios, carregador de MacBook, fones de ouvido, unidades USB e cart\u00f5es SD.<\/li>\n<\/ul>\n<p>&nbsp;<\/p>\n<p>&nbsp;<\/p>\n<ul>\n<li>M\u00faltiplas aplica\u00e7\u00f5es: Perfeito para viagens, viagens de neg\u00f3cios e transporte di\u00e1rio ou apenas para organiza\u00e7\u00e3o \u00fatil em casa e no escrit\u00f3rio. Pegue-o e siga seu caminho com seus acess\u00f3rios eletr\u00f4nicos bem organizados.<\/li>\n<\/ul>\n<p>&nbsp;<\/p>\n<p>&nbsp;<\/p>\n<ul>\n<li>Qualidade superior: Fabricado com poli\u00e9ster dur\u00e1vel.<\/li>\n<\/ul>\n<p><img fetchpriority=\"high\" decoding=\"async\" class=\"aligncenter wp-image-8891\" src=\"https:\/\/www.sellersunionagent.com\/wp-content\/uploads\/2022\/07\/multifunction-electronic-organizer-4.jpg\" alt=\"Fabrica\u00e7\u00e3o na China\" width=\"500\" height=\"500\" \/><\/p>\n<p><img decoding=\"async\" class=\"aligncenter wp-image-8892\" src=\"https:\/\/www.sellersunionagent.com\/wp-content\/uploads\/2022\/07\/multifunction-electronic-organizer-3.jpg\" alt=\"Fabrica\u00e7\u00e3o na China\" width=\"500\" height=\"500\" \/><\/p>\n<p><img decoding=\"async\" class=\"aligncenter wp-image-8893\" src=\"https:\/\/www.sellersunionagent.com\/wp-content\/uploads\/2022\/07\/multifunction-electronic-organizer-2.jpg\" alt=\"Fabrica\u00e7\u00e3o na China\" width=\"500\" height=\"500\" \/><\/p>\n<p><img loading=\"lazy\" decoding=\"async\" class=\"aligncenter wp-image-8894\" src=\"https:\/\/www.sellersunionagent.com\/wp-content\/uploads\/2022\/07\/multifunction-electronic-organizer-1.jpg\" alt=\"Fabrica\u00e7\u00e3o na China\" width=\"500\" height=\"500\" \/><\/p>\n<p><img loading=\"lazy\" decoding=\"async\" class=\"aligncenter wp-image-8895\" src=\"https:\/\/www.sellersunionagent.com\/wp-content\/uploads\/2022\/07\/multifunction-electronic-organizer.jpg\" alt=\"Fabrica\u00e7\u00e3o na China\" width=\"500\" height=\"500\" \/><\/p>\n<p>&nbsp;<\/p>","protected":false},"excerpt":{"rendered":"<p><strong>Tipo<\/strong>:  Bolsa para armazenamento de acess\u00f3rios digitais<\/p>\n<p><strong>N\u00famero do item:<\/strong> SY007<\/p>\n<p><strong>Tamanho do item<\/strong>: 24*12*8cm<\/p>\n<p><strong>Peso do item<\/strong>: 120g<\/p>\n<p><strong>MOQ:<\/strong>1000 PE\u00c7AS<\/p>\n<p><strong>Material: <\/strong>poli\u00e9ster<\/p>","protected":false},"featured_media":8891,"comment_status":"open","ping_status":"closed","template":"","meta":{"_acf_changed":false},"product_brand":[],"product_cat":[32],"product_tag":[88,80,50],"class_list":{"0":"post-8889","1":"product","2":"type-product","3":"status-publish","4":"has-post-thumbnail","6":"product_cat-digital-bag","7":"product_tag-digital-accessories-storage-bag","8":"product_tag-hot-sales","9":"product_tag-wholesale","11":"first","12":"instock","13":"shipping-taxable","14":"product-type-simple","15":"swiper-slide"},"acf":[],"_links":{"self":[{"href":"https:\/\/www.sellersunionagent.com\/pt\/wp-json\/wp\/v2\/product\/8889","targetHints":{"allow":["GET"]}}],"collection":[{"href":"https:\/\/www.sellersunionagent.com\/pt\/wp-json\/wp\/v2\/product"}],"about":[{"href":"https:\/\/www.sellersunionagent.com\/pt\/wp-json\/wp\/v2\/types\/product"}],"replies":[{"embeddable":true,"href":"https:\/\/www.sellersunionagent.com\/pt\/wp-json\/wp\/v2\/comments?post=8889"}],"wp:featuredmedia":[{"embeddable":true,"href":"https:\/\/www.sellersunionagent.com\/pt\/wp-json\/wp\/v2\/media\/8891"}],"wp:attachment":[{"href":"https:\/\/www.sellersunionagent.com\/pt\/wp-json\/wp\/v2\/media?parent=8889"}],"wp:term":[{"taxonomy":"product_brand","embeddable":true,"href":"https:\/\/www.sellersunionagent.com\/pt\/wp-json\/wp\/v2\/product_brand?post=8889"},{"taxonomy":"product_cat","embeddable":true,"href":"https:\/\/www.sellersunionagent.com\/pt\/wp-json\/wp\/v2\/product_cat?post=8889"},{"taxonomy":"product_tag","embeddable":true,"href":"https:\/\/www.sellersunionagent.com\/pt\/wp-json\/wp\/v2\/product_tag?post=8889"}],"curies":[{"name":"wp","href":"https:\/\/api.w.org\/{rel}","templated":true}]}}