{"id":8870,"date":"2022-07-07T16:46:56","date_gmt":"2022-07-07T08:46:56","guid":{"rendered":"https:\/\/sellersunionagent.com\/?post_type=product&#038;p=8870"},"modified":"2026-01-06T14:29:04","modified_gmt":"2026-01-06T06:29:04","slug":"bolsa-organizadora-de-cabos-eletronicos-portatil","status":"publish","type":"product","link":"https:\/\/www.sellersunionagent.com\/pt\/portable-electronic-cable-organizer-bag\/","title":{"rendered":"Bolsa organizadora de cabos eletr\u00f4nicos port\u00e1til"},"content":{"rendered":"<h2>Bolsa organizadora de cabos eletr\u00f4nicos port\u00e1til<\/h2>\n<p><strong>Tipo<\/strong>:  Bolsa para armazenamento de acess\u00f3rios digitais<\/p>\n<p><strong>N\u00famero do item:<\/strong> SY001<\/p>\n<p><strong>Tamanho do item<\/strong>: 20*11,5*3cm<\/p>\n<p><strong>Cores<\/strong>: Cinza<\/p>\n<p><strong>Material: <\/strong>Poli\u00e9ster 300D + forro 70D<\/p>\n<p>&nbsp;<\/p>\n<p>&nbsp;<\/p>\n<p><b>MATERIAL DE ALTA QUALIDADE<\/b>: O organizador de eletr\u00f4nicos FINPAC, feito de tecido de n\u00e1ilon 600D resistente, dur\u00e1vel e repelente \u00e0 \u00e1gua, possui excelentes presilhas el\u00e1sticas embutidas com uma al\u00e7a antiderrapante para garantir que os cabos permane\u00e7am no lugar. Bolsa organizadora de viagem com fechamento de z\u00edper duplo de alta qualidade para acesso e gerenciamento r\u00e1pidos.<\/p>\n<p>&nbsp;<\/p>\n<p>&nbsp;<\/p>\n<p><b>ARMAZENAMENTO SEGURO<\/b>: Essa bolsa organizadora tem um estojo de armazenamento de tablet para iPad 9,7\", tablet de 11\", Kindle ou livro de bolso (at\u00e9 11 pol.). O bolso interno de malha protege o telefone celular ou outros itens pequenos contra perda. Os la\u00e7os el\u00e1sticos o tornam um excelente organizador de fios e cabos para viagens. 5 slots el\u00e1sticos para cart\u00e3o SD para evitar a perda de cart\u00f5es SD. A bolsa de viagem para eletr\u00f4nicos com camada dupla mant\u00e9m todos os seus cabos, carregadores de laptop, disco r\u00edgido, tablet e outros acess\u00f3rios em ordem.<\/p>\n<p>&nbsp;<\/p>\n<p>&nbsp;<\/p>\n<p><b>COMPACTO E PORT\u00c1TIL<\/b>: Organizador de cabos port\u00e1til e leve para viagens, f\u00e1cil de transportar e de caber na mochila ou na bolsa de m\u00e3o sem ocupar muito espa\u00e7o. Um \u00f3timo companheiro como organizador de eletr\u00f4nicos e organizador de fios para viagem.<\/p>\n<p>&nbsp;<\/p>\n<p>&nbsp;<\/p>\n<p><b>MULTI-USO<\/b>: Bolsa organizadora de viagem vers\u00e1til projetada especificamente para pessoas bem organizadas em viagens; v\u00e1rios bolsos de diversos tamanhos proporcionam grande flexibilidade de organiza\u00e7\u00e3o eletr\u00f4nica. Bolso frontal externo com z\u00edper para f\u00e1cil acesso.<\/p>\n<p>&nbsp;<\/p>\n<p>&nbsp;<\/p>\n<p><b>VIAGEM DE NEG\u00d3CIOS E USO DI\u00c1RIO<\/b>: Organizador vers\u00e1til de acess\u00f3rios eletr\u00f4nicos para uso no escrit\u00f3rio e em viagens. Mantenha tudo arrumado sem bagun\u00e7a. Uma \u00f3tima bolsa organizadora de viagem para viagens de neg\u00f3cios e uso di\u00e1rio (SOMENTE bolsa! N\u00e3o inclui cabos, acess\u00f3rios eletr\u00f4nicos)<\/p>\n<p><img fetchpriority=\"high\" decoding=\"async\" class=\"aligncenter wp-image-8905\" src=\"https:\/\/www.sellersunionagent.com\/wp-content\/uploads\/2022\/07\/15513035298_1929729966.jpg\" alt=\"Bolsa organizadora de cabos eletr\u00f4nicos\" width=\"600\" height=\"600\" \/><img decoding=\"async\" class=\"aligncenter wp-image-8902\" src=\"https:\/\/www.sellersunionagent.com\/wp-content\/uploads\/2022\/07\/portable-electronic-cable-organizer-bag-15.jpg\" alt=\"Bolsa organizadora de cabos eletr\u00f4nicos\" width=\"600\" height=\"600\" \/> <img decoding=\"async\" class=\"aligncenter wp-image-8904\" src=\"https:\/\/www.sellersunionagent.com\/wp-content\/uploads\/2022\/07\/portable-electronic-cable-organizer-bag-13.jpg\" alt=\"Bolsa organizadora de cabos eletr\u00f4nicos\" width=\"600\" height=\"600\" \/> <img loading=\"lazy\" decoding=\"async\" class=\"aligncenter wp-image-8903\" src=\"https:\/\/www.sellersunionagent.com\/wp-content\/uploads\/2022\/07\/15453139277_1929729966.jpg\" alt=\"Bolsa organizadora de cabos eletr\u00f4nicos\" width=\"600\" height=\"600\" \/> <img loading=\"lazy\" decoding=\"async\" class=\"aligncenter wp-image-8907\" src=\"https:\/\/www.sellersunionagent.com\/wp-content\/uploads\/2022\/07\/portable-electronic-cable-organizer-bag-14.jpg\" alt=\"Bolsa organizadora de cabos eletr\u00f4nicos\" width=\"600\" height=\"600\" \/><img loading=\"lazy\" decoding=\"async\" class=\"aligncenter wp-image-8913\" src=\"https:\/\/www.sellersunionagent.com\/wp-content\/uploads\/2022\/07\/portable-electronic-cable-organizer-bag.jpg\" alt=\"Bolsa organizadora de cabos eletr\u00f4nicos\" width=\"600\" height=\"600\" \/> <img loading=\"lazy\" decoding=\"async\" class=\"aligncenter wp-image-8912\" src=\"https:\/\/www.sellersunionagent.com\/wp-content\/uploads\/2022\/07\/portable-electronic-cable-organizer-bag-1.jpg\" alt=\"Bolsa organizadora de cabos eletr\u00f4nicos\" width=\"600\" height=\"600\" \/> <img loading=\"lazy\" decoding=\"async\" class=\"aligncenter wp-image-8911\" src=\"https:\/\/www.sellersunionagent.com\/wp-content\/uploads\/2022\/07\/portable-electronic-cable-organizer-bag-2.jpg\" alt=\"Bolsa organizadora de cabos eletr\u00f4nicos\" width=\"600\" height=\"600\" \/> <img loading=\"lazy\" decoding=\"async\" class=\"aligncenter wp-image-8909\" src=\"https:\/\/www.sellersunionagent.com\/wp-content\/uploads\/2022\/07\/portable-electronic-cable-organizer-bag-11.jpg\" alt=\"Bolsa organizadora de cabos eletr\u00f4nicos\" width=\"600\" height=\"600\" \/><\/p>","protected":false},"excerpt":{"rendered":"<p><strong>MOQ<\/strong>:  500 pe\u00e7as<br \/>\n<strong>Amostra gr\u00e1tis<\/strong>:  Com suporte<br \/>\n<strong>Personaliza\u00e7\u00e3o<\/strong>: logotipo \/ cor \/ materiais \/ embalagem etc.<br \/>\n<strong>Desconto<\/strong>:  Primeiros pedidos a partir de 10% de desconto.<br \/>\n<strong>Taxa de entrega no prazo<\/strong>:\u00a0 100%<br \/>\n<strong>Total de remessas<\/strong>:  10000 pe\u00e7as<br \/>\n<strong>Remessa<\/strong>: Suporte expresso - frete mar\u00edtimo - frete terrestre<\/p>\n<p>&nbsp;<\/p>\n<p>&nbsp;<\/p>\n<p>Armazenamento de acess\u00f3rios digitais \/ viagens de neg\u00f3cios \/ viagens, esta bolsa pode ser usada. Torne sua vida mais f\u00e1cil e simples!<\/p>","protected":false},"featured_media":13778,"comment_status":"open","ping_status":"closed","template":"","meta":{"_acf_changed":false},"product_brand":[],"product_cat":[32],"product_tag":[52,60],"class_list":{"0":"post-8870","1":"product","2":"type-product","3":"status-publish","4":"has-post-thumbnail","6":"product_cat-digital-bag","7":"product_tag-multi-layer","8":"product_tag-portable","10":"first","11":"instock","12":"shipping-taxable","13":"purchasable","14":"product-type-simple","15":"swiper-slide"},"acf":[],"_links":{"self":[{"href":"https:\/\/www.sellersunionagent.com\/pt\/wp-json\/wp\/v2\/product\/8870","targetHints":{"allow":["GET"]}}],"collection":[{"href":"https:\/\/www.sellersunionagent.com\/pt\/wp-json\/wp\/v2\/product"}],"about":[{"href":"https:\/\/www.sellersunionagent.com\/pt\/wp-json\/wp\/v2\/types\/product"}],"replies":[{"embeddable":true,"href":"https:\/\/www.sellersunionagent.com\/pt\/wp-json\/wp\/v2\/comments?post=8870"}],"wp:featuredmedia":[{"embeddable":true,"href":"https:\/\/www.sellersunionagent.com\/pt\/wp-json\/wp\/v2\/media\/13778"}],"wp:attachment":[{"href":"https:\/\/www.sellersunionagent.com\/pt\/wp-json\/wp\/v2\/media?parent=8870"}],"wp:term":[{"taxonomy":"product_brand","embeddable":true,"href":"https:\/\/www.sellersunionagent.com\/pt\/wp-json\/wp\/v2\/product_brand?post=8870"},{"taxonomy":"product_cat","embeddable":true,"href":"https:\/\/www.sellersunionagent.com\/pt\/wp-json\/wp\/v2\/product_cat?post=8870"},{"taxonomy":"product_tag","embeddable":true,"href":"https:\/\/www.sellersunionagent.com\/pt\/wp-json\/wp\/v2\/product_tag?post=8870"}],"curies":[{"name":"wp","href":"https:\/\/api.w.org\/{rel}","templated":true}]}}