{"id":8869,"date":"2022-07-07T16:26:01","date_gmt":"2022-07-07T08:26:01","guid":{"rendered":"https:\/\/sellersunionagent.com\/?post_type=product&#038;p=8869"},"modified":"2022-10-06T15:33:06","modified_gmt":"2022-10-06T07:33:06","slug":"bolsa-de-armazenamento-portatil-no-atacado-bolsa-de-armazenamento-de-acessorios-digitais-bolsa-organizadora-de-viagem","status":"publish","type":"product","link":"https:\/\/www.sellersunionagent.com\/pt\/wholesale-portable-storage-bag-digital-accessories-storage-bag-travel-organizer-bag\/","title":{"rendered":"Bolsa de armazenamento port\u00e1til no atacado Bolsa de armazenamento de acess\u00f3rios digitais Bolsa organizadora de viagens"},"content":{"rendered":"<h2>Bolsa digital, bolsa organizadora de viagem, estojo para acess\u00f3rios eletr\u00f4nicos, bolsa port\u00e1til para armazenamento de cabos para carregador, USB, cart\u00e3o SD, telefone, cabos, carregador port\u00e1til<\/h2>\n<p>&nbsp;<\/p>\n<p>&nbsp;<\/p>\n<ul>\n<li>\u3010Material de qualidade\u3011A bolsa organizadora de eletr\u00f4nicos espessa possui tecido de poli\u00e9ster dur\u00e1vel e z\u00edper de alta qualidade para proteger os itens contra chuva, arranh\u00f5es, colis\u00f5es, poeira e quedas acidentais.<\/li>\n<\/ul>\n<p>&nbsp;<\/p>\n<p>&nbsp;<\/p>\n<ul>\n<li>\u3010F\u00e1cil de transportar e \u00e0 prova d'\u00e1gua\u3011O tamanho pequeno e o design leve permitem que voc\u00ea carregue o estojo com facilidade. Esse estojo organizador de eletr\u00f4nicos tamb\u00e9m cabe na sua pasta, bagagem e mochila sem ocupar muito espa\u00e7o.<\/li>\n<\/ul>\n<p>&nbsp;<\/p>\n<p>&nbsp;<\/p>\n<ul>\n<li>\u3010Tamanho\u301134*25,5*2,5cm, cabe facilmente em qualquer mochila ou bolsa. F\u00e1cil de transportar, \u00e9 um \u00f3timo parceiro para seu disco r\u00edgido em viagens ou no escrit\u00f3rio.<\/li>\n<\/ul>\n<p><img fetchpriority=\"high\" decoding=\"async\" class=\"aligncenter wp-image-8876\" src=\"https:\/\/www.sellersunionagent.com\/wp-content\/uploads\/2022\/07\/digital-accessories-storage-bag-11.jpg\" alt=\"Fabrica\u00e7\u00e3o na China\" width=\"500\" height=\"575\" \/><\/p>\n<p><img decoding=\"async\" class=\"aligncenter wp-image-8878\" src=\"https:\/\/www.sellersunionagent.com\/wp-content\/uploads\/2022\/07\/digital-accessories-storage-bag-9.jpg\" alt=\"Fabrica\u00e7\u00e3o na China\" width=\"500\" height=\"592\" \/><\/p>\n<p><img decoding=\"async\" class=\"aligncenter wp-image-8879\" src=\"https:\/\/www.sellersunionagent.com\/wp-content\/uploads\/2022\/07\/digital-accessories-storage-bag-8.jpg\" alt=\"Fabrica\u00e7\u00e3o na China\" width=\"500\" height=\"591\" \/><\/p>\n<p><img loading=\"lazy\" decoding=\"async\" class=\"aligncenter wp-image-8880\" src=\"https:\/\/www.sellersunionagent.com\/wp-content\/uploads\/2022\/07\/digital-accessories-storage-bag-7.jpg\" alt=\"Fabrica\u00e7\u00e3o na China\" width=\"500\" height=\"570\" \/><\/p>\n<p><img loading=\"lazy\" decoding=\"async\" class=\"aligncenter wp-image-8881\" src=\"https:\/\/www.sellersunionagent.com\/wp-content\/uploads\/2022\/07\/digital-accessories-storage-bag-6.jpg\" alt=\"Fabrica\u00e7\u00e3o na China\" width=\"500\" height=\"574\" \/><\/p>\n<p><img loading=\"lazy\" decoding=\"async\" class=\"aligncenter wp-image-8882\" src=\"https:\/\/www.sellersunionagent.com\/wp-content\/uploads\/2022\/07\/digital-accessories-storage-bag-5.jpg\" alt=\"Fabrica\u00e7\u00e3o na China\" width=\"500\" height=\"590\" \/><\/p>\n<p><img loading=\"lazy\" decoding=\"async\" class=\"aligncenter wp-image-8883\" src=\"https:\/\/www.sellersunionagent.com\/wp-content\/uploads\/2022\/07\/digital-accessories-storage-bag-4.jpg\" alt=\"Fabrica\u00e7\u00e3o na China\" width=\"500\" height=\"581\" \/><\/p>\n<p><img loading=\"lazy\" decoding=\"async\" class=\"aligncenter wp-image-8884\" src=\"https:\/\/www.sellersunionagent.com\/wp-content\/uploads\/2022\/07\/digital-accessories-storage-bag-3.jpg\" alt=\"Fabrica\u00e7\u00e3o na China\" width=\"500\" height=\"599\" \/><\/p>\n<p><img loading=\"lazy\" decoding=\"async\" class=\"aligncenter wp-image-8885\" src=\"https:\/\/www.sellersunionagent.com\/wp-content\/uploads\/2022\/07\/digital-accessories-storage-bag-2.jpg\" alt=\"Fabrica\u00e7\u00e3o na China\" width=\"500\" height=\"500\" \/><\/p>","protected":false},"excerpt":{"rendered":"<p><strong>Tipo<\/strong>:  Bolsa para armazenamento de acess\u00f3rios digitais<\/p>\n<p><strong>N\u00famero do item:<\/strong> SY005<\/p>\n<p><strong>Tamanho do item<\/strong>: 23*15*8cm<\/p>\n<p><strong>Peso do item<\/strong>: 330g<\/p>\n<p><strong>Material: <\/strong>poli\u00e9ster<\/p>","protected":false},"featured_media":10790,"comment_status":"open","ping_status":"closed","template":"","meta":{"_acf_changed":false},"product_brand":[],"product_cat":[32],"product_tag":[87,88,94,60,90],"class_list":{"0":"post-8869","1":"product","2":"type-product","3":"status-publish","4":"has-post-thumbnail","6":"product_cat-digital-bag","7":"product_tag-bulk-wholesale","8":"product_tag-digital-accessories-storage-bag","9":"product_tag-organizer","10":"product_tag-portable","11":"product_tag-storage-bag","13":"first","14":"instock","15":"shipping-taxable","16":"product-type-simple","17":"swiper-slide"},"acf":[],"_links":{"self":[{"href":"https:\/\/www.sellersunionagent.com\/pt\/wp-json\/wp\/v2\/product\/8869","targetHints":{"allow":["GET"]}}],"collection":[{"href":"https:\/\/www.sellersunionagent.com\/pt\/wp-json\/wp\/v2\/product"}],"about":[{"href":"https:\/\/www.sellersunionagent.com\/pt\/wp-json\/wp\/v2\/types\/product"}],"replies":[{"embeddable":true,"href":"https:\/\/www.sellersunionagent.com\/pt\/wp-json\/wp\/v2\/comments?post=8869"}],"wp:featuredmedia":[{"embeddable":true,"href":"https:\/\/www.sellersunionagent.com\/pt\/wp-json\/wp\/v2\/media\/10790"}],"wp:attachment":[{"href":"https:\/\/www.sellersunionagent.com\/pt\/wp-json\/wp\/v2\/media?parent=8869"}],"wp:term":[{"taxonomy":"product_brand","embeddable":true,"href":"https:\/\/www.sellersunionagent.com\/pt\/wp-json\/wp\/v2\/product_brand?post=8869"},{"taxonomy":"product_cat","embeddable":true,"href":"https:\/\/www.sellersunionagent.com\/pt\/wp-json\/wp\/v2\/product_cat?post=8869"},{"taxonomy":"product_tag","embeddable":true,"href":"https:\/\/www.sellersunionagent.com\/pt\/wp-json\/wp\/v2\/product_tag?post=8869"}],"curies":[{"name":"wp","href":"https:\/\/api.w.org\/{rel}","templated":true}]}}