{"id":8850,"date":"2022-07-07T16:06:57","date_gmt":"2022-07-07T08:06:57","guid":{"rendered":"https:\/\/sellersunionagent.com\/?post_type=product&#038;p=8850"},"modified":"2026-01-06T14:29:05","modified_gmt":"2026-01-06T06:29:05","slug":"bolsa-de-armazenamento-de-acessorios-digitais-no-atacado-bolsa-de-armazenamento-de-organizador-eletronico","status":"publish","type":"product","link":"https:\/\/www.sellersunionagent.com\/pt\/wholesale-digital-accessories-storage-bag-electronic-organizer-storage-bag\/","title":{"rendered":"Bolsa para armazenamento de acess\u00f3rios digitais no atacado Bolsa para armazenamento de organizador eletr\u00f4nico"},"content":{"rendered":"<h2>Bolsa de armazenamento de acess\u00f3rios digitais Organizador eletr\u00f4nico Estojos de acess\u00f3rios eletr\u00f4nicos Bolsa organizadora de cabos Bolsa de armazenamento de cabos de viagem \u00e0 prova d'\u00e1gua para carregadores de cabos de carga<\/h2>\n<p><strong>Tipo<\/strong>:  Bolsa para armazenamento de acess\u00f3rios digitais<\/p>\n<p><strong>N\u00famero do item:<\/strong> SY006<\/p>\n<p><strong>Tamanho do item<\/strong>: 23*15*8cm<\/p>\n<p><strong>Peso do item<\/strong>: 210g<\/p>\n<p><strong>Material:<\/strong>nylon<\/p>\n<p>&nbsp;<\/p>\n<p>&nbsp;<\/p>\n<ul>\n<li>Design de apar\u00eancia: tamanho, 23*15*8cm. Estilo simples, f\u00e1cil de acessar e transportar. Design especial para proteger melhor seus acess\u00f3rios, costura e z\u00edper de alta qualidade.<\/li>\n<\/ul>\n<p>&nbsp;<\/p>\n<p>&nbsp;<\/p>\n<ul>\n<li>A bolsa de armazenamento de grande capacidade, o material \u00e0 prova d'\u00e1gua e a placa inferior espessa podem proteger melhor os objetos de armazenamento, a al\u00e7a confort\u00e1vel, f\u00e1cil de transportar em viagens.<\/li>\n<\/ul>\n<p>&nbsp;<\/p>\n<p>&nbsp;<\/p>\n<ul>\n<li>O exterior resistente \u00e0 \u00e1gua e a choques protege seus aparelhos contra derramamentos, poeira e respingos acidentais de \u00e1gua. As capas acolchoadas e espessas tamb\u00e9m absorvem choques e impactos, protegendo seus aparelhos eletr\u00f4nicos de colis\u00f5es, arranh\u00f5es e quedas acidentais. Ela pode oferecer excelente prote\u00e7\u00e3o para seus itens e proteger seus acess\u00f3rios digitais contra danos.<\/li>\n<\/ul>\n<p>&nbsp;<\/p>\n<p>&nbsp;<\/p>\n<ul>\n<li>Elegante sistema de organiza\u00e7\u00e3o de eletr\u00f4nicos para uso no escrit\u00f3rio e em viagens. A al\u00e7a pr\u00e1tica e confort\u00e1vel n\u00e3o s\u00f3 garante a seguran\u00e7a de seus itens, mas tamb\u00e9m proporciona conveni\u00eancia para sua viagem. Mantenha seus acess\u00f3rios eletr\u00f4nicos bem organizados. Voc\u00ea pode encontrar os acess\u00f3rios rapidamente, sem perder os cabos na sua mochila. Um companheiro atencioso para o trabalho, viagens de neg\u00f3cios e uso di\u00e1rio.<\/li>\n<\/ul>\n<p><img fetchpriority=\"high\" decoding=\"async\" class=\"aligncenter wp-image-8851\" src=\"https:\/\/www.sellersunionagent.com\/wp-content\/uploads\/2022\/07\/makeup-bags-supplier-15.jpg\" alt=\"Fabrica\u00e7\u00e3o na China\" width=\"500\" height=\"500\" \/><\/p>\n<p><img decoding=\"async\" class=\"aligncenter wp-image-8852\" src=\"https:\/\/www.sellersunionagent.com\/wp-content\/uploads\/2022\/07\/makeup-bags-supplier-14.jpg\" alt=\"Fabrica\u00e7\u00e3o na China\" width=\"500\" height=\"498\" \/><\/p>\n<p><img decoding=\"async\" class=\"aligncenter wp-image-8853\" src=\"https:\/\/www.sellersunionagent.com\/wp-content\/uploads\/2022\/07\/makeup-bags-supplier-13.jpg\" alt=\"Fabrica\u00e7\u00e3o na China\" width=\"500\" height=\"500\" srcset=\"https:\/\/www.sellersunionagent.com\/wp-content\/uploads\/2022\/07\/makeup-bags-supplier-13.jpg 750w, https:\/\/www.sellersunionagent.com\/wp-content\/uploads\/2022\/07\/makeup-bags-supplier-13-100x100.jpg 100w\" sizes=\"(max-width: 500px) 100vw, 500px\" \/><\/p>\n<p><img loading=\"lazy\" decoding=\"async\" class=\"aligncenter wp-image-8854\" src=\"https:\/\/www.sellersunionagent.com\/wp-content\/uploads\/2022\/07\/makeup-bags-supplier-12.jpg\" alt=\"Fabrica\u00e7\u00e3o na China\" width=\"500\" height=\"505\" \/><\/p>","protected":false},"excerpt":{"rendered":"<p><strong>MOQ<\/strong>:  100 pe\u00e7as<br \/>\n<strong>Amostra gr\u00e1tis<\/strong>:  Com suporte<br \/>\n<strong>Personaliza\u00e7\u00e3o<\/strong>: logotipo \/ cor \/ materiais \/ embalagem etc.<br \/>\n<strong>Desconto<\/strong>:  Primeiros pedidos a partir de 10% de desconto.<br \/>\n<strong>Taxa de entrega no prazo<\/strong>:\u00a0 100%<br \/>\n<strong>Total de remessas<\/strong>:  10000 pe\u00e7as<br \/>\n<strong>Remessa<\/strong>: Suporte expresso - frete mar\u00edtimo - frete terrestre<\/p>","protected":false},"featured_media":8855,"comment_status":"open","ping_status":"closed","template":"","meta":{"_acf_changed":false},"product_brand":[],"product_cat":[32],"product_tag":[88,59,75],"class_list":{"0":"post-8850","1":"product","2":"type-product","3":"status-publish","4":"has-post-thumbnail","6":"product_cat-digital-bag","7":"product_tag-digital-accessories-storage-bag","8":"product_tag-multifunctional","9":"product_tag-new-product","11":"first","12":"instock","13":"shipping-taxable","14":"purchasable","15":"product-type-simple","16":"swiper-slide"},"acf":[],"_links":{"self":[{"href":"https:\/\/www.sellersunionagent.com\/pt\/wp-json\/wp\/v2\/product\/8850","targetHints":{"allow":["GET"]}}],"collection":[{"href":"https:\/\/www.sellersunionagent.com\/pt\/wp-json\/wp\/v2\/product"}],"about":[{"href":"https:\/\/www.sellersunionagent.com\/pt\/wp-json\/wp\/v2\/types\/product"}],"replies":[{"embeddable":true,"href":"https:\/\/www.sellersunionagent.com\/pt\/wp-json\/wp\/v2\/comments?post=8850"}],"wp:featuredmedia":[{"embeddable":true,"href":"https:\/\/www.sellersunionagent.com\/pt\/wp-json\/wp\/v2\/media\/8855"}],"wp:attachment":[{"href":"https:\/\/www.sellersunionagent.com\/pt\/wp-json\/wp\/v2\/media?parent=8850"}],"wp:term":[{"taxonomy":"product_brand","embeddable":true,"href":"https:\/\/www.sellersunionagent.com\/pt\/wp-json\/wp\/v2\/product_brand?post=8850"},{"taxonomy":"product_cat","embeddable":true,"href":"https:\/\/www.sellersunionagent.com\/pt\/wp-json\/wp\/v2\/product_cat?post=8850"},{"taxonomy":"product_tag","embeddable":true,"href":"https:\/\/www.sellersunionagent.com\/pt\/wp-json\/wp\/v2\/product_tag?post=8850"}],"curies":[{"name":"wp","href":"https:\/\/api.w.org\/{rel}","templated":true}]}}