{"id":8646,"date":"2022-07-04T10:38:24","date_gmt":"2022-07-04T02:38:24","guid":{"rendered":"https:\/\/sellersunionagent.com\/?post_type=product&#038;p=8646"},"modified":"2022-07-21T17:03:14","modified_gmt":"2022-07-21T09:03:14","slug":"exportador-de-armazenamento-de-lancheiras-com-marca-propria","status":"publish","type":"product","link":"https:\/\/www.sellersunionagent.com\/pt\/private-label-lunch-box-storage-exporter\/","title":{"rendered":"Exportador de armazenamento de lancheiras com marca pr\u00f3pria"},"content":{"rendered":"<h2>Exportador de armazenamento de lancheiras com marca pr\u00f3pria<\/h2>\n<p>&nbsp;<\/p>\n<p>&nbsp;<\/p>\n<p>mant\u00e9m sua comida fria\/quente por horas. Costura firme sem rasgar, dur\u00e1vel e resistente. Pode manter sua comida quente ou fria por horas. A camada externa de algod\u00e3o 100% proporciona conforto \u00e0 sua pele.<\/p>\n<p>&nbsp;<\/p>\n<p>&nbsp;<\/p>\n<p>Esta lancheira para mulheres pesa apenas 300g, o que \u00e9 quase impercept\u00edvel ao segur\u00e1-la vazia. Grande o suficiente para a comida do dia todo. Com o tamanho de 23*15*24cm, nossa bolsa t\u00e9rmica \u00e9 adequada para suas refei\u00e7\u00f5es e lanches di\u00e1rios para crian\u00e7as e adultos.<\/p>\n<p>&nbsp;<\/p>\n<p>&nbsp;<\/p>\n<p>: o interior \u00e9 repelente \u00e0 \u00e1gua e \u00e0 gordura, de modo que um simples pano \u00famido pode facilmente limpar a lancheira e n\u00e3o deixar nenhum odor. Essa bolsa pode ser dobrada no tamanho de um notebook, o que a torna conveniente para ser guardada.<\/p>\n<p>&nbsp;<\/p>\n<p>&nbsp;<\/p>\n<p><img fetchpriority=\"high\" decoding=\"async\" class=\"aligncenter wp-image-8717\" src=\"https:\/\/www.sellersunionagent.com\/wp-content\/uploads\/2022\/07\/private-label-lunch-box-storage-exporter-2.png\" alt=\"Marca pr\u00f3pria\" width=\"600\" height=\"569\" \/> <img decoding=\"async\" class=\"aligncenter wp-image-8718\" src=\"https:\/\/www.sellersunionagent.com\/wp-content\/uploads\/2022\/07\/private-label-lunch-box-storage-exporter-1.png\" alt=\"Marca pr\u00f3pria\" width=\"600\" height=\"638\" \/> <img decoding=\"async\" class=\"aligncenter wp-image-8719\" src=\"https:\/\/www.sellersunionagent.com\/wp-content\/uploads\/2022\/07\/private-label-lunch-box-storage-exporter.png\" alt=\"Marca pr\u00f3pria\" width=\"600\" height=\"602\" \/><img loading=\"lazy\" decoding=\"async\" class=\"aligncenter wp-image-8648\" src=\"https:\/\/www.sellersunionagent.com\/wp-content\/uploads\/2022\/07\/private-label-lunch-box-storage-exporter-2.jpg\" alt=\"Marca pr\u00f3pria\" width=\"600\" height=\"600\" \/><img loading=\"lazy\" decoding=\"async\" class=\"aligncenter wp-image-8715\" src=\"https:\/\/www.sellersunionagent.com\/wp-content\/uploads\/2022\/07\/private-label-lunch-box-storage-exporter-4.png\" alt=\"Marca pr\u00f3pria\" width=\"600\" height=\"544\" \/><\/p>","protected":false},"excerpt":{"rendered":"<p>Tipo: Bolsa para lanche<\/p>\n<p>Item No.: JBWD353<\/p>\n<p>Size&amp;Weight: 23*15*24cm\uff080.15kg)<\/p>\n<p>OEM\/ODM: aceito<\/p>\n<p>&nbsp;<\/p>","protected":false},"featured_media":8849,"comment_status":"open","ping_status":"closed","template":"","meta":{"_acf_changed":false},"product_brand":[],"product_cat":[28],"product_tag":[41,93],"class_list":{"0":"post-8646","1":"product","2":"type-product","3":"status-publish","4":"has-post-thumbnail","6":"product_cat-lunch-bag","7":"product_tag-lunch-bag","8":"product_tag-storage","10":"first","11":"instock","12":"shipping-taxable","13":"product-type-simple","14":"swiper-slide"},"acf":[],"_links":{"self":[{"href":"https:\/\/www.sellersunionagent.com\/pt\/wp-json\/wp\/v2\/product\/8646","targetHints":{"allow":["GET"]}}],"collection":[{"href":"https:\/\/www.sellersunionagent.com\/pt\/wp-json\/wp\/v2\/product"}],"about":[{"href":"https:\/\/www.sellersunionagent.com\/pt\/wp-json\/wp\/v2\/types\/product"}],"replies":[{"embeddable":true,"href":"https:\/\/www.sellersunionagent.com\/pt\/wp-json\/wp\/v2\/comments?post=8646"}],"wp:featuredmedia":[{"embeddable":true,"href":"https:\/\/www.sellersunionagent.com\/pt\/wp-json\/wp\/v2\/media\/8849"}],"wp:attachment":[{"href":"https:\/\/www.sellersunionagent.com\/pt\/wp-json\/wp\/v2\/media?parent=8646"}],"wp:term":[{"taxonomy":"product_brand","embeddable":true,"href":"https:\/\/www.sellersunionagent.com\/pt\/wp-json\/wp\/v2\/product_brand?post=8646"},{"taxonomy":"product_cat","embeddable":true,"href":"https:\/\/www.sellersunionagent.com\/pt\/wp-json\/wp\/v2\/product_cat?post=8646"},{"taxonomy":"product_tag","embeddable":true,"href":"https:\/\/www.sellersunionagent.com\/pt\/wp-json\/wp\/v2\/product_tag?post=8646"}],"curies":[{"name":"wp","href":"https:\/\/api.w.org\/{rel}","templated":true}]}}