{"id":8641,"date":"2022-07-04T10:24:12","date_gmt":"2022-07-04T02:24:12","guid":{"rendered":"https:\/\/sellersunionagent.com\/?post_type=product&#038;p=8641"},"modified":"2026-01-06T14:29:06","modified_gmt":"2026-01-06T06:29:06","slug":"importacao-de-alimentos-de-armazenamento-de-lancheiras-com-novo-design","status":"publish","type":"product","link":"https:\/\/www.sellersunionagent.com\/pt\/importing-new-design-lunch-box-storage-food-exporter\/","title":{"rendered":"Importar o novo design da lancheira para armazenamento de alimentos Exportador"},"content":{"rendered":"<h2>Importando o novo design da lancheira para armazenamento de alimentos Exportador<\/h2>\n<p>&nbsp;<\/p>\n<p>&nbsp;<\/p>\n<p>O tamanho dessa lancheira \u00e9 de 22*11*26cm, o que parece ser uma lancheira pequena para mulheres\/homens, mas pode acomodar o almo\u00e7o de 1 a 2 pessoas; a parte interna \u00e9 espa\u00e7osa o suficiente para colocar facilmente seus sandu\u00edches de bebidas para o almo\u00e7o com frutas ou vegetais.<\/p>\n<p>&nbsp;<\/p>\n<p>&nbsp;<\/p>\n<p>Essa lancheira reutiliz\u00e1vel tem um design simples e moderno. A bolsa \u00e9 dur\u00e1vel e \u00e9 muito adequada para mulheres e estudantes. A al\u00e7a de couro \u00e9 o estilo da nossa marca e pode reduzir a press\u00e3o sobre as m\u00e3os.<\/p>\n<p>&nbsp;<\/p>\n<p>&nbsp;<\/p>\n<p>A al\u00e7a da nossa sacola de almo\u00e7o \u00e9 longa o suficiente para que, quando suas m\u00e3os estiverem cansadas, voc\u00ea possa facilmente colocar a sacola de almo\u00e7o no antebra\u00e7o. H\u00e1 um bolso para facas e garfos ou telefones celulares na parte interna e um bolso aberto para armazenamento na parte externa, que tamb\u00e9m pode ser usado para guardar utens\u00edlios de mesa, guardanapos, chaves, cart\u00f5es e outros objetos pequenos.<\/p>\n<p>&nbsp;<\/p>\n<p>&nbsp;<\/p>\n<p>Tipo: Bolsa para lanche<\/p>\n<p>Item No.: JBWD315<\/p>\n<p>Tamanho e peso: 22*11*26cm\uff08180G\uff09<\/p>\n<p>OEM\/ODM: aceito<\/p>\n<p><img fetchpriority=\"high\" decoding=\"async\" class=\"aligncenter wp-image-8713\" src=\"https:\/\/www.sellersunionagent.com\/wp-content\/uploads\/2022\/07\/lmport-new-design-lunch-box.png\" alt=\"\" width=\"600\" height=\"656\" \/> <img decoding=\"async\" class=\"aligncenter wp-image-8711\" src=\"https:\/\/www.sellersunionagent.com\/wp-content\/uploads\/2022\/07\/lmport-new-design-lunch-box-2.png\" alt=\"\" width=\"600\" height=\"464\" \/> <img decoding=\"async\" class=\"aligncenter wp-image-8644\" src=\"https:\/\/www.sellersunionagent.com\/wp-content\/uploads\/2022\/07\/lmport-new-design-lunch-box-storage-1.jpg\" alt=\"Importa\u00e7\u00e3o\" width=\"600\" height=\"600\" \/><img loading=\"lazy\" decoding=\"async\" class=\"aligncenter wp-image-8643\" src=\"https:\/\/www.sellersunionagent.com\/wp-content\/uploads\/2022\/07\/lmport-new-design-lunch-box-storage-2.jpg\" alt=\"Importa\u00e7\u00e3o\" width=\"600\" height=\"600\" \/> <img loading=\"lazy\" decoding=\"async\" class=\"aligncenter wp-image-8642\" src=\"https:\/\/www.sellersunionagent.com\/wp-content\/uploads\/2022\/07\/lmport-new-design-lunch-box-storage-3.jpg\" alt=\"Importa\u00e7\u00e3o\" width=\"600\" height=\"600\" \/> <img loading=\"lazy\" decoding=\"async\" class=\"aligncenter wp-image-8645\" src=\"https:\/\/www.sellersunionagent.com\/wp-content\/uploads\/2022\/07\/lmport-new-design-lunch-box-storage.jpg\" alt=\"Importa\u00e7\u00e3o\" width=\"600\" height=\"600\" \/><\/p>","protected":false},"excerpt":{"rendered":"<p><strong>MOQ<\/strong>: 500 ou Flex\u00edvel<\/p>\n<p><strong>Amostra gr\u00e1tis<\/strong>: Com suporte<\/p>\n<p><strong>Personaliza\u00e7\u00e3o<\/strong>: logotipo\/cor\/materiais\/embalagem<\/p>\n<p><strong>Desconto<\/strong>: 10% off em seu primeiro pedido<\/p>\n<p><strong>Taxa de entrega no prazo<\/strong>: 100%<\/p>\n<p><strong>Total de remessas<\/strong>: 108876 PCS<\/p>\n<p><strong>Remessa<\/strong>: Suporte expresso\/frete mar\u00edtimo\/frete terrestre<\/p>\n<p>&nbsp;<\/p>","protected":false},"featured_media":8645,"comment_status":"open","ping_status":"closed","template":"","meta":{"_acf_changed":false},"product_brand":[],"product_cat":[28],"product_tag":[41,93],"class_list":{"0":"post-8641","1":"product","2":"type-product","3":"status-publish","4":"has-post-thumbnail","6":"product_cat-lunch-bag","7":"product_tag-lunch-bag","8":"product_tag-storage","10":"first","11":"instock","12":"shipping-taxable","13":"purchasable","14":"product-type-simple","15":"swiper-slide"},"acf":[],"_links":{"self":[{"href":"https:\/\/www.sellersunionagent.com\/pt\/wp-json\/wp\/v2\/product\/8641","targetHints":{"allow":["GET"]}}],"collection":[{"href":"https:\/\/www.sellersunionagent.com\/pt\/wp-json\/wp\/v2\/product"}],"about":[{"href":"https:\/\/www.sellersunionagent.com\/pt\/wp-json\/wp\/v2\/types\/product"}],"replies":[{"embeddable":true,"href":"https:\/\/www.sellersunionagent.com\/pt\/wp-json\/wp\/v2\/comments?post=8641"}],"wp:featuredmedia":[{"embeddable":true,"href":"https:\/\/www.sellersunionagent.com\/pt\/wp-json\/wp\/v2\/media\/8645"}],"wp:attachment":[{"href":"https:\/\/www.sellersunionagent.com\/pt\/wp-json\/wp\/v2\/media?parent=8641"}],"wp:term":[{"taxonomy":"product_brand","embeddable":true,"href":"https:\/\/www.sellersunionagent.com\/pt\/wp-json\/wp\/v2\/product_brand?post=8641"},{"taxonomy":"product_cat","embeddable":true,"href":"https:\/\/www.sellersunionagent.com\/pt\/wp-json\/wp\/v2\/product_cat?post=8641"},{"taxonomy":"product_tag","embeddable":true,"href":"https:\/\/www.sellersunionagent.com\/pt\/wp-json\/wp\/v2\/product_tag?post=8641"}],"curies":[{"name":"wp","href":"https:\/\/api.w.org\/{rel}","templated":true}]}}