{"id":8635,"date":"2022-07-04T09:41:53","date_gmt":"2022-07-04T01:41:53","guid":{"rendered":"https:\/\/sellersunionagent.com\/?post_type=product&#038;p=8635"},"modified":"2026-01-06T14:29:06","modified_gmt":"2026-01-06T06:29:06","slug":"bolsa-de-lanche-para-mulheres-homens-criancas-para-escola-ou-viagem-oem-e-odm","status":"publish","type":"product","link":"https:\/\/www.sellersunionagent.com\/pt\/lunch-bag-for-women-men-kids-for-school-or-travel-oem-and-odm\/","title":{"rendered":"Bolsa de almo\u00e7o para mulheres, homens, crian\u00e7as, para escola ou viagem OEM e ODM"},"content":{"rendered":"<h2>Bolsa de almo\u00e7o para mulheres, homens, crian\u00e7as, para escola ou viagem OEM e ODM<\/h2>\n<p>&nbsp;<\/p>\n<p>&nbsp;<\/p>\n<p>Essa lancheira foi feita com materiais de alta qualidade para que possa manter os alimentos quentes\/frios. O forro de papel alum\u00ednio \u00e9 um material isolante, seguro e ecologicamente correto. A lancheira oferece durabilidade duradoura nas atividades di\u00e1rias e \u00e9 f\u00e1cil de limpar.<\/p>\n<p>&nbsp;<\/p>\n<p>&nbsp;<\/p>\n<p>Oferecemos 5 capacidades diferentes para que voc\u00ea possa escolher a que mais lhe conv\u00e9m. Os detalhes s\u00e3o mostrados abaixo:<\/p>\n<p>Item A: L25*W16*H28cm(220G)<\/p>\n<p>Item B: L25*W15*H19cm (142G)<\/p>\n<p>Item C: L17*W17*H13,5cm (110G)<\/p>\n<p>Item D: L18*H22cm(158G)<\/p>\n<p>Item E: L22*W20*H16cm(174G)<\/p>\n<p>&nbsp;<\/p>\n<p>A lancheira compacta e bonita pode ser uma bolsa para mulheres, homens, adultos, meninos e meninas, e \u00e9 uma op\u00e7\u00e3o ideal de presente para o trabalho, a universidade e atividades ao ar livre.<\/p>\n<p>&nbsp;<\/p>\n<p>&nbsp;<\/p>\n<p>Tipo: Bolsa para lanche<\/p>\n<p>Item No.: JBWD308<\/p>\n<p>Tamanho e peso:<\/p>\n<p>Item A: L25*W16*H28cm(220G)<\/p>\n<p>Item B: L25*W15*H19cm (142G)<\/p>\n<p>Item C: L17*W17*H13,5cm (110G)<\/p>\n<p>Item D: L18*H22cm(158G)<\/p>\n<p>Item E: L22*W20*H16cm(174G)<\/p>\n<p>OEM\/ODM: aceito<\/p>\n<p><img fetchpriority=\"high\" decoding=\"async\" class=\"aligncenter wp-image-8720\" src=\"https:\/\/www.sellersunionagent.com\/wp-content\/uploads\/2022\/07\/lunch-bag-for-women-3.jpg\" alt=\"OEM\/ODM\" width=\"600\" height=\"600\" \/> <img decoding=\"async\" class=\"aligncenter wp-image-8721\" src=\"https:\/\/www.sellersunionagent.com\/wp-content\/uploads\/2022\/07\/lunch-bag-for-women-2.jpg\" alt=\"OEM\/ODM\" width=\"600\" height=\"600\" \/> <img decoding=\"async\" class=\"aligncenter wp-image-8722\" src=\"https:\/\/www.sellersunionagent.com\/wp-content\/uploads\/2022\/07\/lunch-bag-for-women-1.jpg\" alt=\"OEM\/ODM\" width=\"600\" height=\"600\" \/> <img loading=\"lazy\" decoding=\"async\" class=\"aligncenter wp-image-8723\" src=\"https:\/\/www.sellersunionagent.com\/wp-content\/uploads\/2022\/07\/lunch-bag-for-women.jpg\" alt=\"OEM\/ODM\" width=\"600\" height=\"600\" \/><img loading=\"lazy\" decoding=\"async\" class=\"aligncenter wp-image-8637\" src=\"https:\/\/www.sellersunionagent.com\/wp-content\/uploads\/2022\/07\/lunch-bag-for-women-men-3.jpg\" alt=\"OEM\/ODM\" width=\"600\" height=\"600\" \/><\/p>","protected":false},"excerpt":{"rendered":"<p><strong>MOQ<\/strong>: 500 ou Flex\u00edvel<\/p>\n<p><strong>Amostra gr\u00e1tis<\/strong>: Com suporte<\/p>\n<p><strong>Personaliza\u00e7\u00e3o<\/strong>: logotipo\/cor\/materiais\/embalagem<\/p>\n<p><strong>Desconto<\/strong>: 10% off em seu primeiro pedido<\/p>\n<p><strong>Taxa de entrega no prazo<\/strong>: 100%<\/p>\n<p><strong>Total de remessas<\/strong>: 106467 PCS<\/p>\n<p><strong>Remessa<\/strong>: Suporte expresso\/frete mar\u00edtimo\/frete terrestre<\/p>","protected":false},"featured_media":8639,"comment_status":"open","ping_status":"closed","template":"","meta":{"_acf_changed":false},"product_brand":[],"product_cat":[28],"product_tag":[41,167,93],"class_list":{"0":"post-8635","1":"product","2":"type-product","3":"status-publish","4":"has-post-thumbnail","6":"product_cat-lunch-bag","7":"product_tag-lunch-bag","8":"product_tag-odm-oem","9":"product_tag-storage","11":"first","12":"instock","13":"shipping-taxable","14":"purchasable","15":"product-type-simple","16":"swiper-slide"},"acf":[],"_links":{"self":[{"href":"https:\/\/www.sellersunionagent.com\/pt\/wp-json\/wp\/v2\/product\/8635","targetHints":{"allow":["GET"]}}],"collection":[{"href":"https:\/\/www.sellersunionagent.com\/pt\/wp-json\/wp\/v2\/product"}],"about":[{"href":"https:\/\/www.sellersunionagent.com\/pt\/wp-json\/wp\/v2\/types\/product"}],"replies":[{"embeddable":true,"href":"https:\/\/www.sellersunionagent.com\/pt\/wp-json\/wp\/v2\/comments?post=8635"}],"wp:featuredmedia":[{"embeddable":true,"href":"https:\/\/www.sellersunionagent.com\/pt\/wp-json\/wp\/v2\/media\/8639"}],"wp:attachment":[{"href":"https:\/\/www.sellersunionagent.com\/pt\/wp-json\/wp\/v2\/media?parent=8635"}],"wp:term":[{"taxonomy":"product_brand","embeddable":true,"href":"https:\/\/www.sellersunionagent.com\/pt\/wp-json\/wp\/v2\/product_brand?post=8635"},{"taxonomy":"product_cat","embeddable":true,"href":"https:\/\/www.sellersunionagent.com\/pt\/wp-json\/wp\/v2\/product_cat?post=8635"},{"taxonomy":"product_tag","embeddable":true,"href":"https:\/\/www.sellersunionagent.com\/pt\/wp-json\/wp\/v2\/product_tag?post=8635"}],"curies":[{"name":"wp","href":"https:\/\/api.w.org\/{rel}","templated":true}]}}