{"id":8629,"date":"2022-07-04T09:07:22","date_gmt":"2022-07-04T01:07:22","guid":{"rendered":"https:\/\/sellersunionagent.com\/?post_type=product&#038;p=8629"},"modified":"2022-07-11T09:38:14","modified_gmt":"2022-07-11T01:38:14","slug":"almoco-personalizado","status":"publish","type":"product","link":"https:\/\/www.sellersunionagent.com\/pt\/customized-lun\/","title":{"rendered":"Nova bolsa de almo\u00e7o personalizada com design de moda das f\u00e1bricas da China"},"content":{"rendered":"<h2>Nova bolsa de almo\u00e7o personalizada com design de moda das f\u00e1bricas da China<\/h2>\n<p>&nbsp;<\/p>\n<p>&nbsp;<\/p>\n<p>O peso total de cada lancheira \u00e9 de apenas 180g. Expanda ou dobre de acordo com as necessidades de tamanho, economizando seu espa\u00e7o. Al\u00e9m disso, ela \u00e9 resistente \u00e0 abras\u00e3o e \u00e0 prova d'\u00e1gua, o que facilita muito a limpeza.<\/p>\n<p>&nbsp;<\/p>\n<p>&nbsp;<\/p>\n<p>Voc\u00ea pode us\u00e1-la como bolsa de gelo, sacolas de almo\u00e7o, sacolas de artigos diversos ou sacolas de compras, pacotes de lanche para viagens longas, sacolas de conveni\u00eancia para nossos consumidores.<\/p>\n<p>&nbsp;<\/p>\n<p>&nbsp;<\/p>\n<p>O tamanho dessa lancheira \u00e9 27*24*17cm, que \u00e9 uma lancheira leve e quente com grande capacidade. H\u00e1 espa\u00e7o suficiente para acomodar todos os pratos que voc\u00ea deseja armazenar, como alimentos enlatados, frutas, garrafas de \u00e1gua e lanches. Essa lancheira pode conter a comida que voc\u00ea precisa durante todo o dia.<\/p>\n<p>&nbsp;<\/p>\n<p>&nbsp;<\/p>\n<p><img fetchpriority=\"high\" decoding=\"async\" class=\"aligncenter wp-image-8729\" src=\"https:\/\/www.sellersunionagent.com\/wp-content\/uploads\/2022\/07\/new-fashion-design-customized-lunch-bag.png\" alt=\"F\u00e1bricas na China\" width=\"600\" height=\"571\" \/><img decoding=\"async\" class=\"aligncenter wp-image-8728\" src=\"https:\/\/www.sellersunionagent.com\/wp-content\/uploads\/2022\/07\/new-fashion-design-customized-lunch-bag-1.png\" alt=\"F\u00e1bricas na China\" width=\"600\" height=\"600\" \/> <img decoding=\"async\" class=\"aligncenter wp-image-8727\" src=\"https:\/\/www.sellersunionagent.com\/wp-content\/uploads\/2022\/07\/new-fashion-design-customized-lunch-bag-2.png\" alt=\"F\u00e1bricas na China\" width=\"600\" height=\"603\" \/><img loading=\"lazy\" decoding=\"async\" class=\"aligncenter wp-image-8633\" src=\"https:\/\/www.sellersunionagent.com\/wp-content\/uploads\/2022\/07\/new-fashion-design-customized-lunch-bag-1.jpg\" alt=\"\" width=\"600\" height=\"600\" \/><\/p>","protected":false},"excerpt":{"rendered":"<p>Tipo: Bolsa para lanche<\/p>\n<p>Item No.: JBWD359<\/p>\n<p>Tamanho e peso: 27*24*17cm e 180g;<\/p>\n<p>OEM\/ODM: aceito<\/p>","protected":false},"featured_media":8848,"comment_status":"open","ping_status":"closed","template":"","meta":{"_acf_changed":false},"product_brand":[],"product_cat":[28],"product_tag":[165,166,41,163,92,93],"class_list":{"0":"post-8629","1":"product","2":"type-product","3":"status-publish","4":"has-post-thumbnail","6":"product_cat-lunch-bag","7":"product_tag-export","8":"product_tag-import","9":"product_tag-lunch-bag","10":"product_tag-meal","11":"product_tag-retail","12":"product_tag-storage","14":"first","15":"instock","16":"shipping-taxable","17":"product-type-simple","18":"swiper-slide"},"acf":[],"_links":{"self":[{"href":"https:\/\/www.sellersunionagent.com\/pt\/wp-json\/wp\/v2\/product\/8629","targetHints":{"allow":["GET"]}}],"collection":[{"href":"https:\/\/www.sellersunionagent.com\/pt\/wp-json\/wp\/v2\/product"}],"about":[{"href":"https:\/\/www.sellersunionagent.com\/pt\/wp-json\/wp\/v2\/types\/product"}],"replies":[{"embeddable":true,"href":"https:\/\/www.sellersunionagent.com\/pt\/wp-json\/wp\/v2\/comments?post=8629"}],"wp:featuredmedia":[{"embeddable":true,"href":"https:\/\/www.sellersunionagent.com\/pt\/wp-json\/wp\/v2\/media\/8848"}],"wp:attachment":[{"href":"https:\/\/www.sellersunionagent.com\/pt\/wp-json\/wp\/v2\/media?parent=8629"}],"wp:term":[{"taxonomy":"product_brand","embeddable":true,"href":"https:\/\/www.sellersunionagent.com\/pt\/wp-json\/wp\/v2\/product_brand?post=8629"},{"taxonomy":"product_cat","embeddable":true,"href":"https:\/\/www.sellersunionagent.com\/pt\/wp-json\/wp\/v2\/product_cat?post=8629"},{"taxonomy":"product_tag","embeddable":true,"href":"https:\/\/www.sellersunionagent.com\/pt\/wp-json\/wp\/v2\/product_tag?post=8629"}],"curies":[{"name":"wp","href":"https:\/\/api.w.org\/{rel}","templated":true}]}}