{"id":8618,"date":"2022-07-03T16:39:02","date_gmt":"2022-07-03T08:39:02","guid":{"rendered":"https:\/\/sellersunionagent.com\/?post_type=product&#038;p=8618"},"modified":"2022-07-03T16:39:02","modified_gmt":"2022-07-03T08:39:02","slug":"bolsa-de-armazenamento-multifuncional-organizadora-do-encosto-do-assento-do-carro","status":"publish","type":"product","link":"https:\/\/www.sellersunionagent.com\/pt\/car-seat-back-organizer-multifunctional-storage-bag\/","title":{"rendered":"Organizador de encosto de assento de carro Bolsa de armazenamento multifuncional"},"content":{"rendered":"<h2>Organizador de encosto de assento de carro Bolsa de armazenamento multifuncional<\/h2>\n<p>PROJETO CONVENIENTE PARA PENDURAR: o organizador fica pendurado sobre o assento e n\u00e3o ocupa espa\u00e7o no piso do porta-malas como um organizador de caixa. Ele ajuda a manter o valioso espa\u00e7o livre no piso para itens maiores, como malas e carrinhos de beb\u00ea. A bolsa \u00e9 dobr\u00e1vel, projetada com uma al\u00e7a acolchoada e uma al\u00e7a de ombro remov\u00edvel, a bolsa de armazenamento n\u00e3o s\u00f3 no carro, mas tamb\u00e9m em acampamentos ao ar livre.<\/p>\n<p>&nbsp;<\/p>\n<p>GRANDE ESPA\u00c7O DE ARMAZENAMENTO: com dimens\u00f5es de 27*11*25 cm, o tamanho grande oferece grande espa\u00e7o de armazenamento.<\/p>\n<p>&nbsp;<\/p>\n<p>TECIDO DUR\u00c1VEL: \u00e9 usado poli\u00e9ster premium, com costura refor\u00e7ada que proporciona resist\u00eancia e durabilidade suficientes.<\/p>\n<p><img fetchpriority=\"high\" decoding=\"async\" class=\"aligncenter wp-image-8628\" src=\"https:\/\/www.sellersunionagent.com\/wp-content\/uploads\/2022\/07\/car-seat-back-organizer.jpg\" alt=\"Bolsa de armazenamento multifuncional\" width=\"600\" height=\"497\" \/> <img decoding=\"async\" class=\"aligncenter wp-image-8627\" src=\"https:\/\/www.sellersunionagent.com\/wp-content\/uploads\/2022\/07\/car-seat-back-organizer-1.jpg\" alt=\"Bolsa de armazenamento multifuncional\" width=\"600\" height=\"600\" \/> <img decoding=\"async\" class=\"aligncenter wp-image-8626\" src=\"https:\/\/www.sellersunionagent.com\/wp-content\/uploads\/2022\/07\/car-seat-back-organizer-2.jpg\" alt=\"Bolsa de armazenamento multifuncional\" width=\"600\" height=\"600\" \/> <img loading=\"lazy\" decoding=\"async\" class=\"aligncenter wp-image-8624\" src=\"https:\/\/www.sellersunionagent.com\/wp-content\/uploads\/2022\/07\/car-seat-back-organizer-3.jpg\" alt=\"Bolsa de armazenamento multifuncional\" width=\"600\" height=\"600\" \/> \u00a0<img loading=\"lazy\" decoding=\"async\" class=\"aligncenter wp-image-8622\" src=\"https:\/\/www.sellersunionagent.com\/wp-content\/uploads\/2022\/07\/car-seat-back-organizer-5.png\" alt=\"Bolsa de armazenamento multifuncional\" width=\"600\" height=\"578\" \/> <img loading=\"lazy\" decoding=\"async\" class=\"aligncenter wp-image-8621\" src=\"https:\/\/www.sellersunionagent.com\/wp-content\/uploads\/2022\/07\/car-seat-back-organizer-6.jpg\" alt=\"Bolsa de armazenamento multifuncional\" width=\"600\" height=\"600\" \/> <img loading=\"lazy\" decoding=\"async\" class=\"aligncenter wp-image-8620\" src=\"https:\/\/www.sellersunionagent.com\/wp-content\/uploads\/2022\/07\/car-seat-back-organizer-7.png\" alt=\"Bolsa de armazenamento multifuncional\" width=\"600\" height=\"600\" \/><\/p>","protected":false},"excerpt":{"rendered":"<p><strong>Tipo<\/strong>: Bolsa de armazenamento multifuncional\/saco de almo\u00e7o<\/p>\n<p><strong>N\u00famero do item:<\/strong> JBWN377<\/p>\n<p><strong>Tamanho do item<\/strong>: 27*11*25cm<\/p>\n<p><strong>Cores<\/strong>: Cinza\/preto\/verde\/vermelho\/azul escuro<\/p>\n<p><strong>Material:<\/strong>\u00a0poli\u00e9ster<span class=\"\">\u00a0+<\/span>\u00a0folha de alum\u00ednio<\/p>\n<p>Como um fornecedor atacadista com mais de 20 anos de experi\u00eancia, temos o compromisso de fornecer produtos de armazenamento de alta qualidade a pre\u00e7os competitivos. Exportamos produtos modernos, de alta qualidade, multifuncionais e com bom pre\u00e7o, oferecemos suporte \u00e0 personaliza\u00e7\u00e3o OEM e ODM e fornecemos a voc\u00ea um servi\u00e7o profissional completo.<\/p>","protected":false},"featured_media":8619,"comment_status":"open","ping_status":"closed","template":"","meta":{"_acf_changed":false},"product_brand":[],"product_cat":[28],"product_tag":[59,162],"class_list":{"0":"post-8618","1":"product","2":"type-product","3":"status-publish","4":"has-post-thumbnail","6":"product_cat-lunch-bag","7":"product_tag-multifunctional","8":"product_tag-with-large-pockets","10":"first","11":"instock","12":"shipping-taxable","13":"product-type-simple","14":"swiper-slide"},"acf":[],"_links":{"self":[{"href":"https:\/\/www.sellersunionagent.com\/pt\/wp-json\/wp\/v2\/product\/8618","targetHints":{"allow":["GET"]}}],"collection":[{"href":"https:\/\/www.sellersunionagent.com\/pt\/wp-json\/wp\/v2\/product"}],"about":[{"href":"https:\/\/www.sellersunionagent.com\/pt\/wp-json\/wp\/v2\/types\/product"}],"replies":[{"embeddable":true,"href":"https:\/\/www.sellersunionagent.com\/pt\/wp-json\/wp\/v2\/comments?post=8618"}],"wp:featuredmedia":[{"embeddable":true,"href":"https:\/\/www.sellersunionagent.com\/pt\/wp-json\/wp\/v2\/media\/8619"}],"wp:attachment":[{"href":"https:\/\/www.sellersunionagent.com\/pt\/wp-json\/wp\/v2\/media?parent=8618"}],"wp:term":[{"taxonomy":"product_brand","embeddable":true,"href":"https:\/\/www.sellersunionagent.com\/pt\/wp-json\/wp\/v2\/product_brand?post=8618"},{"taxonomy":"product_cat","embeddable":true,"href":"https:\/\/www.sellersunionagent.com\/pt\/wp-json\/wp\/v2\/product_cat?post=8618"},{"taxonomy":"product_tag","embeddable":true,"href":"https:\/\/www.sellersunionagent.com\/pt\/wp-json\/wp\/v2\/product_tag?post=8618"}],"curies":[{"name":"wp","href":"https:\/\/api.w.org\/{rel}","templated":true}]}}