{"id":8606,"date":"2022-07-03T16:20:26","date_gmt":"2022-07-03T08:20:26","guid":{"rendered":"https:\/\/sellersunionagent.com\/?post_type=product&#038;p=8606"},"modified":"2026-01-06T14:29:07","modified_gmt":"2026-01-06T06:29:07","slug":"venda-quente-de-lancheiras-isoladas-para-mulheres-com-desenhos-animados","status":"publish","type":"product","link":"https:\/\/www.sellersunionagent.com\/pt\/hot-selling-cartoon-women-insulated-lunch-bag\/","title":{"rendered":"Bolsa de almo\u00e7o isolada para mulheres com desenhos animados"},"content":{"rendered":"<h2>Bolsa de almo\u00e7o isolada para mulheres com desenhos animados<\/h2>\n<p>&nbsp;<\/p>\n<p>Apar\u00eancia atraente: Dispon\u00edvel em v\u00e1rias cores, \u00e9 leve e tem um padr\u00e3o v\u00edvido.<\/p>\n<p>&nbsp;<\/p>\n<p>&nbsp;<\/p>\n<p>Mant\u00e9m os alimentos quentes e frescos: Esse item \u00e9 proveniente de f\u00e1bricas cooperativas estritamente selecionadas conosco. O revestimento interno foi feito de folha de alum\u00ednio para alimentos e acolchoado com espuma EPE de 5 mm para oferecer grande resist\u00eancia t\u00e9rmica e f\u00e1cil limpeza. O revestimento isolado pode manter os alimentos e as bebidas quentes e frescos por horas e evitar que o l\u00edquido saia do recipiente. Tamb\u00e9m \u00e9 \u00f3timo para manter a temperatura de uma bolsa de gelo ou de uma bebida gelada no carro ou na academia.<\/p>\n<p>&nbsp;<\/p>\n<p>&nbsp;<\/p>\n<p>Grande capacidade: A bolsa tem um tamanho conveniente para embalar seus alimentos para a escola, trabalho e viagens. Sua capacidade \u00e9 espa\u00e7osa o suficiente para acomodar perfeitamente seu almo\u00e7o, como refei\u00e7\u00f5es, guloseimas, lanches e petiscos<\/p>\n<p>&nbsp;<\/p>\n<p>&nbsp;<\/p>\n<p>F\u00e1cil de transportar: Nossa moderna bolsa de m\u00e3o para almo\u00e7o tem al\u00e7as dur\u00e1veis e z\u00edperes suaves e atualizados que s\u00e3o muito f\u00e1ceis de abrir e fechar.<\/p>\n<p>&nbsp;<\/p>\n<p><strong>Tipo<\/strong>: Bolsa para lanche<\/p>\n<p><strong>N\u00famero do item:<\/strong> WN361-1<\/p>\n<p><strong>Tamanho do item<\/strong>: 18*14*18cm<\/p>\n<p><strong>Cores<\/strong>: Rosa\/ vermelho\/ amarelo\/ cinza\/ azul celeste\/ preto<\/p>\n<p><strong>Material: <\/strong><span style=\"font-family: -apple-system, BlinkMacSystemFont, 'Segoe UI', Roboto, 'Helvetica Neue', Arial, 'Noto Sans', sans-serif, 'Apple Color Emoji', 'Segoe UI Emoji', 'Segoe UI Symbol', 'Noto Color Emoji'; font-size: 1rem;\">Tecido cati\u00f4nico+<\/span><span style=\"font-family: -apple-system, BlinkMacSystemFont, 'Segoe UI', Roboto, 'Helvetica Neue', Arial, 'Noto Sans', sans-serif, 'Apple Color Emoji', 'Segoe UI Emoji', 'Segoe UI Symbol', 'Noto Color Emoji'; font-size: 1rem;\">algod\u00e3o p\u00e9rola +peva<\/span><\/p>\n<p><img fetchpriority=\"high\" decoding=\"async\" class=\"aligncenter wp-image-8612\" src=\"https:\/\/www.sellersunionagent.com\/wp-content\/uploads\/2022\/07\/cartoon-women-insulated-lunch-bag-1.jpg\" alt=\"Venda quente\" width=\"600\" height=\"600\" \/><\/p>\n<p><img decoding=\"async\" class=\"aligncenter wp-image-8608\" src=\"https:\/\/www.sellersunionagent.com\/wp-content\/uploads\/2022\/07\/cartoon-women-insulated-lunch-bag-5.png\" alt=\"Venda quente\" width=\"600\" height=\"600\" \/><\/p>\n<p><img decoding=\"async\" class=\"aligncenter wp-image-8609\" src=\"https:\/\/www.sellersunionagent.com\/wp-content\/uploads\/2022\/07\/cartoon-women-insulated-lunch-bag-4.jpg\" alt=\"Venda quente\" width=\"600\" height=\"600\" \/><\/p>\n<p><img loading=\"lazy\" decoding=\"async\" class=\"aligncenter wp-image-8610\" src=\"https:\/\/www.sellersunionagent.com\/wp-content\/uploads\/2022\/07\/cartoon-women-insulated-lunch-bag-3.jpg\" alt=\"Venda quente\" width=\"600\" height=\"600\" \/><\/p>\n<p><img loading=\"lazy\" decoding=\"async\" class=\"aligncenter wp-image-8607\" src=\"https:\/\/www.sellersunionagent.com\/wp-content\/uploads\/2022\/07\/cartoon-women-insulated-lunch-bag-6.png\" alt=\"Venda quente\" width=\"600\" height=\"600\" \/> <img loading=\"lazy\" decoding=\"async\" class=\"aligncenter wp-image-8617\" src=\"https:\/\/www.sellersunionagent.com\/wp-content\/uploads\/2022\/07\/cartoon-women-insulated-lunch-bag-11.jpg\" alt=\"Venda quente\" width=\"600\" height=\"600\" \/><\/p>","protected":false},"excerpt":{"rendered":"<p><strong>MOQ<\/strong>: 500 ou Flex\u00edvel<\/p>\n<p><strong>Amostra gr\u00e1tis<\/strong>: Com suporte<\/p>\n<p><strong>Personaliza\u00e7\u00e3o<\/strong>: logotipo\/cor\/materiais\/embalagem<\/p>\n<p><strong>Desconto<\/strong>: 10% off em seu primeiro pedido<\/p>\n<p><strong>Taxa de entrega no prazo<\/strong>: 100%<\/p>\n<p><strong>Total de remessas<\/strong>: 106876 PCS<\/p>\n<p><strong>Remessa<\/strong>: Suporte expresso\/frete mar\u00edtimo\/frete terrestre<\/p>\n<p>&nbsp;<\/p>\n<p>&nbsp;<\/p>\n<p>Como um fornecedor de lancheiras de venda quente na China, temos mais de 20 anos de experi\u00eancia e estamos comprometidos em fornecer produtos de armazenamento de alta qualidade a pre\u00e7os competitivos. Exportamos produtos da moda, de alta qualidade e bom pre\u00e7o, oferecemos suporte \u00e0 personaliza\u00e7\u00e3o OEM e ODM e fornecemos a voc\u00ea um servi\u00e7o profissional completo.<\/p>","protected":false},"featured_media":8614,"comment_status":"open","ping_status":"closed","template":"","meta":{"_acf_changed":false},"product_brand":[],"product_cat":[28],"product_tag":[55,44,161],"class_list":{"0":"post-8606","1":"product","2":"type-product","3":"status-publish","4":"has-post-thumbnail","6":"product_cat-lunch-bag","7":"product_tag-easy-to-carry","8":"product_tag-hot-selling","9":"product_tag-keep-food-warm-and-fresh","11":"first","12":"instock","13":"shipping-taxable","14":"purchasable","15":"product-type-simple","16":"swiper-slide"},"acf":[],"_links":{"self":[{"href":"https:\/\/www.sellersunionagent.com\/pt\/wp-json\/wp\/v2\/product\/8606","targetHints":{"allow":["GET"]}}],"collection":[{"href":"https:\/\/www.sellersunionagent.com\/pt\/wp-json\/wp\/v2\/product"}],"about":[{"href":"https:\/\/www.sellersunionagent.com\/pt\/wp-json\/wp\/v2\/types\/product"}],"replies":[{"embeddable":true,"href":"https:\/\/www.sellersunionagent.com\/pt\/wp-json\/wp\/v2\/comments?post=8606"}],"wp:featuredmedia":[{"embeddable":true,"href":"https:\/\/www.sellersunionagent.com\/pt\/wp-json\/wp\/v2\/media\/8614"}],"wp:attachment":[{"href":"https:\/\/www.sellersunionagent.com\/pt\/wp-json\/wp\/v2\/media?parent=8606"}],"wp:term":[{"taxonomy":"product_brand","embeddable":true,"href":"https:\/\/www.sellersunionagent.com\/pt\/wp-json\/wp\/v2\/product_brand?post=8606"},{"taxonomy":"product_cat","embeddable":true,"href":"https:\/\/www.sellersunionagent.com\/pt\/wp-json\/wp\/v2\/product_cat?post=8606"},{"taxonomy":"product_tag","embeddable":true,"href":"https:\/\/www.sellersunionagent.com\/pt\/wp-json\/wp\/v2\/product_tag?post=8606"}],"curies":[{"name":"wp","href":"https:\/\/api.w.org\/{rel}","templated":true}]}}