{"id":8597,"date":"2022-07-03T15:52:36","date_gmt":"2022-07-03T07:52:36","guid":{"rendered":"https:\/\/sellersunionagent.com\/?post_type=product&#038;p=8597"},"modified":"2022-07-03T15:52:36","modified_gmt":"2022-07-03T07:52:36","slug":"lancheira-isolada-para-criancas-portatil-reutilizavel-de-grande-capacidade","status":"publish","type":"product","link":"https:\/\/www.sellersunionagent.com\/pt\/kids-insulated-lunch-bag-portable-reusable-large-capacity\/","title":{"rendered":"Bolsa de almo\u00e7o isolada para crian\u00e7as - port\u00e1til, reutiliz\u00e1vel e de grande capacidade"},"content":{"rendered":"<h2>Bolsa de almo\u00e7o isolada para crian\u00e7as - port\u00e1til, reutiliz\u00e1vel e de grande capacidade<\/h2>\n<p>Material seguro e de f\u00e1cil limpeza: Esse item foi atualizado para usar poli\u00e9ster espesso. A folha de alum\u00ednio do forro \u00e9 um material isolante seguro, que pode manter alimentos ou bebidas frescos, frios ou quentes. Voc\u00ea pode desfrutar de uma refei\u00e7\u00e3o com sabor perfeito onde quer que esteja. Se houver derramamento de bebidas no interior, basta limpar com um pano \u00famido.<\/p>\n<p>&nbsp;<\/p>\n<p>Multifuncional: Essa elegante lancheira com grande capacidade tem personalidade simples e moderna e pode ser usada em v\u00e1rias aplica\u00e7\u00f5es, como para alimentos, lanches, drinques e bebidas. Ela pode ser usada no trabalho, na praia, na piscina, em um piquenique, no parque e at\u00e9 mesmo ao visitar seus amigos queridos.<\/p>\n<p>&nbsp;<\/p>\n<p>Outros detalhes: Z\u00edper bidirecional, design de bolso frontal e aceita personaliza\u00e7\u00e3o de logotipo.<\/p>\n<p><img fetchpriority=\"high\" decoding=\"async\" class=\"aligncenter wp-image-8598\" src=\"https:\/\/www.sellersunionagent.com\/wp-content\/uploads\/2022\/07\/kids-insulated-lunch-bag-7.jpg\" alt=\"Bolsa de almo\u00e7o isolada\" width=\"600\" height=\"600\" \/><img decoding=\"async\" class=\"aligncenter wp-image-8600\" src=\"https:\/\/www.sellersunionagent.com\/wp-content\/uploads\/2022\/07\/kids-insulated-lunch-bag-5.jpg\" alt=\"Bolsa de almo\u00e7o isolada\" width=\"600\" height=\"600\" \/><img decoding=\"async\" class=\"aligncenter wp-image-8604\" src=\"https:\/\/www.sellersunionagent.com\/wp-content\/uploads\/2022\/07\/kids-insulated-lunch-bag-1.png\" alt=\"Bolsa de almo\u00e7o isolada\" width=\"600\" height=\"600\" \/> <img loading=\"lazy\" decoding=\"async\" class=\"aligncenter wp-image-8599\" src=\"https:\/\/www.sellersunionagent.com\/wp-content\/uploads\/2022\/07\/kids-insulated-lunch-bag-6.jpg\" alt=\"Bolsa de almo\u00e7o isolada\" width=\"600\" height=\"600\" \/> \u00a0<img loading=\"lazy\" decoding=\"async\" class=\"aligncenter wp-image-8601\" src=\"https:\/\/www.sellersunionagent.com\/wp-content\/uploads\/2022\/07\/kids-insulated-lunch-bag-4.jpg\" alt=\"Bolsa de almo\u00e7o isolada\" width=\"600\" height=\"600\" \/> <img loading=\"lazy\" decoding=\"async\" class=\"aligncenter wp-image-8602\" src=\"https:\/\/www.sellersunionagent.com\/wp-content\/uploads\/2022\/07\/kids-insulated-lunch-bag-3.png\" alt=\"Bolsa de almo\u00e7o isolada\" width=\"600\" height=\"600\" \/> <img loading=\"lazy\" decoding=\"async\" class=\"aligncenter wp-image-8603\" src=\"https:\/\/www.sellersunionagent.com\/wp-content\/uploads\/2022\/07\/kids-insulated-lunch-bag-2.png\" alt=\"Bolsa de almo\u00e7o isolada\" width=\"600\" height=\"600\" \/><\/p>","protected":false},"excerpt":{"rendered":"<p><strong>Tipo<\/strong>: Bolsa para lanche<\/p>\n<p><strong>N\u00famero do item:<\/strong> JBWN361<\/p>\n<p><strong>Tamanho do item<\/strong>: 19*14*18cm<\/p>\n<p><strong>Cores<\/strong>: Cinza\/azul\/roxo<\/p>\n<p><strong>Material:<\/strong> poli\u00e9ster<span class=\"\">\u00a0+<\/span>\u00a0folha de alum\u00ednio<\/p>\n<p>&nbsp;<\/p>\n<p>&nbsp;<\/p>\n<p>&nbsp;<\/p>\n<p>Como um fornecedor atacadista com mais de 20 anos de experi\u00eancia, temos o compromisso de fornecer produtos de armazenamento de alta qualidade a pre\u00e7os competitivos. Exportamos produtos da moda, de alta qualidade e bom pre\u00e7o, oferecemos suporte \u00e0 personaliza\u00e7\u00e3o OEM e ODM e fornecemos a voc\u00ea um servi\u00e7o profissional completo.<\/p>","protected":false},"featured_media":8605,"comment_status":"open","ping_status":"closed","template":"","meta":{"_acf_changed":false},"product_brand":[],"product_cat":[28],"product_tag":[48,60,160],"class_list":{"0":"post-8597","1":"product","2":"type-product","3":"status-publish","4":"has-post-thumbnail","6":"product_cat-lunch-bag","7":"product_tag-large-capacity","8":"product_tag-portable","9":"product_tag-reusable","11":"first","12":"instock","13":"shipping-taxable","14":"product-type-simple","15":"swiper-slide"},"acf":[],"_links":{"self":[{"href":"https:\/\/www.sellersunionagent.com\/pt\/wp-json\/wp\/v2\/product\/8597","targetHints":{"allow":["GET"]}}],"collection":[{"href":"https:\/\/www.sellersunionagent.com\/pt\/wp-json\/wp\/v2\/product"}],"about":[{"href":"https:\/\/www.sellersunionagent.com\/pt\/wp-json\/wp\/v2\/types\/product"}],"replies":[{"embeddable":true,"href":"https:\/\/www.sellersunionagent.com\/pt\/wp-json\/wp\/v2\/comments?post=8597"}],"wp:featuredmedia":[{"embeddable":true,"href":"https:\/\/www.sellersunionagent.com\/pt\/wp-json\/wp\/v2\/media\/8605"}],"wp:attachment":[{"href":"https:\/\/www.sellersunionagent.com\/pt\/wp-json\/wp\/v2\/media?parent=8597"}],"wp:term":[{"taxonomy":"product_brand","embeddable":true,"href":"https:\/\/www.sellersunionagent.com\/pt\/wp-json\/wp\/v2\/product_brand?post=8597"},{"taxonomy":"product_cat","embeddable":true,"href":"https:\/\/www.sellersunionagent.com\/pt\/wp-json\/wp\/v2\/product_cat?post=8597"},{"taxonomy":"product_tag","embeddable":true,"href":"https:\/\/www.sellersunionagent.com\/pt\/wp-json\/wp\/v2\/product_tag?post=8597"}],"curies":[{"name":"wp","href":"https:\/\/api.w.org\/{rel}","templated":true}]}}