{"id":8586,"date":"2022-07-03T15:31:14","date_gmt":"2022-07-03T07:31:14","guid":{"rendered":"https:\/\/sellersunionagent.com\/?post_type=product&#038;p=8586"},"modified":"2022-07-03T15:31:15","modified_gmt":"2022-07-03T07:31:15","slug":"lancheira-de-isolamento-impressa-na-moda-por-atacado","status":"publish","type":"product","link":"https:\/\/www.sellersunionagent.com\/pt\/wholesale-fashionable-printed-insulation-lunch-bag\/","title":{"rendered":"Saco de lanche com isolamento t\u00e9rmico impresso na moda no atacado"},"content":{"rendered":"<h2>Saco de lanche com isolamento t\u00e9rmico impresso na moda no atacado<\/h2>\n<p>Mant\u00e9m os alimentos quentes e frescos: Esse item \u00e9 proveniente de f\u00e1bricas cooperativas estritamente selecionadas conosco. O revestimento interno foi feito de folha de alum\u00ednio para alimentos e acolchoado com espuma EPE de 5 mm para oferecer grande resist\u00eancia t\u00e9rmica e f\u00e1cil limpeza. O revestimento isolado pode manter os alimentos e as bebidas quentes e frescos por horas e evitar que o l\u00edquido saia do recipiente. Tamb\u00e9m \u00e9 \u00f3timo para manter a temperatura de uma bolsa de gelo ou de uma bebida gelada no carro ou na academia.<\/p>\n<p>&nbsp;<\/p>\n<p>Grande capacidade: A bolsa tem um tamanho conveniente para levar sua comida para a escola, trabalho e viagens. Sua capacidade \u00e9 de 9L, o suficiente para armazenar 9 latas de Coca-Cola (330 ml), 8 garrafas de cerveja ou 3 caixas de refei\u00e7\u00e3o com algumas frutas e lanches.<\/p>\n<p>&nbsp;<\/p>\n<p>Dobr\u00e1vel e port\u00e1til: Design aberto com z\u00edperes duplos para facilitar o acesso e essa lancheira isolada pode ser transportada t\u00e3o facilmente quanto um livro quando dobrada. Apar\u00eancia cl\u00e1ssica e simples, com uma al\u00e7a acolchoada e uma al\u00e7a de ombro destac\u00e1vel e ajust\u00e1vel que pode ser carregada em dois modos: bolsa de ombro e bolsa de m\u00e3o.<img fetchpriority=\"high\" decoding=\"async\" class=\"aligncenter wp-image-8587\" src=\"https:\/\/www.sellersunionagent.com\/wp-content\/uploads\/2022\/07\/fashionable-printed-insulation-lunch-bag-9.png\" alt=\"Atacado\" width=\"600\" height=\"600\" \/> <img decoding=\"async\" class=\"aligncenter wp-image-8588\" src=\"https:\/\/www.sellersunionagent.com\/wp-content\/uploads\/2022\/07\/fashionable-printed-insulation-lunch-bag-8.jpg\" alt=\"Atacado\" width=\"600\" height=\"600\" \/> \u00a0<img decoding=\"async\" class=\"aligncenter wp-image-8590\" src=\"https:\/\/www.sellersunionagent.com\/wp-content\/uploads\/2022\/07\/fashionable-printed-insulation-lunch-bag-6.jpg\" alt=\"Atacado\" width=\"600\" height=\"600\" \/> <img loading=\"lazy\" decoding=\"async\" class=\"aligncenter wp-image-8591\" src=\"https:\/\/www.sellersunionagent.com\/wp-content\/uploads\/2022\/07\/fashionable-printed-insulation-lunch-bag-5.jpg\" alt=\"Atacado\" width=\"600\" height=\"600\" \/> <img loading=\"lazy\" decoding=\"async\" class=\"aligncenter wp-image-8592\" src=\"https:\/\/www.sellersunionagent.com\/wp-content\/uploads\/2022\/07\/fashionable-printed-insulation-lunch-bag-4.jpg\" alt=\"Atacado\" width=\"600\" height=\"600\" \/> <img loading=\"lazy\" decoding=\"async\" class=\"aligncenter wp-image-8593\" src=\"https:\/\/www.sellersunionagent.com\/wp-content\/uploads\/2022\/07\/fashionable-printed-insulation-lunch-bag-3.png\" alt=\"Atacado\" width=\"600\" height=\"600\" \/> <img loading=\"lazy\" decoding=\"async\" class=\"aligncenter wp-image-8594\" src=\"https:\/\/www.sellersunionagent.com\/wp-content\/uploads\/2022\/07\/fashionable-printed-insulation-lunch-bag-2.png\" alt=\"Atacado\" width=\"600\" height=\"600\" \/> <img loading=\"lazy\" decoding=\"async\" class=\"aligncenter wp-image-8595\" src=\"https:\/\/www.sellersunionagent.com\/wp-content\/uploads\/2022\/07\/fashionable-printed-insulation-lunch-bag-1.png\" alt=\"Atacado\" width=\"600\" height=\"600\" \/> <img loading=\"lazy\" decoding=\"async\" class=\"aligncenter wp-image-8596\" src=\"https:\/\/www.sellersunionagent.com\/wp-content\/uploads\/2022\/07\/fashionable-printed-insulation-lunch-bag.png\" alt=\"Atacado\" width=\"600\" height=\"600\" \/><\/p>","protected":false},"excerpt":{"rendered":"<p><strong>Tipo<\/strong>: Bolsa para lanche<\/p>\n<p><strong>N\u00famero do item:<\/strong> JBWN358<\/p>\n<p><strong>Tamanho do item<\/strong>: 18*18*25cm<\/p>\n<p><strong>Cores<\/strong>: Cabine telef\u00f4nica \/ Flamingo \/ Urso \/ Bicicleta \/ Edif\u00edcio de desenho animado<\/p>\n<p><strong>Material:\u00a0<\/strong><span id=\"w_199\" class=\"\">Oxford\u00a0<\/span><span id=\"w_200\" class=\"\">tecido\u00a0<\/span><\/p>\n<p>&nbsp;<\/p>\n<p>&nbsp;<\/p>\n<p>Como um fornecedor atacadista com mais de 20 anos de experi\u00eancia, temos o compromisso de fornecer produtos de armazenamento de alta qualidade a pre\u00e7os competitivos. Exportamos produtos da moda, de alta qualidade e bom pre\u00e7o, oferecemos suporte \u00e0 personaliza\u00e7\u00e3o OEM e ODM e fornecemos a voc\u00ea um servi\u00e7o profissional completo.<\/p>","protected":false},"featured_media":8589,"comment_status":"open","ping_status":"closed","template":"","meta":{"_acf_changed":false},"product_brand":[],"product_cat":[28],"product_tag":[159,50],"class_list":{"0":"post-8586","1":"product","2":"type-product","3":"status-publish","4":"has-post-thumbnail","6":"product_cat-lunch-bag","7":"product_tag-insulation-lunch-bag","8":"product_tag-wholesale","10":"first","11":"instock","12":"shipping-taxable","13":"product-type-simple","14":"swiper-slide"},"acf":[],"_links":{"self":[{"href":"https:\/\/www.sellersunionagent.com\/pt\/wp-json\/wp\/v2\/product\/8586","targetHints":{"allow":["GET"]}}],"collection":[{"href":"https:\/\/www.sellersunionagent.com\/pt\/wp-json\/wp\/v2\/product"}],"about":[{"href":"https:\/\/www.sellersunionagent.com\/pt\/wp-json\/wp\/v2\/types\/product"}],"replies":[{"embeddable":true,"href":"https:\/\/www.sellersunionagent.com\/pt\/wp-json\/wp\/v2\/comments?post=8586"}],"wp:featuredmedia":[{"embeddable":true,"href":"https:\/\/www.sellersunionagent.com\/pt\/wp-json\/wp\/v2\/media\/8589"}],"wp:attachment":[{"href":"https:\/\/www.sellersunionagent.com\/pt\/wp-json\/wp\/v2\/media?parent=8586"}],"wp:term":[{"taxonomy":"product_brand","embeddable":true,"href":"https:\/\/www.sellersunionagent.com\/pt\/wp-json\/wp\/v2\/product_brand?post=8586"},{"taxonomy":"product_cat","embeddable":true,"href":"https:\/\/www.sellersunionagent.com\/pt\/wp-json\/wp\/v2\/product_cat?post=8586"},{"taxonomy":"product_tag","embeddable":true,"href":"https:\/\/www.sellersunionagent.com\/pt\/wp-json\/wp\/v2\/product_tag?post=8586"}],"curies":[{"name":"wp","href":"https:\/\/api.w.org\/{rel}","templated":true}]}}