{"id":8572,"date":"2022-07-03T14:52:42","date_gmt":"2022-07-03T06:52:42","guid":{"rendered":"https:\/\/sellersunionagent.com\/?post_type=product&#038;p=8572"},"modified":"2026-01-06T14:29:08","modified_gmt":"2026-01-06T06:29:08","slug":"custom-economical-canvas-grocery-shopping-bag-suitable-for-advertising-diy-promotion-gift-giveaway","status":"publish","type":"product","link":"https:\/\/www.sellersunionagent.com\/pt\/custom-economical-canvas-grocery-shopping-bag-suitable-for-advertising-diy-promotion-gift-giveaway\/","title":{"rendered":"Sacola de compras de lona econ\u00f4mica personalizada Adequada para publicidade, bricolagem, promo\u00e7\u00e3o, presente, brinde"},"content":{"rendered":"<h2>Sacola de compras de lona econ\u00f4mica personalizada Adequada para publicidade, bricolagem, promo\u00e7\u00e3o, presente, brinde<\/h2>\n<p><strong>Tipo<\/strong>: Sacola de compras<\/p>\n<p><strong>N\u00famero do item:<\/strong> YG003<\/p>\n<p><strong>Tamanho do item<\/strong>: 40*35*25cm<\/p>\n<p><strong>Cores<\/strong>: Branco<\/p>\n<p><strong>Material:\u00a0<\/strong>algod\u00e3o poli\u00e9ster<\/p>\n<p>&nbsp;<\/p>\n<p>&nbsp;<\/p>\n<ul>\n<li>Personalize qualquer estilo \/ cor \/ padr\u00e3o<\/li>\n<li>Boa capacidade de carga, al\u00e7a refor\u00e7ada<\/li>\n<li>Tecido fino, boa textura<\/li>\n<li>Alta capacidade<\/li>\n<li><img fetchpriority=\"high\" decoding=\"async\" class=\"aligncenter wp-image-8573\" src=\"https:\/\/www.sellersunionagent.com\/wp-content\/uploads\/2022\/07\/9685799711_1235836658.jpg\" alt=\"Personalizado\" width=\"600\" height=\"600\" \/> <img decoding=\"async\" class=\"aligncenter wp-image-8574\" src=\"https:\/\/www.sellersunionagent.com\/wp-content\/uploads\/2022\/07\/custom-economical-canvas-grocery-shopping-bag-2.jpg\" alt=\"Personalizado\" width=\"600\" height=\"600\" \/> <img decoding=\"async\" class=\"aligncenter wp-image-8575\" src=\"https:\/\/www.sellersunionagent.com\/wp-content\/uploads\/2022\/07\/custom-economical-canvas-grocery-shopping-bag-1.jpg\" alt=\"Personalizado\" width=\"600\" height=\"600\" \/> <img loading=\"lazy\" decoding=\"async\" class=\"aligncenter wp-image-8577\" src=\"https:\/\/www.sellersunionagent.com\/wp-content\/uploads\/2022\/07\/custom-economical-canvas-grocery-shopping-bag.jpg\" alt=\"\" width=\"600\" height=\"600\" \/><\/li>\n<\/ul>","protected":false},"excerpt":{"rendered":"<p><strong>MOQ<\/strong>:\u00a0 5000 pieces<br \/>\n<strong>Amostra gr\u00e1tis<\/strong>:  Com suporte<br \/>\n<strong>Personaliza\u00e7\u00e3o<\/strong>: logotipo \/ cor \/ materiais \/ embalagem etc.<br \/>\n<strong>Desconto<\/strong>:  Primeiros pedidos a partir de 10% de desconto.<br \/>\n<strong>Taxa de entrega no prazo<\/strong>:\u00a0 100%<br \/>\n<strong>Total de remessas<\/strong>:  10000 pe\u00e7as<br \/>\n<strong>Remessa<\/strong>: Suporte expresso - frete mar\u00edtimo - frete terrestre<\/p>\n<p>&nbsp;<\/p>\n<p>&nbsp;<\/p>\n<p>Como um fornecedor de lancheiras de venda quente na China, temos mais de 20 anos de experi\u00eancia e estamos comprometidos em fornecer produtos de armazenamento com design personalizado a pre\u00e7os competitivos. Exportamos produtos da moda, de alta qualidade e bom pre\u00e7o, oferecemos suporte \u00e0 personaliza\u00e7\u00e3o OEM e ODM e fornecemos a voc\u00ea um servi\u00e7o profissional completo.<\/p>","protected":false},"featured_media":13780,"comment_status":"open","ping_status":"closed","template":"","meta":{"_acf_changed":false},"product_brand":[],"product_cat":[29],"product_tag":[121,156,157],"class_list":{"0":"post-8572","1":"product","2":"type-product","3":"status-publish","4":"has-post-thumbnail","6":"product_cat-shopping-bag","7":"product_tag-custom","8":"product_tag-economical","9":"product_tag-environmental-protection","11":"first","12":"instock","13":"shipping-taxable","14":"purchasable","15":"product-type-simple","16":"swiper-slide"},"acf":[],"_links":{"self":[{"href":"https:\/\/www.sellersunionagent.com\/pt\/wp-json\/wp\/v2\/product\/8572","targetHints":{"allow":["GET"]}}],"collection":[{"href":"https:\/\/www.sellersunionagent.com\/pt\/wp-json\/wp\/v2\/product"}],"about":[{"href":"https:\/\/www.sellersunionagent.com\/pt\/wp-json\/wp\/v2\/types\/product"}],"replies":[{"embeddable":true,"href":"https:\/\/www.sellersunionagent.com\/pt\/wp-json\/wp\/v2\/comments?post=8572"}],"wp:featuredmedia":[{"embeddable":true,"href":"https:\/\/www.sellersunionagent.com\/pt\/wp-json\/wp\/v2\/media\/13780"}],"wp:attachment":[{"href":"https:\/\/www.sellersunionagent.com\/pt\/wp-json\/wp\/v2\/media?parent=8572"}],"wp:term":[{"taxonomy":"product_brand","embeddable":true,"href":"https:\/\/www.sellersunionagent.com\/pt\/wp-json\/wp\/v2\/product_brand?post=8572"},{"taxonomy":"product_cat","embeddable":true,"href":"https:\/\/www.sellersunionagent.com\/pt\/wp-json\/wp\/v2\/product_cat?post=8572"},{"taxonomy":"product_tag","embeddable":true,"href":"https:\/\/www.sellersunionagent.com\/pt\/wp-json\/wp\/v2\/product_tag?post=8572"}],"curies":[{"name":"wp","href":"https:\/\/api.w.org\/{rel}","templated":true}]}}