{"id":8566,"date":"2022-07-03T14:39:09","date_gmt":"2022-07-03T06:39:09","guid":{"rendered":"https:\/\/sellersunionagent.com\/?post_type=product&#038;p=8566"},"modified":"2022-07-03T14:40:40","modified_gmt":"2022-07-03T06:40:40","slug":"fabricante-de-bolsas-de-lona-no-atacado","status":"publish","type":"product","link":"https:\/\/www.sellersunionagent.com\/pt\/manufacturer-wholesale-canvas-bag\/","title":{"rendered":"Fabricante de bolsas de lona por atacado"},"content":{"rendered":"<h2>Fabricante de bolsas de lona por atacado<\/h2>\n<ul>\n<li>Lona texturizada<\/li>\n<li>Impress\u00e3o fina<\/li>\n<li>Sa\u00fade e prote\u00e7\u00e3o ambiental<\/li>\n<li>Respir\u00e1vel e \u00e0 prova de umidade<\/li>\n<li>S\u00f3lido e dur\u00e1vel<\/li>\n<li>Personalize os produtos de acordo com sua personalidade<img fetchpriority=\"high\" decoding=\"async\" class=\"aligncenter wp-image-8570\" src=\"https:\/\/www.sellersunionagent.com\/wp-content\/uploads\/2022\/07\/manufacturer-wholesale-canvas-bag.jpg\" alt=\"\" width=\"600\" height=\"600\" \/><img decoding=\"async\" class=\"aligncenter wp-image-8567\" src=\"https:\/\/www.sellersunionagent.com\/wp-content\/uploads\/2022\/07\/manufacturer-wholesale-canvas-bag-3.jpg\" alt=\"\" width=\"600\" height=\"600\" \/> <img decoding=\"async\" class=\"aligncenter wp-image-8569\" src=\"https:\/\/www.sellersunionagent.com\/wp-content\/uploads\/2022\/07\/manufacturer-wholesale-canvas-bag-1.jpg\" alt=\"\" width=\"600\" height=\"600\" \/><\/li>\n<\/ul>","protected":false},"excerpt":{"rendered":"<p><strong>Tipo<\/strong>: Sacola de compras<\/p>\n<p><strong>N\u00famero do item:<\/strong> YG003<\/p>\n<p><strong>Tamanho do item<\/strong>: 34,5*40*25cm<\/p>\n<p><strong>Cores<\/strong>: Branco<\/p>\n<p><strong>Material:\u00a0<\/strong>algod\u00e3o poli\u00e9ster<\/p>\n<p>&nbsp;<\/p>\n<p>&nbsp;<\/p>\n<p>Esse fabricante de bolsas de lona no atacado est\u00e1 \u00e0 venda. Cada aspecto de nosso compromisso com a excel\u00eancia\uff1a<br \/>\n1\u3001Qualidade: a produ\u00e7\u00e3o de cada produto com cuidado, a qualidade \u00e9 garantida<\/p>\n<p>2\u3001pre\u00e7o: coopera\u00e7\u00e3o direta com os fabricantes, absolutamente justo. Grandes quantidades com desconto!<\/p>\n<p>3 \u3001 m\u00e3o de obra: tecnologia excelente, cada etapa dos detalhes est\u00e1 no lugar para controlar a excel\u00eancia<\/p>\n<p>4\u3001 material: o uso de materiais de alta qualidade, rica experi\u00eancia em produ\u00e7\u00e3o, maior compreens\u00e3o de suas necessidades<\/p>","protected":false},"featured_media":8568,"comment_status":"open","ping_status":"closed","template":"","meta":{"_acf_changed":false},"product_brand":[],"product_cat":[29],"product_tag":[155,154,56],"class_list":{"0":"post-8566","1":"product","2":"type-product","3":"status-publish","4":"has-post-thumbnail","6":"product_cat-shopping-bag","7":"product_tag-lovely-and-eye-catching","8":"product_tag-manufacturer-wholesale","9":"product_tag-shopping-bag","11":"first","12":"instock","13":"shipping-taxable","14":"product-type-simple","15":"swiper-slide"},"acf":[],"_links":{"self":[{"href":"https:\/\/www.sellersunionagent.com\/pt\/wp-json\/wp\/v2\/product\/8566","targetHints":{"allow":["GET"]}}],"collection":[{"href":"https:\/\/www.sellersunionagent.com\/pt\/wp-json\/wp\/v2\/product"}],"about":[{"href":"https:\/\/www.sellersunionagent.com\/pt\/wp-json\/wp\/v2\/types\/product"}],"replies":[{"embeddable":true,"href":"https:\/\/www.sellersunionagent.com\/pt\/wp-json\/wp\/v2\/comments?post=8566"}],"wp:featuredmedia":[{"embeddable":true,"href":"https:\/\/www.sellersunionagent.com\/pt\/wp-json\/wp\/v2\/media\/8568"}],"wp:attachment":[{"href":"https:\/\/www.sellersunionagent.com\/pt\/wp-json\/wp\/v2\/media?parent=8566"}],"wp:term":[{"taxonomy":"product_brand","embeddable":true,"href":"https:\/\/www.sellersunionagent.com\/pt\/wp-json\/wp\/v2\/product_brand?post=8566"},{"taxonomy":"product_cat","embeddable":true,"href":"https:\/\/www.sellersunionagent.com\/pt\/wp-json\/wp\/v2\/product_cat?post=8566"},{"taxonomy":"product_tag","embeddable":true,"href":"https:\/\/www.sellersunionagent.com\/pt\/wp-json\/wp\/v2\/product_tag?post=8566"}],"curies":[{"name":"wp","href":"https:\/\/api.w.org\/{rel}","templated":true}]}}