{"id":8536,"date":"2022-07-02T15:02:10","date_gmt":"2022-07-02T07:02:10","guid":{"rendered":"https:\/\/sellersunionagent.com\/?post_type=product&#038;p=8536"},"modified":"2026-01-06T14:29:09","modified_gmt":"2026-01-06T06:29:09","slug":"sacola-de-almoco-no-atacado-para-trabalho-escola-piquenique-e-praia-com-alca-de-transporte","status":"publish","type":"product","link":"https:\/\/www.sellersunionagent.com\/pt\/wholesale-lunch-bag-for-work-school-picnic-beach-with-carrying-handle\/","title":{"rendered":"Bolsa t\u00e9rmica para trabalho, escola, piquenique e praia com al\u00e7a de transporte"},"content":{"rendered":"<h2 id=\"title\" class=\"a-size-large a-spacing-none\"><span id=\"productTitle\" class=\"a-size-large product-title-word-break\">Bolsa T\u00e9rmica para Mulheres Homens Lancheira Isolada Reutiliz\u00e1vel para Trabalho Escola Piquenique Praia, Bolsa T\u00e9rmica Congel\u00e1vel com Al\u00e7a de Transporte para Crian\u00e7as\/Adultos<\/span><\/h2>\n<p>&nbsp;<\/p>\n<p>&nbsp;<\/p>\n<ul>\n<li><strong>MATERIAL SEGURO E PREMIUM:<\/strong> A parte externa da bolsa t\u00e9rmica \u00e9 feita de tecido oxford de alta densidade, resistente \u00e0 \u00e1gua e \u00e0 sujeira, para maior durabilidade e facilidade de limpeza. Nossa lancheira \u00e9 perfeita para refei\u00e7\u00f5es em qualquer lugar, piqueniques, viagens de carro, escrit\u00f3rio, escola, praia e muito mais!<\/li>\n<\/ul>\n<p>&nbsp;<\/p>\n<p>&nbsp;<\/p>\n<ul>\n<li><strong>PR\u00c1TICO E PORT\u00c1TIL:<\/strong> Essa bolsa t\u00e9rmica reutiliz\u00e1vel oferece mais op\u00e7\u00f5es de transporte. O design com ampla abertura facilita o preenchimento e a retirada de alimentos e recipientes para lanche. Essa lancheira parece pequena, mas com grande capacidade, cabe perfeitamente na sua lancheira, nos lanches e at\u00e9 na garrafa de shake de prote\u00edna. Esse \u00e9 o feedback sincero de nossos clientes.<\/li>\n<\/ul>\n<p>&nbsp;<\/p>\n<p>&nbsp;<\/p>\n<ul>\n<li><strong>BOLSA DE ALMO\u00c7O PARA OCASI\u00d5ES DE USO AMPLO:<\/strong> O design moderno e leve a torna um presente ideal para voc\u00ea e seus entes queridos como sacola de almo\u00e7o, sacola t\u00e9rmica, sacola de piquenique, sacola para diversos fins ou sacola de compras, adequada para todas as faixas et\u00e1rias. A bolsa t\u00e9rmica \u00e9 grande o suficiente para conter os itens essenciais que uma pessoa precisa para um piquenique, sem ser pesada. \u00c9 ideal para mulheres e homens no trabalho ou em acampamentos, caminhadas, churrascos, etc.<\/li>\n<\/ul>\n<p>&nbsp;<\/p>\n<p>&nbsp;<\/p>\n<p><strong>Tipo<\/strong>: Bolsa t\u00e9rmica<\/p>\n<p><strong>N\u00famero do item:<\/strong> YUNJ1<\/p>\n<p><strong>Tamanho do item<\/strong>: 23*13*23,5cm<\/p>\n<p><strong>Material: <\/strong>Tecido Oxford<\/p>\n<p><strong>MOQ:<\/strong> 500 unidades<\/p>\n<p><img fetchpriority=\"high\" decoding=\"async\" class=\"aligncenter wp-image-8539\" src=\"https:\/\/www.sellersunionagent.com\/wp-content\/uploads\/2022\/07\/wholesale-thermal-bag-for-work-school-picnic-beach-1.jpg\" alt=\"Fabricante por atacado da China\" width=\"600\" height=\"600\" \/><\/p>\n<p><img decoding=\"async\" class=\"aligncenter wp-image-8920\" src=\"https:\/\/www.sellersunionagent.com\/wp-content\/uploads\/2022\/07\/4e823fb4773a026827422aeb1b5e10c.png\" alt=\"Fabrica\u00e7\u00e3o na China\" width=\"600\" height=\"552\" \/>\u3001 <img decoding=\"async\" class=\"aligncenter wp-image-8921\" src=\"https:\/\/www.sellersunionagent.com\/wp-content\/uploads\/2022\/07\/6e50e6a9c1473b4ffb9b90b372bcd54.png\" alt=\"Fabrica\u00e7\u00e3o na China\" width=\"600\" height=\"553\" \/><\/p>\n<p><img loading=\"lazy\" decoding=\"async\" class=\"aligncenter wp-image-8922\" src=\"https:\/\/www.sellersunionagent.com\/wp-content\/uploads\/2022\/07\/c7b63bc26e7a35db5e354013a97feba.png\" alt=\"Fabrica\u00e7\u00e3o na China\" width=\"500\" height=\"500\" \/><\/p>","protected":false},"excerpt":{"rendered":"<p><strong>MOQ<\/strong>: 500 ou Flex\u00edvel<\/p>\n<p><strong>Amostra gr\u00e1tis<\/strong>: Com suporte<\/p>\n<p><strong>Personaliza\u00e7\u00e3o<\/strong>: logotipo\/cor\/materiais\/embalagem<\/p>\n<p><strong>Desconto<\/strong>: 10% off em seu primeiro pedido<\/p>\n<p><strong>Taxa de entrega no prazo<\/strong>: 100%<\/p>\n<p><strong>Total de remessas<\/strong>: 106100PCS<\/p>\n<p><strong>Remessa<\/strong>: Suporte expresso\/frete mar\u00edtimo\/frete terrestre<\/p>","protected":false},"featured_media":13782,"comment_status":"open","ping_status":"closed","template":"","meta":{"_acf_changed":false},"product_brand":[],"product_cat":[28],"product_tag":[48,41,99],"class_list":{"0":"post-8536","1":"product","2":"type-product","3":"status-publish","4":"has-post-thumbnail","6":"product_cat-lunch-bag","7":"product_tag-large-capacity","8":"product_tag-lunch-bag","9":"product_tag-wholesale-maker-from-china","11":"first","12":"instock","13":"shipping-taxable","14":"purchasable","15":"product-type-simple","16":"swiper-slide"},"acf":[],"_links":{"self":[{"href":"https:\/\/www.sellersunionagent.com\/pt\/wp-json\/wp\/v2\/product\/8536","targetHints":{"allow":["GET"]}}],"collection":[{"href":"https:\/\/www.sellersunionagent.com\/pt\/wp-json\/wp\/v2\/product"}],"about":[{"href":"https:\/\/www.sellersunionagent.com\/pt\/wp-json\/wp\/v2\/types\/product"}],"replies":[{"embeddable":true,"href":"https:\/\/www.sellersunionagent.com\/pt\/wp-json\/wp\/v2\/comments?post=8536"}],"wp:featuredmedia":[{"embeddable":true,"href":"https:\/\/www.sellersunionagent.com\/pt\/wp-json\/wp\/v2\/media\/13782"}],"wp:attachment":[{"href":"https:\/\/www.sellersunionagent.com\/pt\/wp-json\/wp\/v2\/media?parent=8536"}],"wp:term":[{"taxonomy":"product_brand","embeddable":true,"href":"https:\/\/www.sellersunionagent.com\/pt\/wp-json\/wp\/v2\/product_brand?post=8536"},{"taxonomy":"product_cat","embeddable":true,"href":"https:\/\/www.sellersunionagent.com\/pt\/wp-json\/wp\/v2\/product_cat?post=8536"},{"taxonomy":"product_tag","embeddable":true,"href":"https:\/\/www.sellersunionagent.com\/pt\/wp-json\/wp\/v2\/product_tag?post=8536"}],"curies":[{"name":"wp","href":"https:\/\/api.w.org\/{rel}","templated":true}]}}