{"id":8526,"date":"2022-07-02T14:43:00","date_gmt":"2022-07-02T06:43:00","guid":{"rendered":"https:\/\/sellersunionagent.com\/?post_type=product&#038;p=8526"},"modified":"2022-07-07T16:53:01","modified_gmt":"2022-07-07T08:53:01","slug":"lancheira-para","status":"publish","type":"product","link":"https:\/\/www.sellersunionagent.com\/pt\/lunch-bag-for\/","title":{"rendered":"Bolsa port\u00e1til para almo\u00e7o para mulheres, homens e crian\u00e7as"},"content":{"rendered":"<h2 id=\"title\" class=\"a-size-large a-spacing-none\"><span id=\"productTitle\" class=\"a-size-large product-title-word-break\">Lancheira isolada reutiliz\u00e1vel Lancheira grande para adultos para mulheres e homens com v\u00e1rios bolsos<\/span><\/h2>\n<p>&nbsp;<\/p>\n<p>&nbsp;<\/p>\n<ul>\n<li><strong>Tamanho grande:<\/strong> Voc\u00ea pode preencher os compartimentos ou bolsos espa\u00e7osos com lancheiras, recipientes para alimentos, condimentos, tigelas de salada de frutas, utens\u00edlios, guardanapos, abridor de latas, carteira, chaves e outros itens essenciais.<\/li>\n<\/ul>\n<p>&nbsp;<\/p>\n<p>&nbsp;<\/p>\n<ul>\n<li><strong>Bolsa compacta: <\/strong>Essa bolsa dobr\u00e1vel unissex \u00e9 leve, compacta e port\u00e1til, podendo facilmente levar seus recipientes favoritos de almo\u00e7o ou de prepara\u00e7\u00e3o de refei\u00e7\u00f5es para a escola, o trabalho, o escrit\u00f3rio, em viagens, acampamentos com a fam\u00edlia, pesca com os amigos, passeios de barco e caminhadas, piqueniques rom\u00e2nticos no parque, levar os filhos para a escola, festivais de m\u00fasica ao ar livre, esportes e churrascos aos domingos.<\/li>\n<\/ul>\n<p><img fetchpriority=\"high\" decoding=\"async\" class=\"aligncenter wp-image-8929\" src=\"https:\/\/www.sellersunionagent.com\/wp-content\/uploads\/2022\/07\/\u5fae\u4fe1\u56fe\u7247_202207071651113.png\" alt=\"Fornecedor por atacado\" width=\"500\" height=\"483\" \/><\/p>\n<p><img decoding=\"async\" class=\"aligncenter wp-image-8926\" src=\"https:\/\/www.sellersunionagent.com\/wp-content\/uploads\/2022\/07\/\u5fae\u4fe1\u56fe\u7247_20220707165111.png\" alt=\"Fornecedor por atacado\" width=\"500\" height=\"513\" \/><\/p>\n<p><img decoding=\"async\" class=\"aligncenter wp-image-8928\" src=\"https:\/\/www.sellersunionagent.com\/wp-content\/uploads\/2022\/07\/\u5fae\u4fe1\u56fe\u7247_202207071651112.png\" alt=\"Fornecedor por atacado\" width=\"500\" height=\"522\" \/><\/p>\n<p><img loading=\"lazy\" decoding=\"async\" class=\"aligncenter wp-image-8927\" src=\"https:\/\/www.sellersunionagent.com\/wp-content\/uploads\/2022\/07\/\u5fae\u4fe1\u56fe\u7247_202207071651111.png\" alt=\"Fornecedor por atacado\" width=\"500\" height=\"503\" \/><\/p>\n<p>&nbsp;<\/p>\n<p>&nbsp;<\/p>","protected":false},"excerpt":{"rendered":"<p><strong>Tipo<\/strong>: Bolsa de almo\u00e7o<\/p>\n<p><strong>N\u00famero do item:<\/strong> YUNJ1<\/p>\n<p><strong>Tamanho do item<\/strong>: Grande: 34*14*22<\/p>\n<p>Pequeno: 25*11,5*22<\/p>\n<p><strong>Peso do item<\/strong>: Grande: 350g<\/p>\n<p>Pequeno: 195g<\/p>\n<p><strong>MOQ<\/strong>: 1000pcs<\/p>\n<p><strong>Material: <\/strong>Material 420Twill<\/p>","protected":false},"featured_media":8529,"comment_status":"open","ping_status":"closed","template":"","meta":{"_acf_changed":false},"product_brand":[],"product_cat":[28],"product_tag":[45,47,41],"class_list":{"0":"post-8526","1":"product","2":"type-product","3":"status-publish","4":"has-post-thumbnail","6":"product_cat-lunch-bag","7":"product_tag-cooler-bag","8":"product_tag-hot-sale","9":"product_tag-lunch-bag","11":"first","12":"instock","13":"shipping-taxable","14":"product-type-simple","15":"swiper-slide"},"acf":[],"_links":{"self":[{"href":"https:\/\/www.sellersunionagent.com\/pt\/wp-json\/wp\/v2\/product\/8526","targetHints":{"allow":["GET"]}}],"collection":[{"href":"https:\/\/www.sellersunionagent.com\/pt\/wp-json\/wp\/v2\/product"}],"about":[{"href":"https:\/\/www.sellersunionagent.com\/pt\/wp-json\/wp\/v2\/types\/product"}],"replies":[{"embeddable":true,"href":"https:\/\/www.sellersunionagent.com\/pt\/wp-json\/wp\/v2\/comments?post=8526"}],"wp:featuredmedia":[{"embeddable":true,"href":"https:\/\/www.sellersunionagent.com\/pt\/wp-json\/wp\/v2\/media\/8529"}],"wp:attachment":[{"href":"https:\/\/www.sellersunionagent.com\/pt\/wp-json\/wp\/v2\/media?parent=8526"}],"wp:term":[{"taxonomy":"product_brand","embeddable":true,"href":"https:\/\/www.sellersunionagent.com\/pt\/wp-json\/wp\/v2\/product_brand?post=8526"},{"taxonomy":"product_cat","embeddable":true,"href":"https:\/\/www.sellersunionagent.com\/pt\/wp-json\/wp\/v2\/product_cat?post=8526"},{"taxonomy":"product_tag","embeddable":true,"href":"https:\/\/www.sellersunionagent.com\/pt\/wp-json\/wp\/v2\/product_tag?post=8526"}],"curies":[{"name":"wp","href":"https:\/\/api.w.org\/{rel}","templated":true}]}}