{"id":8519,"date":"2022-07-02T14:40:10","date_gmt":"2022-07-02T06:40:10","guid":{"rendered":"https:\/\/sellersunionagent.com\/?post_type=product&#038;p=8519"},"modified":"2022-07-11T15:00:55","modified_gmt":"2022-07-11T07:00:55","slug":"sacolas-de-supermercado-por-atacado-2pcs-com-alcas-sacolas-de-compras-dobraveis-e-lavaveis","status":"publish","type":"product","link":"https:\/\/www.sellersunionagent.com\/pt\/wholesale-2pcs-grocery-bags-with-handles-foldable-washable-shopping-bags\/","title":{"rendered":"Sacos de supermercado por atacado 2 pe\u00e7as com al\u00e7as Sacos de compras dobr\u00e1veis e lav\u00e1veis"},"content":{"rendered":"<h2 id=\"title\" class=\"a-size-large a-spacing-none\"><span id=\"productTitle\" class=\"a-size-large product-title-word-break\">Sacolas de supermercado reutiliz\u00e1veis com al\u00e7as 2 pe\u00e7as dobr\u00e1veis e lav\u00e1veis Sacolas de compras \u00e0 prova d'\u00e1gua Sacola de compras de grande capacidade<\/span><\/h2>\n<p>&nbsp;<\/p>\n<p>&nbsp;<\/p>\n<ul>\n<li><strong>F\u00e1cil de usar:<\/strong> A sacola de compras de prote\u00e7\u00e3o ambiental dobr\u00e1vel, super grossa e pr\u00e1tica, n\u00e3o s\u00f3 pode colocar muitas coisas pesadas, mas tamb\u00e9m pode ser \u00e0 prova d'\u00e1gua, com estilo moderno, usada como uma sacola de lazer \u00e9 uma boa escolha!<\/li>\n<\/ul>\n<p>&nbsp;<\/p>\n<p>&nbsp;<\/p>\n<ul>\n<li><strong>Dobr\u00e1vel e f\u00e1cil de transportar:<\/strong> As sacolas de compras reutiliz\u00e1veis podem ser facilmente dobradas e armazenadas sem ocupar muito espa\u00e7o. Voc\u00ea pode mant\u00ea-las no carro, no bolso ou em qualquer lugar que achar conveniente.<\/li>\n<\/ul>\n<p>&nbsp;<\/p>\n<p>&nbsp;<\/p>\n<ul>\n<li><strong>O presente perfeito:<\/strong> Sacolas de supermercado reutiliz\u00e1veis e lav\u00e1veis com designs de embalagem bonitos e atraentes. Se voc\u00ea der essas sacolas de presente para a sua m\u00e3e, esposa ou amiga, elas ser\u00e3o muito econ\u00f4micas. \u00c9 uma op\u00e7\u00e3o muito econ\u00f4mica de brindes publicit\u00e1rios!<\/li>\n<\/ul>\n<p>&nbsp;<\/p>\n<p><img fetchpriority=\"high\" decoding=\"async\" class=\"aligncenter wp-image-8932\" src=\"https:\/\/www.sellersunionagent.com\/wp-content\/uploads\/2022\/07\/9ceacd2e38c115d9be8f9251144a323.png\" alt=\"Fornecedor por atacado\" width=\"500\" height=\"529\" \/> <img decoding=\"async\" class=\"aligncenter wp-image-8939\" src=\"https:\/\/www.sellersunionagent.com\/wp-content\/uploads\/2022\/07\/faab02354ff661d84c20ba6d7470af3.png\" alt=\"Fornecedor por atacado\" width=\"500\" height=\"427\" \/> <img decoding=\"async\" class=\"aligncenter wp-image-8933\" src=\"https:\/\/www.sellersunionagent.com\/wp-content\/uploads\/2022\/07\/064d40dd52aba1a2c4d5719f1b1458d.png\" alt=\"Fornecedor por atacado\" width=\"500\" height=\"540\" \/> <img loading=\"lazy\" decoding=\"async\" class=\"aligncenter wp-image-8936\" src=\"https:\/\/www.sellersunionagent.com\/wp-content\/uploads\/2022\/07\/04638c4c66fbc95f1b21b327d5e6116.png\" alt=\"Fornecedor por atacado\" width=\"500\" height=\"427\" \/> <img loading=\"lazy\" decoding=\"async\" class=\"aligncenter wp-image-8935\" src=\"https:\/\/www.sellersunionagent.com\/wp-content\/uploads\/2022\/07\/468f2e94a364744590785e540f8b9ee.png\" alt=\"Fornecedor por atacado\" width=\"500\" height=\"539\" \/> <img loading=\"lazy\" decoding=\"async\" class=\"aligncenter wp-image-8937\" src=\"https:\/\/www.sellersunionagent.com\/wp-content\/uploads\/2022\/07\/9489f0f39f613d80e8142d1c18e3864.png\" alt=\"Fornecedor por atacado\" width=\"500\" height=\"425\" \/> <img loading=\"lazy\" decoding=\"async\" class=\"aligncenter wp-image-8938\" src=\"https:\/\/www.sellersunionagent.com\/wp-content\/uploads\/2022\/07\/b1f9424eb50894bc7501b514647df73.png\" alt=\"Fornecedor por atacado\" width=\"500\" height=\"553\" \/> <img loading=\"lazy\" decoding=\"async\" class=\"aligncenter wp-image-8934\" src=\"https:\/\/www.sellersunionagent.com\/wp-content\/uploads\/2022\/07\/78f27de993fb70e12a6be3f01dbe0ac.png\" alt=\"Fornecedor por atacado\" width=\"500\" height=\"420\" \/> <img loading=\"lazy\" decoding=\"async\" class=\"aligncenter wp-image-8931\" src=\"https:\/\/www.sellersunionagent.com\/wp-content\/uploads\/2022\/07\/5a9b4b18cad7e981bbbf9f929ef052a.png\" alt=\"Fornecedor por atacado\" width=\"500\" height=\"550\" \/> <img loading=\"lazy\" decoding=\"async\" class=\"aligncenter wp-image-8930\" src=\"https:\/\/www.sellersunionagent.com\/wp-content\/uploads\/2022\/07\/0dd1b34c2cf99ec96970c893f4005c0.png\" alt=\"Fornecedor por atacado\" width=\"500\" height=\"429\" \/><\/p>\n<p>&nbsp;<\/p>","protected":false},"excerpt":{"rendered":"<p><strong>Tipo<\/strong>: Sacola de compras<\/p>\n<p><strong>N\u00famero do item:<\/strong> LL002<\/p>\n<p><strong>Tamanho do item<\/strong>: 45*40*8CM<\/p>","protected":false},"featured_media":8523,"comment_status":"open","ping_status":"closed","template":"","meta":{"_acf_changed":false},"product_brand":[],"product_cat":[29],"product_tag":[47,56,99],"class_list":{"0":"post-8519","1":"product","2":"type-product","3":"status-publish","4":"has-post-thumbnail","6":"product_cat-shopping-bag","7":"product_tag-hot-sale","8":"product_tag-shopping-bag","9":"product_tag-wholesale-maker-from-china","11":"first","12":"instock","13":"shipping-taxable","14":"product-type-simple","15":"swiper-slide"},"acf":[],"_links":{"self":[{"href":"https:\/\/www.sellersunionagent.com\/pt\/wp-json\/wp\/v2\/product\/8519","targetHints":{"allow":["GET"]}}],"collection":[{"href":"https:\/\/www.sellersunionagent.com\/pt\/wp-json\/wp\/v2\/product"}],"about":[{"href":"https:\/\/www.sellersunionagent.com\/pt\/wp-json\/wp\/v2\/types\/product"}],"replies":[{"embeddable":true,"href":"https:\/\/www.sellersunionagent.com\/pt\/wp-json\/wp\/v2\/comments?post=8519"}],"wp:featuredmedia":[{"embeddable":true,"href":"https:\/\/www.sellersunionagent.com\/pt\/wp-json\/wp\/v2\/media\/8523"}],"wp:attachment":[{"href":"https:\/\/www.sellersunionagent.com\/pt\/wp-json\/wp\/v2\/media?parent=8519"}],"wp:term":[{"taxonomy":"product_brand","embeddable":true,"href":"https:\/\/www.sellersunionagent.com\/pt\/wp-json\/wp\/v2\/product_brand?post=8519"},{"taxonomy":"product_cat","embeddable":true,"href":"https:\/\/www.sellersunionagent.com\/pt\/wp-json\/wp\/v2\/product_cat?post=8519"},{"taxonomy":"product_tag","embeddable":true,"href":"https:\/\/www.sellersunionagent.com\/pt\/wp-json\/wp\/v2\/product_tag?post=8519"}],"curies":[{"name":"wp","href":"https:\/\/api.w.org\/{rel}","templated":true}]}}