{"id":8498,"date":"2022-07-02T14:19:17","date_gmt":"2022-07-02T06:19:17","guid":{"rendered":"https:\/\/sellersunionagent.com\/?post_type=product&#038;p=8498"},"modified":"2022-07-07T17:33:24","modified_gmt":"2022-07-07T09:33:24","slug":"sacolas-de-compras-por-atacado-sacolas-de-reciclagem-reutilizaveis-sacolas-de-morango","status":"publish","type":"product","link":"https:\/\/www.sellersunionagent.com\/pt\/wholesale-shopping-bags-reusable-recycling-bags-strawberry-bags\/","title":{"rendered":"Sacos de compras por atacado Sacos de reciclagem reutiliz\u00e1veis Sacos de morango"},"content":{"rendered":"<h2 id=\"title\" class=\"a-size-large a-spacing-none\"><span id=\"productTitle\" class=\"a-size-large product-title-word-break\">Sacos de compras Sacos de supermercado reutiliz\u00e1veis Sacos de reciclagem de moda Sacos de poli\u00e9ster lav\u00e1veis \u00e0 m\u00e1quina Sacos de morango<\/span><\/h2>\n<p>&nbsp;<\/p>\n<p>&nbsp;<\/p>\n<ul>\n<li><strong>F\u00c1CIL DE TRANSPORTAR:<\/strong> Essas sacolas de compras dobr\u00e1veis e reutiliz\u00e1veis podem ser facilmente dobradas na bolsa de bolso anexa, para que voc\u00ea possa carregar sacolas de compras dobr\u00e1veis e reutiliz\u00e1veis na bolsa ou no carro sem ocupar muito espa\u00e7o. O material de n\u00e1ilon torna nossa sacola de supermercado mais leve, dobrando menos do que o tamanho da palma da m\u00e3o, colocada aleatoriamente em sua bolsa ou carro, n\u00e3o ocupa espa\u00e7o e \u00e9 f\u00e1cil de guardar.<\/li>\n<\/ul>\n<p>&nbsp;<\/p>\n<p>&nbsp;<\/p>\n<ul>\n<li><strong>Lav\u00e1vel \u00e0 m\u00e1quina e ecologicamente correto\uff1a<\/strong>Feitas de tecido de poli\u00e9ster dur\u00e1vel, reutiliz\u00e1vel e lav\u00e1vel \u00e0 m\u00e1quina. Nossas sacolas reutiliz\u00e1veis podem ser lavadas na m\u00e1quina para economizar seu tempo. Nossas sacolas de supermercado reutiliz\u00e1veis t\u00eam como objetivo criar um futuro com um planeta verde e feliz, e precisamos que voc\u00ea se junte a n\u00f3s. Voc\u00ea pode reutilizar essas sacolas de supermercado e reduzir sua pegada de carbono e o uso de pl\u00e1stico ao adquirir nossas sacolas de compras reutiliz\u00e1veis. Vamos salvar o mundo!<\/li>\n<\/ul>\n<p>&nbsp;<\/p>\n<p>&nbsp;<\/p>\n<ul>\n<li><strong>Adequado para v\u00e1rias ocasi\u00f5es e aplic\u00e1vel a DIY:<\/strong>As sacolas de supermercado dobr\u00e1veis s\u00e3o excelentes para suprimentos di\u00e1rios quando voc\u00ea precisa fazer uma viagem ou presente de festa de anivers\u00e1rio, Halloween, dia de Natal, feriado, mercearia, supermercado, etc. Nosso conjunto de sacolas reutiliz\u00e1veis pode adicionar um pouco de divers\u00e3o \u00e0s suas compras de supermercado. Oferecemos essas sacolas lav\u00e1veis em v\u00e1rios estilos e cores divertidos e vibrantes.<\/li>\n<\/ul>\n<p>&nbsp;<\/p>\n<p>&nbsp;<\/p>\n<ul>\n<li><strong>REUTILIZ\u00c1VEL:<\/strong> Voc\u00ea pode reutilizar essas sacolas de compras e reduzir sua pegada de carbono e o uso de pl\u00e1stico adquirindo sacolas de compras a granel. Valorizamos o ambiente de vida existente, n\u00e3o aumentamos a carga sobre a Terra, come\u00e7ando com uma pequena coisa, uma coisa dentro de nossa capacidade: usar uma sacola de compras reutiliz\u00e1vel dobr\u00e1vel e ecologicamente correta, uma semana, um m\u00eas, um ano... Pode economizar in\u00fameras sacolas pl\u00e1sticas de compras. Fa\u00e7a uma pequena contribui\u00e7\u00e3o para o meio ambiente em que viveremos a partir de agora.<\/li>\n<\/ul>\n<p><img fetchpriority=\"high\" decoding=\"async\" class=\"aligncenter wp-image-8499\" src=\"https:\/\/www.sellersunionagent.com\/wp-content\/uploads\/2022\/07\/wholesale-shopping-bags-4.jpg\" alt=\"Fabricante por atacado da China\" width=\"600\" height=\"600\" \/><\/p>\n<p><img decoding=\"async\" class=\"aligncenter wp-image-8975\" src=\"https:\/\/www.sellersunionagent.com\/wp-content\/uploads\/2022\/07\/adfb14f0c7e4d9bde101e07de377668.png\" alt=\"Sacola de compras por atacado\" width=\"600\" height=\"596\" \/><\/p>\n<p><img decoding=\"async\" class=\"aligncenter wp-image-8502\" src=\"https:\/\/www.sellersunionagent.com\/wp-content\/uploads\/2022\/07\/wholesale-shopping-bags-1.jpg\" alt=\"Fabricante por atacado da China\" width=\"600\" height=\"600\" \/><img loading=\"lazy\" decoding=\"async\" class=\"aligncenter wp-image-8976\" src=\"https:\/\/www.sellersunionagent.com\/wp-content\/uploads\/2022\/07\/bff353bca05dec9ad719be026545a33.png\" alt=\"Sacola de compras por atacado\" width=\"600\" height=\"395\" \/><\/p>","protected":false},"excerpt":{"rendered":"<p><strong>Tipo<\/strong>: Sacola de compras<\/p>\n<p><strong>N\u00famero do item:<\/strong> LL001<\/p>\n<p><strong>Tamanho do item<\/strong>: 34*57CM<\/p>\n<p><strong>Material: <\/strong>Poli\u00e9ster<\/p>","protected":false},"featured_media":8500,"comment_status":"open","ping_status":"closed","template":"","meta":{"_acf_changed":false},"product_brand":[],"product_cat":[29],"product_tag":[87,122,80,94,56],"class_list":{"0":"post-8498","1":"product","2":"type-product","3":"status-publish","4":"has-post-thumbnail","6":"product_cat-shopping-bag","7":"product_tag-bulk-wholesale","8":"product_tag-collapsible","9":"product_tag-hot-sales","10":"product_tag-organizer","11":"product_tag-shopping-bag","13":"first","14":"instock","15":"shipping-taxable","16":"product-type-simple","17":"swiper-slide"},"acf":[],"_links":{"self":[{"href":"https:\/\/www.sellersunionagent.com\/pt\/wp-json\/wp\/v2\/product\/8498","targetHints":{"allow":["GET"]}}],"collection":[{"href":"https:\/\/www.sellersunionagent.com\/pt\/wp-json\/wp\/v2\/product"}],"about":[{"href":"https:\/\/www.sellersunionagent.com\/pt\/wp-json\/wp\/v2\/types\/product"}],"replies":[{"embeddable":true,"href":"https:\/\/www.sellersunionagent.com\/pt\/wp-json\/wp\/v2\/comments?post=8498"}],"wp:featuredmedia":[{"embeddable":true,"href":"https:\/\/www.sellersunionagent.com\/pt\/wp-json\/wp\/v2\/media\/8500"}],"wp:attachment":[{"href":"https:\/\/www.sellersunionagent.com\/pt\/wp-json\/wp\/v2\/media?parent=8498"}],"wp:term":[{"taxonomy":"product_brand","embeddable":true,"href":"https:\/\/www.sellersunionagent.com\/pt\/wp-json\/wp\/v2\/product_brand?post=8498"},{"taxonomy":"product_cat","embeddable":true,"href":"https:\/\/www.sellersunionagent.com\/pt\/wp-json\/wp\/v2\/product_cat?post=8498"},{"taxonomy":"product_tag","embeddable":true,"href":"https:\/\/www.sellersunionagent.com\/pt\/wp-json\/wp\/v2\/product_tag?post=8498"}],"curies":[{"name":"wp","href":"https:\/\/api.w.org\/{rel}","templated":true}]}}