{"id":8492,"date":"2022-07-01T20:18:21","date_gmt":"2022-07-01T12:18:21","guid":{"rendered":"https:\/\/sellersunionagent.com\/?post_type=product&#038;p=8492"},"modified":"2022-08-31T14:08:42","modified_gmt":"2022-08-31T06:08:42","slug":"suporte-para-caixa-de-lencos-de-papel-retangular-no-atacado","status":"publish","type":"product","link":"https:\/\/www.sellersunionagent.com\/pt\/rectangle-tissue-box-holder-bulk-wholesale\/","title":{"rendered":"Suporte retangular para caixa de len\u00e7os de papel no atacado"},"content":{"rendered":"<h2>Suporte retangular para caixa de len\u00e7os de papel no atacado<\/h2>\n<p>Armazenamento com estilo: O design elegante, simples, limpo e bonito d\u00e1 a esse porta-caixas de len\u00e7os de papel um visual muito chique, perfeito para esconder as caixas de len\u00e7os de papel e dar um toque decorativo aos seus banheiros, restaurantes, escrit\u00f3rios, resid\u00eancias e autom\u00f3veis.<\/p>\n<p>&nbsp;<\/p>\n<p>&nbsp;<\/p>\n<p>Design atualizado: A caixa de papel toalha vem com velcro, o que torna mais conveniente a troca de papel toalha. A fia\u00e7\u00e3o da caixa \u00e9 requintada e dur\u00e1vel.<\/p>\n<p>&nbsp;<\/p>\n<p>&nbsp;<\/p>\n<p>Prote\u00e7\u00e3o ambiental e funcionalidade: prote\u00e7\u00e3o ambiental natural, recicl\u00e1vel. Atrav\u00e9s do teste de tra\u00e7\u00e3o de seguran\u00e7a, \u00e9 mais tranquilo de usar. Lav\u00e1vel e f\u00e1cil de limpar.<\/p>\n<p><img fetchpriority=\"high\" decoding=\"async\" class=\"aligncenter wp-image-8497 size-full\" src=\"https:\/\/www.sellersunionagent.com\/wp-content\/uploads\/2022\/07\/rectangle-tissue-box-holder-bulk-wholesale.png\" alt=\"Atacado a granel\" width=\"748\" height=\"376\" \/><img decoding=\"async\" class=\"aligncenter wp-image-8479\" src=\"https:\/\/www.sellersunionagent.com\/wp-content\/uploads\/2022\/07\/triangle-tissue-box-holder-bulk-wholesale-5.jpg\" alt=\"Atacado a granel\" width=\"600\" height=\"600\" \/>\u00a0<img decoding=\"async\" class=\"aligncenter wp-image-8495\" src=\"https:\/\/www.sellersunionagent.com\/wp-content\/uploads\/2022\/07\/rectangle-tissue-box-holder-bulk-wholesale-2.jpg\" alt=\"Atacado a granel\" width=\"600\" height=\"600\" \/><img loading=\"lazy\" decoding=\"async\" class=\"aligncenter wp-image-8474\" src=\"https:\/\/www.sellersunionagent.com\/wp-content\/uploads\/2022\/07\/triangle-tissue-box-holder-bulk-wholesale-10.jpg\" alt=\"Atacado a granel\" width=\"600\" height=\"600\" \/><\/p>","protected":false},"excerpt":{"rendered":"<p><strong>Tipo<\/strong>: Suporte para caixa de len\u00e7os de papel<\/p>\n<p><strong>N\u00famero do item:<\/strong> JH002<\/p>\n<p><strong>Tamanho do item<\/strong>: 14,5*10*7CM\/ 16,5*12*8,5CM<\/p>\n<p><strong>Cores<\/strong>: Marrom<\/p>\n<p><strong>Material: <\/strong>Papel kraft \u00e0 prova d'\u00e1gua<\/p>\n<p>&nbsp;<\/p>\n<p>As sacolas a granel no atacado est\u00e3o mais baratas agora. Materiais selecionados, acabamento superior, n\u00e3o o deixar\u00e3o decepcionado com a escolha!<\/p>","protected":false},"featured_media":8493,"comment_status":"open","ping_status":"closed","template":"","meta":{"_acf_changed":false},"product_brand":[],"product_cat":[31,187],"product_tag":[87,148],"class_list":{"0":"post-8492","1":"product","2":"type-product","3":"status-publish","4":"has-post-thumbnail","6":"product_cat-home-storage","7":"product_cat-bedroom","8":"product_tag-bulk-wholesale","9":"product_tag-functional","11":"first","12":"instock","13":"shipping-taxable","14":"product-type-simple","15":"swiper-slide"},"acf":[],"_links":{"self":[{"href":"https:\/\/www.sellersunionagent.com\/pt\/wp-json\/wp\/v2\/product\/8492","targetHints":{"allow":["GET"]}}],"collection":[{"href":"https:\/\/www.sellersunionagent.com\/pt\/wp-json\/wp\/v2\/product"}],"about":[{"href":"https:\/\/www.sellersunionagent.com\/pt\/wp-json\/wp\/v2\/types\/product"}],"replies":[{"embeddable":true,"href":"https:\/\/www.sellersunionagent.com\/pt\/wp-json\/wp\/v2\/comments?post=8492"}],"wp:featuredmedia":[{"embeddable":true,"href":"https:\/\/www.sellersunionagent.com\/pt\/wp-json\/wp\/v2\/media\/8493"}],"wp:attachment":[{"href":"https:\/\/www.sellersunionagent.com\/pt\/wp-json\/wp\/v2\/media?parent=8492"}],"wp:term":[{"taxonomy":"product_brand","embeddable":true,"href":"https:\/\/www.sellersunionagent.com\/pt\/wp-json\/wp\/v2\/product_brand?post=8492"},{"taxonomy":"product_cat","embeddable":true,"href":"https:\/\/www.sellersunionagent.com\/pt\/wp-json\/wp\/v2\/product_cat?post=8492"},{"taxonomy":"product_tag","embeddable":true,"href":"https:\/\/www.sellersunionagent.com\/pt\/wp-json\/wp\/v2\/product_tag?post=8492"}],"curies":[{"name":"wp","href":"https:\/\/api.w.org\/{rel}","templated":true}]}}