{"id":8485,"date":"2022-07-01T20:01:11","date_gmt":"2022-07-01T12:01:11","guid":{"rendered":"https:\/\/sellersunionagent.com\/?post_type=product&#038;p=8485"},"modified":"2022-07-01T20:01:12","modified_gmt":"2022-07-01T12:01:12","slug":"bolsa-de-armazenamento-de-papel-kraft-para-acessorios-digitais-do-fornecedor-profissional-da-china","status":"publish","type":"product","link":"https:\/\/www.sellersunionagent.com\/pt\/digital-accessories-kraft-paper-storage-bag-from-china-professional-supplier\/","title":{"rendered":"Bolsa de armazenamento de papel kraft para acess\u00f3rios digitais do fornecedor profissional da China"},"content":{"rendered":"<h2>Bolsa de armazenamento de papel kraft para acess\u00f3rios digitais do fornecedor profissional da China<\/h2>\n<ul>\n<li>Grande capacidade, fun\u00e7\u00e3o de armazenamento ben\u00e9fica<\/li>\n<li>\u00c0 prova d'\u00e1gua e resistente ao desgaste<\/li>\n<li>Moderno e port\u00e1til<\/li>\n<li><img fetchpriority=\"high\" decoding=\"async\" class=\"aligncenter wp-image-8486\" src=\"https:\/\/www.sellersunionagent.com\/wp-content\/uploads\/2022\/07\/digital-accessories-kraft-paper-storage-bag-5.png\" alt=\"Fornecedor profissional da China\" width=\"600\" height=\"453\" \/> <img decoding=\"async\" class=\"aligncenter wp-image-8487\" src=\"https:\/\/www.sellersunionagent.com\/wp-content\/uploads\/2022\/07\/digital-accessories-kraft-paper-storage-bag-4.jpg\" alt=\"Fornecedor profissional da China\" width=\"600\" height=\"600\" \/> <img decoding=\"async\" class=\"aligncenter wp-image-8488\" src=\"https:\/\/www.sellersunionagent.com\/wp-content\/uploads\/2022\/07\/digital-accessories-kraft-paper-storage-bag-3.jpg\" alt=\"Fornecedor profissional da China\" width=\"600\" height=\"600\" \/> <img loading=\"lazy\" decoding=\"async\" class=\"aligncenter wp-image-8489\" src=\"https:\/\/www.sellersunionagent.com\/wp-content\/uploads\/2022\/07\/digital-accessories-kraft-paper-storage-bag-2.jpg\" alt=\"Fornecedor profissional da China\" width=\"600\" height=\"600\" \/><img loading=\"lazy\" decoding=\"async\" class=\"aligncenter wp-image-8491\" src=\"https:\/\/www.sellersunionagent.com\/wp-content\/uploads\/2022\/07\/digital-accessories-kraft-paper-storage-bag.jpg\" alt=\"Fornecedor profissional da China\" width=\"600\" height=\"925\" \/><\/li>\n<\/ul>","protected":false},"excerpt":{"rendered":"<p><strong>Tipo<\/strong>: Bolsa para armazenamento de acess\u00f3rios digitais<\/p>\n<p><strong>N\u00famero do item:<\/strong> JH004<\/p>\n<p><strong>Tamanho do item<\/strong>: 13.5*9*6CM\/19.5*11*6CM<\/p>\n<p><strong>Cores<\/strong>: Marrom<\/p>\n<p><strong>Material:\u00a0<\/strong>Papel kraft \u00e0 prova d'\u00e1gua<\/p>\n<p>&nbsp;<\/p>\n<p>&nbsp;<\/p>\n<p>Somos um fornecedor profissional da China. Desde 1997, iniciamos nossos neg\u00f3cios. Mantemos uma sensibilidade de mercado extremamente alta para as diversas commodities. Somos especializados em itens de armazenamento no atacado, fazemos OEM, ODM e fornecemos um servi\u00e7o completo de compras em um s\u00f3 lugar. Temos o prazer de lhe oferecer os produtos mais populares para ajud\u00e1-lo a expandir seus neg\u00f3cios.<\/p>\n<p>&nbsp;<\/p>\n<p>&nbsp;<\/p>","protected":false},"featured_media":8490,"comment_status":"open","ping_status":"closed","template":"","meta":{"_acf_changed":false},"product_brand":[],"product_cat":[32],"product_tag":[149,150,151],"class_list":{"0":"post-8485","1":"product","2":"type-product","3":"status-publish","4":"has-post-thumbnail","6":"product_cat-digital-bag","7":"product_tag-china-professional-supplier","8":"product_tag-digital-accessories-storage","9":"product_tag-wear-resistant","11":"first","12":"instock","13":"shipping-taxable","14":"product-type-simple","15":"swiper-slide"},"acf":[],"_links":{"self":[{"href":"https:\/\/www.sellersunionagent.com\/pt\/wp-json\/wp\/v2\/product\/8485","targetHints":{"allow":["GET"]}}],"collection":[{"href":"https:\/\/www.sellersunionagent.com\/pt\/wp-json\/wp\/v2\/product"}],"about":[{"href":"https:\/\/www.sellersunionagent.com\/pt\/wp-json\/wp\/v2\/types\/product"}],"replies":[{"embeddable":true,"href":"https:\/\/www.sellersunionagent.com\/pt\/wp-json\/wp\/v2\/comments?post=8485"}],"wp:featuredmedia":[{"embeddable":true,"href":"https:\/\/www.sellersunionagent.com\/pt\/wp-json\/wp\/v2\/media\/8490"}],"wp:attachment":[{"href":"https:\/\/www.sellersunionagent.com\/pt\/wp-json\/wp\/v2\/media?parent=8485"}],"wp:term":[{"taxonomy":"product_brand","embeddable":true,"href":"https:\/\/www.sellersunionagent.com\/pt\/wp-json\/wp\/v2\/product_brand?post=8485"},{"taxonomy":"product_cat","embeddable":true,"href":"https:\/\/www.sellersunionagent.com\/pt\/wp-json\/wp\/v2\/product_cat?post=8485"},{"taxonomy":"product_tag","embeddable":true,"href":"https:\/\/www.sellersunionagent.com\/pt\/wp-json\/wp\/v2\/product_tag?post=8485"}],"curies":[{"name":"wp","href":"https:\/\/api.w.org\/{rel}","templated":true}]}}