{"id":8455,"date":"2022-07-01T18:56:56","date_gmt":"2022-07-01T10:56:56","guid":{"rendered":"https:\/\/sellersunionagent.com\/?post_type=product&#038;p=8455"},"modified":"2022-08-31T14:09:18","modified_gmt":"2022-08-31T06:09:18","slug":"bulk-wholesale-washable-reusable-kraft-paper-bag-for-pot-plant-food-storage-decoration","status":"publish","type":"product","link":"https:\/\/www.sellersunionagent.com\/pt\/bulk-wholesale-washable-reusable-kraft-paper-bag-for-pot-plant-food-storage-decoration\/","title":{"rendered":"Bulk Wholesale Washable Reusable Kraft Paper Bag for Pot Plant Food Storage Decoration"},"content":{"rendered":"<h2>Bulk Wholesale Washable Reusable Kraft Paper Bag for Pot Plant Food Storage Decoration<\/h2>\n<p>Environmentally Friendly &amp; Healthy Materials: The use of biodegradable imported kraft paper which is food grade, to give you a healthy home life.<\/p>\n<p>&nbsp;<\/p>\n<p>&nbsp;<\/p>\n<p>Washable and Reusable: This storage bag is with the strength of cloth, but also durable and waterproof.<\/p>\n<p>&nbsp;<\/p>\n<p>Flexible Size: There are four sizes for option: S:10*10*15CM\/ M:12*12*23CM\/ L:15*15*28CM\/ XL:20*20*35CM. You can put different bags in diffrents place.<\/p>\n<p>&nbsp;<\/p>\n<p>&nbsp;<\/p>\n<p>Multifunctional Storage Basket: The washed kraft paper bag can be used to storage plants, fruits, vegetables, toys, etc. It is not only suitable for kitchen living room, but also for travel, business trip, picnic, RV, etc.Environmentally friendly and healthy materials.<\/p>\n<p><img fetchpriority=\"high\" decoding=\"async\" class=\"aligncenter wp-image-8466\" src=\"https:\/\/www.sellersunionagent.com\/wp-content\/uploads\/2022\/07\/wholesale-washable-reusable-kraft-paper-bag-6.jpg\" alt=\"Atacado a granel\" width=\"600\" height=\"600\" \/> <img decoding=\"async\" class=\"aligncenter wp-image-8467\" src=\"https:\/\/www.sellersunionagent.com\/wp-content\/uploads\/2022\/07\/wholesale-washable-reusable-kraft-paper-bag-5.jpg\" alt=\"Atacado a granel\" width=\"600\" height=\"600\" \/> <img decoding=\"async\" class=\"aligncenter wp-image-8468\" src=\"https:\/\/www.sellersunionagent.com\/wp-content\/uploads\/2022\/07\/wholesale-washable-reusable-kraft-paper-bag-4.jpg\" alt=\"Atacado a granel\" width=\"600\" height=\"600\" \/> <img loading=\"lazy\" decoding=\"async\" class=\"aligncenter wp-image-8469\" src=\"https:\/\/www.sellersunionagent.com\/wp-content\/uploads\/2022\/07\/wholesale-washable-reusable-kraft-paper-bag-3.jpg\" alt=\"Atacado a granel\" width=\"600\" height=\"600\" \/> <img loading=\"lazy\" decoding=\"async\" class=\"aligncenter wp-image-8470\" src=\"https:\/\/www.sellersunionagent.com\/wp-content\/uploads\/2022\/07\/wholesale-washable-reusable-kraft-paper-bag-2.jpg\" alt=\"Atacado a granel\" width=\"600\" height=\"600\" \/> <img loading=\"lazy\" decoding=\"async\" class=\"aligncenter wp-image-8471\" src=\"https:\/\/www.sellersunionagent.com\/wp-content\/uploads\/2022\/07\/wholesale-washable-reusable-kraft-paper-bag-1.jpg\" alt=\"Atacado a granel\" width=\"600\" height=\"600\" \/> <img loading=\"lazy\" decoding=\"async\" class=\"aligncenter wp-image-8472\" src=\"https:\/\/www.sellersunionagent.com\/wp-content\/uploads\/2022\/07\/wholesale-washable-reusable-kraft-paper-bag.jpg\" alt=\"Atacado a granel\" width=\"600\" height=\"600\" \/><\/p>","protected":false},"excerpt":{"rendered":"<p><strong>Tipo<\/strong>: Cesta de armazenamento<\/p>\n<p><strong>N\u00famero do item:<\/strong> JH001<\/p>\n<p><strong>Tamanho do item<\/strong>: S: 10*10*15CM\/ M: 12*12*23CM\/ L: 15*15*28CM\/ XL: 20*20*35CM<\/p>\n<p><strong>Cores<\/strong>: Marrom<\/p>\n<p><strong>Material: <\/strong>Papel kraft \u00e0 prova d'\u00e1gua<\/p>\n<p>&nbsp;<\/p>\n<p>&nbsp;<\/p>\n<p>As sacolas a granel no atacado est\u00e3o mais baratas agora. Materiais selecionados, acabamento superior, n\u00e3o o deixar\u00e3o decepcionado com a escolha!<\/p>","protected":false},"featured_media":8469,"comment_status":"open","ping_status":"closed","template":"","meta":{"_acf_changed":false},"product_brand":[],"product_cat":[31,186],"product_tag":[87,146],"class_list":{"0":"post-8455","1":"product","2":"type-product","3":"status-publish","4":"has-post-thumbnail","6":"product_cat-home-storage","7":"product_cat-living-room","8":"product_tag-bulk-wholesale","9":"product_tag-washablereusable","11":"first","12":"instock","13":"shipping-taxable","14":"product-type-simple","15":"swiper-slide"},"acf":[],"_links":{"self":[{"href":"https:\/\/www.sellersunionagent.com\/pt\/wp-json\/wp\/v2\/product\/8455","targetHints":{"allow":["GET"]}}],"collection":[{"href":"https:\/\/www.sellersunionagent.com\/pt\/wp-json\/wp\/v2\/product"}],"about":[{"href":"https:\/\/www.sellersunionagent.com\/pt\/wp-json\/wp\/v2\/types\/product"}],"replies":[{"embeddable":true,"href":"https:\/\/www.sellersunionagent.com\/pt\/wp-json\/wp\/v2\/comments?post=8455"}],"wp:featuredmedia":[{"embeddable":true,"href":"https:\/\/www.sellersunionagent.com\/pt\/wp-json\/wp\/v2\/media\/8469"}],"wp:attachment":[{"href":"https:\/\/www.sellersunionagent.com\/pt\/wp-json\/wp\/v2\/media?parent=8455"}],"wp:term":[{"taxonomy":"product_brand","embeddable":true,"href":"https:\/\/www.sellersunionagent.com\/pt\/wp-json\/wp\/v2\/product_brand?post=8455"},{"taxonomy":"product_cat","embeddable":true,"href":"https:\/\/www.sellersunionagent.com\/pt\/wp-json\/wp\/v2\/product_cat?post=8455"},{"taxonomy":"product_tag","embeddable":true,"href":"https:\/\/www.sellersunionagent.com\/pt\/wp-json\/wp\/v2\/product_tag?post=8455"}],"curies":[{"name":"wp","href":"https:\/\/api.w.org\/{rel}","templated":true}]}}