{"id":8454,"date":"2022-07-01T18:38:32","date_gmt":"2022-07-01T10:38:32","guid":{"rendered":"https:\/\/sellersunionagent.com\/?post_type=product&#038;p=8454"},"modified":"2026-01-06T14:29:11","modified_gmt":"2026-01-06T06:29:11","slug":"organizador-de-lavagem-portatil-multifuncional-bolsa-de-lavagem-para-viagem","status":"publish","type":"product","link":"https:\/\/www.sellersunionagent.com\/pt\/multifunctional-portable-washing-organizer-washing-bag-for-travel\/","title":{"rendered":"Organizador de lavagem port\u00e1til multifuncional Bolsa de lavagem para viagem"},"content":{"rendered":"<h2 id=\"title\" class=\"a-size-large a-spacing-none\"><span id=\"productTitle\" class=\"a-size-large product-title-word-break\">Bolsa de higiene pessoal para viagem, organizador port\u00e1til para lavagem, bolsa de cosm\u00e9ticos com suporte, estojo de lavagem para viagem<\/span><\/h2>\n<p><strong>Tipo:<\/strong> Bolsa de lavagem<\/p>\n<p><strong>Item NO: <\/strong>YJ30<br \/>\n<strong>Tamanho:<\/strong> 26*15*9cm<\/p>\n<p><strong>MOQ:<\/strong> 2000cs<\/p>\n<p><strong>Material: <\/strong>Sarja dupla face 230T<\/p>\n<p>&nbsp;<\/p>\n<ul>\n<li>Port\u00e1til e reutiliz\u00e1vel - Essa bolsa de um litro \u00e9 perfeita para garrafas de viagem e tamb\u00e9m \u00e9 \u00f3tima para armazenar cosm\u00e9ticos, produtos de higiene pessoal, brinquedos e pequenos objetos; Dicas para remover o cheiro da bolsa de higiene pessoal para viagem: Primeiramente, lave a parte externa e interna da bolsa transparente para maquiagem com \u00e1gua e sab\u00e3o; abra o z\u00edper da bolsa e deixe-a em um local bem ventilado por alguns dias.<\/li>\n<\/ul>\n<p>&nbsp;<\/p>\n<p>&nbsp;<\/p>\n<ul>\n<li>Presente leve e perfeito para seu amigo - A bolsa transparente para maquiagem aprovada pela TSA pesa menos de 1 lb, tamanho perfeito para caber na sua bagagem de m\u00e3o para viagens ou f\u00e9rias; essa pr\u00e1tica bolsa transparente para cosm\u00e9ticos \u00e9 a melhor op\u00e7\u00e3o de presente para seu amigo e sua fam\u00edlia.<\/li>\n<\/ul>\n<p><img fetchpriority=\"high\" decoding=\"async\" class=\"alignnone wp-image-8461\" src=\"https:\/\/www.sellersunionagent.com\/wp-content\/uploads\/2022\/07\/multifunctional-portable-washing-organizer-1.jpg\" alt=\"Fornecedor por atacado\" width=\"360\" height=\"360\" \/> <img decoding=\"async\" class=\"alignnone wp-image-8460\" src=\"https:\/\/www.sellersunionagent.com\/wp-content\/uploads\/2022\/07\/multifunctional-portable-washing-organizer-2.jpg\" alt=\"Fornecedor por atacado\" width=\"360\" height=\"360\" \/> <img decoding=\"async\" class=\"alignnone wp-image-8459\" src=\"https:\/\/www.sellersunionagent.com\/wp-content\/uploads\/2022\/07\/multifunctional-portable-washing-organizer-3.jpg\" alt=\"Fornecedor por atacado\" width=\"360\" height=\"360\" \/><\/p>\n<p><img loading=\"lazy\" decoding=\"async\" class=\"alignnone wp-image-8458\" src=\"https:\/\/www.sellersunionagent.com\/wp-content\/uploads\/2022\/07\/multifunctional-portable-washing-organizer-4.jpg\" alt=\"Fornecedor por atacado\" width=\"360\" height=\"360\" \/><img loading=\"lazy\" decoding=\"async\" class=\"alignnone wp-image-8457\" src=\"https:\/\/www.sellersunionagent.com\/wp-content\/uploads\/2022\/07\/multifunctional-portable-washing-organizer-5.jpg\" alt=\"Fornecedor por atacado\" width=\"360\" height=\"360\" \/> <img loading=\"lazy\" decoding=\"async\" class=\"alignnone wp-image-8456\" src=\"https:\/\/www.sellersunionagent.com\/wp-content\/uploads\/2022\/07\/multifunctional-portable-washing-organizer-6.jpg\" alt=\"Fornecedor por atacado\" width=\"360\" height=\"360\" \/><\/p>","protected":false},"excerpt":{"rendered":"<p><strong>MOQ<\/strong>:  500 pe\u00e7as<br \/>\n<strong>Amostra gr\u00e1tis<\/strong>:  Com suporte<br \/>\n<strong>Personaliza\u00e7\u00e3o<\/strong>: logotipo \/ cor \/ materiais \/ embalagem etc.<br \/>\n<strong>Desconto<\/strong>:  Primeiros pedidos a partir de 10% de desconto.<br \/>\n<strong>Taxa de entrega no prazo<\/strong>:\u00a0 100%<br \/>\n<strong>Total de remessas<\/strong>:  10000 pe\u00e7as<br \/>\n<strong>Remessa<\/strong>: Suporte expresso - frete mar\u00edtimo - frete terrestre<\/p>","protected":false},"featured_media":13786,"comment_status":"open","ping_status":"closed","template":"","meta":{"_acf_changed":false},"product_brand":[],"product_cat":[33],"product_tag":[67,61,99,91],"class_list":{"0":"post-8454","1":"product","2":"type-product","3":"status-publish","4":"has-post-thumbnail","6":"product_cat-toiletry-bag","7":"product_tag-travel-organizer","8":"product_tag-washing-bag","9":"product_tag-wholesale-maker-from-china","10":"product_tag-wholesaler","12":"first","13":"instock","14":"shipping-taxable","15":"purchasable","16":"product-type-simple","17":"swiper-slide"},"acf":[],"_links":{"self":[{"href":"https:\/\/www.sellersunionagent.com\/pt\/wp-json\/wp\/v2\/product\/8454","targetHints":{"allow":["GET"]}}],"collection":[{"href":"https:\/\/www.sellersunionagent.com\/pt\/wp-json\/wp\/v2\/product"}],"about":[{"href":"https:\/\/www.sellersunionagent.com\/pt\/wp-json\/wp\/v2\/types\/product"}],"replies":[{"embeddable":true,"href":"https:\/\/www.sellersunionagent.com\/pt\/wp-json\/wp\/v2\/comments?post=8454"}],"wp:featuredmedia":[{"embeddable":true,"href":"https:\/\/www.sellersunionagent.com\/pt\/wp-json\/wp\/v2\/media\/13786"}],"wp:attachment":[{"href":"https:\/\/www.sellersunionagent.com\/pt\/wp-json\/wp\/v2\/media?parent=8454"}],"wp:term":[{"taxonomy":"product_brand","embeddable":true,"href":"https:\/\/www.sellersunionagent.com\/pt\/wp-json\/wp\/v2\/product_brand?post=8454"},{"taxonomy":"product_cat","embeddable":true,"href":"https:\/\/www.sellersunionagent.com\/pt\/wp-json\/wp\/v2\/product_cat?post=8454"},{"taxonomy":"product_tag","embeddable":true,"href":"https:\/\/www.sellersunionagent.com\/pt\/wp-json\/wp\/v2\/product_tag?post=8454"}],"curies":[{"name":"wp","href":"https:\/\/api.w.org\/{rel}","templated":true}]}}