{"id":8438,"date":"2022-07-01T17:05:22","date_gmt":"2022-07-01T09:05:22","guid":{"rendered":"https:\/\/sellersunionagent.com\/?post_type=product&#038;p=8438"},"modified":"2026-01-06T14:29:12","modified_gmt":"2026-01-06T06:29:12","slug":"sacolas-de-compras-projetadas-para-mulheres-e-meninas-fabricadas-na-china","status":"publish","type":"product","link":"https:\/\/www.sellersunionagent.com\/pt\/shopping-bags-designed-for-women-and-girls-from-china-manufacturing\/","title":{"rendered":"Sacolas de compras projetadas para mulheres e meninas fabricadas na China"},"content":{"rendered":"<h2><strong><b>Compras <\/b><\/strong><strong><b>Bolsas <\/b><\/strong><strong><b>Projetado para mulheres e meninas Fabricado na China<\/b><\/strong><\/h2>\n<p><strong>Tipo:<\/strong> Sacola de compras<\/p>\n<p><strong>Item n\u00ba: <\/strong>LL008<\/p>\n<p><strong>Tamanho:<\/strong> 43*33*10cm<\/p>\n<p><strong>OEM\/ODM:<\/strong> Aceito<\/p>\n<p>&nbsp;<\/p>\n<p>&nbsp;<\/p>\n<p>Nessa sacola cabe tudo o que voc\u00ea precisa. Se preferir, voc\u00ea tamb\u00e9m pode comprar apenas uma dessas sacolas reutiliz\u00e1veis. Algumas das caracter\u00edsticas mais importantes da constru\u00e7\u00e3o da sacola incluem: Um tamanho grande que \u00e9 id\u00eantico ao de uma sacola de papel 43*33*10cm.<\/p>\n<p>&nbsp;<\/p>\n<p>&nbsp;<\/p>\n<p>O material para as sacolas \u00e9 um tecido de algod\u00e3o org\u00e2nico de 11 on\u00e7as. Esse material resistente atende aos padr\u00f5es org\u00e2nicos. Isso significa que o algod\u00e3o usado para criar as sacolas \u00e9 org\u00e2nico certificado, sem nenhum produto qu\u00edmico de processamento, fertilizante ou pesticida como os usados no algod\u00e3o comum. As sacolas s\u00e3o fabricadas na \u00cdndia e atendem a altos padr\u00f5es. Esse produto pode n\u00e3o ser ideal para impress\u00e3o manual em tela.<\/p>\n<p>&nbsp;<\/p>\n<p>&nbsp;<\/p>\n<p>Esses sacos de supermercado reutiliz\u00e1veis s\u00e3o feitos de algod\u00e3o org\u00e2nico natural e cru 100%. Voc\u00ea pode lav\u00e1-las facilmente em sua m\u00e1quina de lavar.<\/p>\n<p>&nbsp;<\/p>\n<p>&nbsp;<\/p>\n<p><img fetchpriority=\"high\" decoding=\"async\" class=\"aligncenter wp-image-8752\" src=\"https:\/\/www.sellersunionagent.com\/wp-content\/uploads\/2022\/07\/shopping-bags-designed-for-women-and-girls-4.png\" alt=\"Fabrica\u00e7\u00e3o na China\" width=\"600\" height=\"572\" \/> <img decoding=\"async\" class=\"aligncenter wp-image-8753\" src=\"https:\/\/www.sellersunionagent.com\/wp-content\/uploads\/2022\/07\/shopping-bags-designed-for-women-and-girls-3.png\" alt=\"Fabrica\u00e7\u00e3o na China\" width=\"600\" height=\"567\" \/> <img decoding=\"async\" class=\"aligncenter wp-image-8754\" src=\"https:\/\/www.sellersunionagent.com\/wp-content\/uploads\/2022\/07\/shopping-bags-designed-for-women-and-girls-2.png\" alt=\"Fabrica\u00e7\u00e3o na China\" width=\"600\" height=\"581\" \/> <img loading=\"lazy\" decoding=\"async\" class=\"aligncenter wp-image-8755\" src=\"https:\/\/www.sellersunionagent.com\/wp-content\/uploads\/2022\/07\/shopping-bags-designed-for-women-and-girls-1.png\" alt=\"Fabrica\u00e7\u00e3o na China\" width=\"600\" height=\"564\" \/><img loading=\"lazy\" decoding=\"async\" class=\"aligncenter wp-image-8751\" src=\"https:\/\/www.sellersunionagent.com\/wp-content\/uploads\/2022\/07\/shopping-bags-designed-for-women-and-girls-5.png\" alt=\"Fabrica\u00e7\u00e3o na China\" width=\"600\" height=\"544\" \/> <img loading=\"lazy\" decoding=\"async\" class=\"aligncenter wp-image-8748\" src=\"https:\/\/www.sellersunionagent.com\/wp-content\/uploads\/2022\/07\/shopping-bags-designed-for-women-and-girls-8.jpg\" alt=\"Fabrica\u00e7\u00e3o na China\" width=\"600\" height=\"600\" \/> <img loading=\"lazy\" decoding=\"async\" class=\"aligncenter wp-image-8747\" src=\"https:\/\/www.sellersunionagent.com\/wp-content\/uploads\/2022\/07\/shopping-bags-designed-for-women-and-girls-9.jpg\" alt=\"Fabrica\u00e7\u00e3o na China\" width=\"600\" height=\"600\" \/> <img loading=\"lazy\" decoding=\"async\" class=\"aligncenter wp-image-8750\" src=\"https:\/\/www.sellersunionagent.com\/wp-content\/uploads\/2022\/07\/\u8be6\u60c5\u9875.png\" alt=\"Fabrica\u00e7\u00e3o na China\" width=\"600\" height=\"639\" \/><\/p>","protected":false},"excerpt":{"rendered":"<p><strong>MOQ<\/strong>:  3000 pe\u00e7as<br \/>\n<strong>Amostra gr\u00e1tis<\/strong>:  Com suporte<br \/>\n<strong>Personaliza\u00e7\u00e3o<\/strong>: logotipo \/ cor \/ materiais \/ embalagem etc.<br \/>\n<strong>Desconto<\/strong>:  Primeiros pedidos a partir de 10% de desconto.<br \/>\n<strong>Taxa de entrega no prazo<\/strong>:\u00a0 100%<br \/>\n<strong>Total de remessas<\/strong>:  10000 pe\u00e7as<br \/>\n<strong>Remessa<\/strong>: Suporte expresso - frete mar\u00edtimo - frete terrestre<\/p>","protected":false},"featured_media":8750,"comment_status":"open","ping_status":"closed","template":"","meta":{"_acf_changed":false},"product_brand":[],"product_cat":[29],"product_tag":[115,56,93],"class_list":{"0":"post-8438","1":"product","2":"type-product","3":"status-publish","4":"has-post-thumbnail","6":"product_cat-shopping-bag","7":"product_tag-retailer","8":"product_tag-shopping-bag","9":"product_tag-storage","11":"first","12":"instock","13":"shipping-taxable","14":"purchasable","15":"product-type-simple","16":"swiper-slide"},"acf":[],"_links":{"self":[{"href":"https:\/\/www.sellersunionagent.com\/pt\/wp-json\/wp\/v2\/product\/8438","targetHints":{"allow":["GET"]}}],"collection":[{"href":"https:\/\/www.sellersunionagent.com\/pt\/wp-json\/wp\/v2\/product"}],"about":[{"href":"https:\/\/www.sellersunionagent.com\/pt\/wp-json\/wp\/v2\/types\/product"}],"replies":[{"embeddable":true,"href":"https:\/\/www.sellersunionagent.com\/pt\/wp-json\/wp\/v2\/comments?post=8438"}],"wp:featuredmedia":[{"embeddable":true,"href":"https:\/\/www.sellersunionagent.com\/pt\/wp-json\/wp\/v2\/media\/8750"}],"wp:attachment":[{"href":"https:\/\/www.sellersunionagent.com\/pt\/wp-json\/wp\/v2\/media?parent=8438"}],"wp:term":[{"taxonomy":"product_brand","embeddable":true,"href":"https:\/\/www.sellersunionagent.com\/pt\/wp-json\/wp\/v2\/product_brand?post=8438"},{"taxonomy":"product_cat","embeddable":true,"href":"https:\/\/www.sellersunionagent.com\/pt\/wp-json\/wp\/v2\/product_cat?post=8438"},{"taxonomy":"product_tag","embeddable":true,"href":"https:\/\/www.sellersunionagent.com\/pt\/wp-json\/wp\/v2\/product_tag?post=8438"}],"curies":[{"name":"wp","href":"https:\/\/api.w.org\/{rel}","templated":true}]}}