{"id":8432,"date":"2022-07-01T16:48:16","date_gmt":"2022-07-01T08:48:16","guid":{"rendered":"https:\/\/sellersunionagent.com\/?post_type=product&#038;p=8432"},"modified":"2026-01-06T14:29:13","modified_gmt":"2026-01-06T06:29:13","slug":"sacolas-de-supermercado-reutilizaveis-sacolas-de-reciclagem-da-moda-com-bolsa-sacolas-de-nailon-lavaveis-em-maquina-a-granel-fabricacao-na-china","status":"publish","type":"product","link":"https:\/\/www.sellersunionagent.com\/pt\/reusable-grocery-tote-bags-fashion-recycling-bags-with-pouch-bulk-machine-washable-nylon-bags-china-manufacturing\/","title":{"rendered":"Sacos de supermercado reutiliz\u00e1veis Sacos de reciclagem de moda com bolsa Sacos de nylon lav\u00e1veis por m\u00e1quina a granel Fabrica\u00e7\u00e3o na China"},"content":{"rendered":"<h2><strong><b>Sacos de nylon reutiliz\u00e1veis para supermercado Sacos de reciclagem de moda com bolsa Sacos de nylon lav\u00e1veis \u00e0 m\u00e1quina a granel<\/b><\/strong><strong><b>\u00a0Fabrica\u00e7\u00e3o na China<\/b><\/strong><\/h2>\n<p><strong>Tipo:<\/strong> Sacola de compras<\/p>\n<p><strong>Item n\u00ba: <\/strong>LL007<\/p>\n<p><b>Material: <\/b>Oxford<\/p>\n<p><strong>Cor:<\/strong> Amarelo<\/p>\n<p>&nbsp;<\/p>\n<p>&nbsp;<\/p>\n<ul class=\"a-unordered-list a-vertical a-spacing-mini\">\n<li><span class=\"a-list-item\">F\u00c1CIL DE CARREGAR: Essas sacolas de compras reutiliz\u00e1veis dobr\u00e1veis podem ser facilmente dobradas na bolsa de bolso anexa, para que voc\u00ea possa carregar sacolas de supermercado reutiliz\u00e1veis dobr\u00e1veis na bolsa ou no carro sem ocupar muito espa\u00e7o. O material de n\u00e1ilon torna nossa sacola de supermercado mais leve, dobrando menos do que o tamanho da palma da m\u00e3o, colocada aleatoriamente em sua bolsa ou carro, n\u00e3o ocupa espa\u00e7o e \u00e9 f\u00e1cil de guardar.<\/span><\/li>\n<\/ul>\n<p>&nbsp;<\/p>\n<p>&nbsp;<\/p>\n<ul class=\"a-unordered-list a-vertical a-spacing-mini\">\n<li><span class=\"a-list-item\">Lav\u00e1vel \u00e0 m\u00e1quina e ecologicamente correto: Feita de tecido de n\u00e1ilon dur\u00e1vel, reutiliz\u00e1vel e lav\u00e1vel \u00e0 m\u00e1quina. Nossas sacolas reutiliz\u00e1veis podem ser lavadas na m\u00e1quina para economizar seu tempo. Nossas sacolas de supermercado reutiliz\u00e1veis t\u00eam como objetivo criar um futuro com um planeta verde e feliz, e precisamos que voc\u00ea se junte a n\u00f3s. Voc\u00ea pode reutilizar essas sacolas de supermercado e reduzir sua pegada de carbono e o uso de pl\u00e1stico ao adquirir nossas sacolas de compras reutiliz\u00e1veis. Vamos salvar o mundo!<\/span><\/li>\n<\/ul>\n<p>&nbsp;<\/p>\n<p>&nbsp;<\/p>\n<ul class=\"a-unordered-list a-vertical a-spacing-mini\">\n<li><span class=\"a-list-item\">Adequado para v\u00e1rias ocasi\u00f5es e APLIC\u00c1VEL PARA O DIA A DIA: As sacolas dobr\u00e1veis para supermercado s\u00e3o excelentes para suprimentos di\u00e1rios quando voc\u00ea precisa fazer uma viagem ou dar um presente de festa de anivers\u00e1rio, Halloween, dia de Natal, feriado, mercearia, supermercado, etc. Nosso conjunto de sacolas reutiliz\u00e1veis pode acrescentar um pouco de divers\u00e3o \u00e0s suas compras. Oferecemos essas sacolas lav\u00e1veis em v\u00e1rios estilos e cores divertidos e vibrantes.<\/span><\/li>\n<\/ul>\n<p>&nbsp;<\/p>\n<p>&nbsp;<\/p>\n<p><img fetchpriority=\"high\" decoding=\"async\" class=\"aligncenter wp-image-8742\" src=\"https:\/\/www.sellersunionagent.com\/wp-content\/uploads\/2022\/07\/reusable-grocery-tote-bags-3.png\" alt=\"Fabrica\u00e7\u00e3o na China\" width=\"600\" height=\"544\" \/><img decoding=\"async\" class=\"aligncenter wp-image-8738\" src=\"https:\/\/www.sellersunionagent.com\/wp-content\/uploads\/2022\/07\/reusable-grocery-tote-bags-5.png\" alt=\"Fabrica\u00e7\u00e3o na China\" width=\"600\" height=\"520\" \/> <img decoding=\"async\" class=\"aligncenter wp-image-8744\" src=\"https:\/\/www.sellersunionagent.com\/wp-content\/uploads\/2022\/07\/reusable-grocery-tote-bags-1.png\" alt=\"Fabrica\u00e7\u00e3o na China\" width=\"600\" height=\"543\" \/><img loading=\"lazy\" decoding=\"async\" class=\"aligncenter wp-image-9296\" src=\"https:\/\/www.sellersunionagent.com\/wp-content\/uploads\/2022\/07\/4594404576_71007103-1.jpg\" alt=\"\" width=\"600\" height=\"600\" \/> <img loading=\"lazy\" decoding=\"async\" class=\"aligncenter wp-image-9297\" src=\"https:\/\/www.sellersunionagent.com\/wp-content\/uploads\/2022\/07\/O1CN01uU7VTo1Bs2gqEQACH_0-0-cib-1.jpg\" alt=\"Fabrica\u00e7\u00e3o na China\" width=\"600\" height=\"600\" \/><\/p>","protected":false},"excerpt":{"rendered":"<p><strong>MOQ<\/strong>:  1000 pe\u00e7as<br \/>\n<strong>Amostra gr\u00e1tis<\/strong>:  Com suporte<br \/>\n<strong>Personaliza\u00e7\u00e3o<\/strong>: logotipo \/ cor \/ materiais \/ embalagem etc.<br \/>\n<strong>Desconto<\/strong>:  Primeiros pedidos a partir de 10% de desconto.<br \/>\n<strong>Taxa de entrega no prazo<\/strong>:\u00a0 100%<br \/>\n<strong>Total de remessas<\/strong>:  10000 pe\u00e7as<br \/>\n<strong>Remessa<\/strong>: Suporte expresso - frete mar\u00edtimo - frete terrestre<\/p>","protected":false},"featured_media":8433,"comment_status":"open","ping_status":"closed","template":"","meta":{"_acf_changed":false},"product_brand":[],"product_cat":[29],"product_tag":[56,93],"class_list":{"0":"post-8432","1":"product","2":"type-product","3":"status-publish","4":"has-post-thumbnail","6":"product_cat-shopping-bag","7":"product_tag-shopping-bag","8":"product_tag-storage","10":"first","11":"instock","12":"shipping-taxable","13":"purchasable","14":"product-type-simple","15":"swiper-slide"},"acf":[],"_links":{"self":[{"href":"https:\/\/www.sellersunionagent.com\/pt\/wp-json\/wp\/v2\/product\/8432","targetHints":{"allow":["GET"]}}],"collection":[{"href":"https:\/\/www.sellersunionagent.com\/pt\/wp-json\/wp\/v2\/product"}],"about":[{"href":"https:\/\/www.sellersunionagent.com\/pt\/wp-json\/wp\/v2\/types\/product"}],"replies":[{"embeddable":true,"href":"https:\/\/www.sellersunionagent.com\/pt\/wp-json\/wp\/v2\/comments?post=8432"}],"wp:featuredmedia":[{"embeddable":true,"href":"https:\/\/www.sellersunionagent.com\/pt\/wp-json\/wp\/v2\/media\/8433"}],"wp:attachment":[{"href":"https:\/\/www.sellersunionagent.com\/pt\/wp-json\/wp\/v2\/media?parent=8432"}],"wp:term":[{"taxonomy":"product_brand","embeddable":true,"href":"https:\/\/www.sellersunionagent.com\/pt\/wp-json\/wp\/v2\/product_brand?post=8432"},{"taxonomy":"product_cat","embeddable":true,"href":"https:\/\/www.sellersunionagent.com\/pt\/wp-json\/wp\/v2\/product_cat?post=8432"},{"taxonomy":"product_tag","embeddable":true,"href":"https:\/\/www.sellersunionagent.com\/pt\/wp-json\/wp\/v2\/product_tag?post=8432"}],"curies":[{"name":"wp","href":"https:\/\/api.w.org\/{rel}","templated":true}]}}