{"id":8426,"date":"2022-07-01T16:36:34","date_gmt":"2022-07-01T08:36:34","guid":{"rendered":"https:\/\/sellersunionagent.com\/?post_type=product&#038;p=8426"},"modified":"2022-07-06T17:29:50","modified_gmt":"2022-07-06T09:29:50","slug":"sacola-de-compras-sustentavel-com-borboletas-e-flores-fabricacao-na-china","status":"publish","type":"product","link":"https:\/\/www.sellersunionagent.com\/pt\/sustainable-butterfly-and-flower-shopping-bag-china-manufacturing\/","title":{"rendered":"Bolsa de compras sustent\u00e1vel de borboletas e flores Fabrica\u00e7\u00e3o na China"},"content":{"rendered":"<h2><strong><b>Bolsa de compras sustent\u00e1vel de borboletas e flores Fabrica\u00e7\u00e3o na China<\/b><\/strong><\/h2>\n<p>&nbsp;<\/p>\n<p>&nbsp;<\/p>\n<p>Essa sacola de compras \u00e9 muito f\u00e1cil de lavar porque foi feita de tecido oxford. Basta usar um pano \u00famido para remover a sujeira.<\/p>\n<p>&nbsp;<\/p>\n<p>&nbsp;<\/p>\n<p>O tamanho de cada sacola de compras \u00e9 45*35*8CM. A sacola de compras \u00e9 dobr\u00e1vel para facilitar o armazenamento quando n\u00e3o estiver em uso. Basta dobr\u00e1-la para economizar espa\u00e7o quando n\u00e3o estiver em uso ou para transporte. Pode ser guardada no carro, na bolsa de m\u00e3o, na mochila e na bagagem.<\/p>\n<p>&nbsp;<\/p>\n<p>&nbsp;<\/p>\n<p>Uma sacola de compras reutiliz\u00e1vel equivale a mais de 1.000 vezes o uso de sacolas pl\u00e1sticas. Uma \u00f3tima alternativa \u00e0s sacolas pl\u00e1sticas de uso \u00fanico, que muitas vezes n\u00e3o s\u00e3o recicladas e frequentemente poluem os cursos d'\u00e1gua e outras \u00e1reas p\u00fablicas. Escolha uma maneira moderna e ecol\u00f3gica de proteger nossa Terra. Mantenha as sacolas de compras dobradas em sua bolsa e no carro para emerg\u00eancias ou atividades ao ar livre.<\/p>\n<p>&nbsp;<\/p>\n<p>&nbsp;<\/p>\n<p><img fetchpriority=\"high\" decoding=\"async\" class=\"aligncenter wp-image-8429\" src=\"https:\/\/www.sellersunionagent.com\/wp-content\/uploads\/2022\/07\/sustainable-butterfly-and-flower-shopping-bag-2.jpg\" alt=\"Fabrica\u00e7\u00e3o na China\" width=\"600\" height=\"600\" \/><img decoding=\"async\" class=\"aligncenter wp-image-8735\" src=\"https:\/\/www.sellersunionagent.com\/wp-content\/uploads\/2022\/07\/sustainable-butterfly-and-flower-shopping-bag-11.jpg\" alt=\"Fabrica\u00e7\u00e3o na China\" width=\"600\" height=\"600\" \/> <img decoding=\"async\" class=\"aligncenter wp-image-8736\" src=\"https:\/\/www.sellersunionagent.com\/wp-content\/uploads\/2022\/07\/sustainable-butterfly-and-flower-shopping-bag.png\" alt=\"Fabrica\u00e7\u00e3o na China\" width=\"600\" height=\"588\" \/><\/p>","protected":false},"excerpt":{"rendered":"<p>Tipo: Sacola de compras<\/p>\n<p>N\u00ba do item:LL006<\/p>\n<p>Tamanho: 45*35*8CM<\/p>\n<p>OEM\/ODM: aceito<\/p>","protected":false},"featured_media":8430,"comment_status":"open","ping_status":"closed","template":"","meta":{"_acf_changed":false},"product_brand":[],"product_cat":[29],"product_tag":[56,93],"class_list":{"0":"post-8426","1":"product","2":"type-product","3":"status-publish","4":"has-post-thumbnail","6":"product_cat-shopping-bag","7":"product_tag-shopping-bag","8":"product_tag-storage","10":"first","11":"instock","12":"shipping-taxable","13":"product-type-simple","14":"swiper-slide"},"acf":[],"_links":{"self":[{"href":"https:\/\/www.sellersunionagent.com\/pt\/wp-json\/wp\/v2\/product\/8426","targetHints":{"allow":["GET"]}}],"collection":[{"href":"https:\/\/www.sellersunionagent.com\/pt\/wp-json\/wp\/v2\/product"}],"about":[{"href":"https:\/\/www.sellersunionagent.com\/pt\/wp-json\/wp\/v2\/types\/product"}],"replies":[{"embeddable":true,"href":"https:\/\/www.sellersunionagent.com\/pt\/wp-json\/wp\/v2\/comments?post=8426"}],"wp:featuredmedia":[{"embeddable":true,"href":"https:\/\/www.sellersunionagent.com\/pt\/wp-json\/wp\/v2\/media\/8430"}],"wp:attachment":[{"href":"https:\/\/www.sellersunionagent.com\/pt\/wp-json\/wp\/v2\/media?parent=8426"}],"wp:term":[{"taxonomy":"product_brand","embeddable":true,"href":"https:\/\/www.sellersunionagent.com\/pt\/wp-json\/wp\/v2\/product_brand?post=8426"},{"taxonomy":"product_cat","embeddable":true,"href":"https:\/\/www.sellersunionagent.com\/pt\/wp-json\/wp\/v2\/product_cat?post=8426"},{"taxonomy":"product_tag","embeddable":true,"href":"https:\/\/www.sellersunionagent.com\/pt\/wp-json\/wp\/v2\/product_tag?post=8426"}],"curies":[{"name":"wp","href":"https:\/\/api.w.org\/{rel}","templated":true}]}}