{"id":8401,"date":"2022-07-01T18:29:19","date_gmt":"2022-07-01T10:29:19","guid":{"rendered":"https:\/\/sellersunionagent.com\/?post_type=product&#038;p=8401"},"modified":"2022-07-01T18:29:20","modified_gmt":"2022-07-01T10:29:20","slug":"saco-cosmetico-de-papel-kraft-a-prova-dagua-fornecedor-atacadista-a-granel","status":"publish","type":"product","link":"https:\/\/www.sellersunionagent.com\/pt\/waterproof-kraft-paper-cosmetic-bag-bulk-wholesale-supplier\/","title":{"rendered":"Saco de papel kraft imperme\u00e1vel para cosm\u00e9ticos Fornecedor atacadista a granel"},"content":{"rendered":"<h2>Saco de papel kraft imperme\u00e1vel para cosm\u00e9ticos Fornecedor atacadista a granel<\/h2>\n<ul>\n<li>Material \u00e0 prova d'\u00e1gua, n\u00e3o \u00e9 f\u00e1cil de quebrar, \u00e9 antirespingo<\/li>\n<li>Textura do papel<\/li>\n<li>Atribu\u00eddo ao asseio<\/li>\n<li>Z\u00edper liso e de alta qualidade<\/li>\n<li>Design exclusivo da veda\u00e7\u00e3o<\/li>\n<li>O gancho permite que a bolsa fique pendurada no cabide<\/li>\n<li>Personaliza\u00e7\u00e3o do suporte<br \/>\n<img fetchpriority=\"high\" decoding=\"async\" class=\"aligncenter wp-image-8416\" src=\"https:\/\/www.sellersunionagent.com\/wp-content\/uploads\/2022\/07\/waterproof-kraft-paper-cosmetic-bag-4.jpg\" alt=\"Fornecedor atacadista a granel\" width=\"600\" height=\"600\" \/><img decoding=\"async\" class=\"aligncenter wp-image-8412\" src=\"https:\/\/www.sellersunionagent.com\/wp-content\/uploads\/2022\/07\/waterproof-kraft-paper-cosmetic-bag-8.png\" alt=\"Fornecedor atacadista a granel\" width=\"600\" height=\"468\" \/><img decoding=\"async\" class=\"aligncenter wp-image-8409\" src=\"https:\/\/www.sellersunionagent.com\/wp-content\/uploads\/2022\/07\/waterproof-kraft-paper-cosmetic-bag-11.jpg\" alt=\"Fornecedor atacadista a granel\" width=\"600\" height=\"600\" \/><img loading=\"lazy\" decoding=\"async\" class=\"aligncenter wp-image-8415\" src=\"https:\/\/www.sellersunionagent.com\/wp-content\/uploads\/2022\/07\/waterproof-kraft-paper-cosmetic-bag-5.png\" alt=\"Fornecedor atacadista a granel\" width=\"600\" height=\"488\" \/> <img loading=\"lazy\" decoding=\"async\" class=\"aligncenter wp-image-8414\" src=\"https:\/\/www.sellersunionagent.com\/wp-content\/uploads\/2022\/07\/waterproof-kraft-paper-cosmetic-bag-6.png\" alt=\"Fornecedor atacadista a granel\" width=\"600\" height=\"480\" \/> <img loading=\"lazy\" decoding=\"async\" class=\"aligncenter wp-image-8413\" src=\"https:\/\/www.sellersunionagent.com\/wp-content\/uploads\/2022\/07\/waterproof-kraft-paper-cosmetic-bag-7.png\" alt=\"Fornecedor atacadista a granel\" width=\"600\" height=\"483\" \/><img loading=\"lazy\" decoding=\"async\" class=\"aligncenter wp-image-8411\" src=\"https:\/\/www.sellersunionagent.com\/wp-content\/uploads\/2022\/07\/waterproof-kraft-paper-cosmetic-bag-9.png\" alt=\"Fornecedor atacadista a granel\" width=\"600\" height=\"474\" \/><\/li>\n<\/ul>","protected":false},"excerpt":{"rendered":"<p><strong>Tipo<\/strong>: Bolsa de maquiagem<\/p>\n<p><strong>N\u00famero do item:<\/strong> JH003<\/p>\n<p><strong>Tamanho do item<\/strong>:13,5*9*6CM\/ 19,5*11*6CM<\/p>\n<p><strong>Cores<\/strong>: Amarelo\/cinza<\/p>\n<p><strong>Material: <\/strong>Papel kraft \u00e0 prova d'\u00e1gua<\/p>\n<p>&nbsp;<\/p>\n<p>As sacolas a granel no atacado est\u00e3o mais baratas agora. Materiais selecionados, acabamento superior, n\u00e3o o deixar\u00e3o decepcionado com a escolha!<\/p>","protected":false},"featured_media":8419,"comment_status":"open","ping_status":"closed","template":"","meta":{"_acf_changed":false},"product_brand":[],"product_cat":[30],"product_tag":[100],"class_list":{"0":"post-8401","1":"product","2":"type-product","3":"status-publish","4":"has-post-thumbnail","6":"product_cat-makeup-bag","7":"product_tag-waterproof","9":"first","10":"instock","11":"shipping-taxable","12":"product-type-simple","13":"swiper-slide"},"acf":[],"_links":{"self":[{"href":"https:\/\/www.sellersunionagent.com\/pt\/wp-json\/wp\/v2\/product\/8401","targetHints":{"allow":["GET"]}}],"collection":[{"href":"https:\/\/www.sellersunionagent.com\/pt\/wp-json\/wp\/v2\/product"}],"about":[{"href":"https:\/\/www.sellersunionagent.com\/pt\/wp-json\/wp\/v2\/types\/product"}],"replies":[{"embeddable":true,"href":"https:\/\/www.sellersunionagent.com\/pt\/wp-json\/wp\/v2\/comments?post=8401"}],"wp:featuredmedia":[{"embeddable":true,"href":"https:\/\/www.sellersunionagent.com\/pt\/wp-json\/wp\/v2\/media\/8419"}],"wp:attachment":[{"href":"https:\/\/www.sellersunionagent.com\/pt\/wp-json\/wp\/v2\/media?parent=8401"}],"wp:term":[{"taxonomy":"product_brand","embeddable":true,"href":"https:\/\/www.sellersunionagent.com\/pt\/wp-json\/wp\/v2\/product_brand?post=8401"},{"taxonomy":"product_cat","embeddable":true,"href":"https:\/\/www.sellersunionagent.com\/pt\/wp-json\/wp\/v2\/product_cat?post=8401"},{"taxonomy":"product_tag","embeddable":true,"href":"https:\/\/www.sellersunionagent.com\/pt\/wp-json\/wp\/v2\/product_tag?post=8401"}],"curies":[{"name":"wp","href":"https:\/\/api.w.org\/{rel}","templated":true}]}}