{"id":8378,"date":"2022-06-30T18:14:08","date_gmt":"2022-06-30T10:14:08","guid":{"rendered":"https:\/\/sellersunionagent.com\/?post_type=product&#038;p=8378"},"modified":"2022-07-09T15:31:05","modified_gmt":"2022-07-09T07:31:05","slug":"bolsa-de-maquiagem-por-atacado-bolsa-de-viagem-cosmetica-para-mulheres-e-meninas","status":"publish","type":"product","link":"https:\/\/www.sellersunionagent.com\/pt\/wholesale-makeup-bag-cosmetic-travel-bag-for-women-girls\/","title":{"rendered":"Bolsa de maquiagem por atacado Bolsa de viagem cosm\u00e9tica para mulheres e meninas\u00a0"},"content":{"rendered":"<h2 id=\"title\" class=\"a-size-large a-spacing-none\"><span id=\"productTitle\" class=\"a-size-large product-title-word-break\">Bolsa de maquiagem Bolsa de viagem para cosm\u00e9ticos Organizador de maquiagem Bolsa pequena para cosm\u00e9ticos Estojo port\u00e1til para pinc\u00e9is para mulheres e meninas\u00a0<\/span><\/h2>\n<p>&nbsp;<\/p>\n<p>&nbsp;<\/p>\n<ul>\n<li><strong>TAMANHO COMPACTO PARA VIAGEM<\/strong> - Tamanho: 22*7*14cm, port\u00e1til e leve. A pequena bolsa de cosm\u00e9ticos pode conter alguns cosm\u00e9ticos pequenos e produtos de cuidados com a pele, podendo ser usada para trocar, batom, ferramentas de maquiagem, etc.<\/li>\n<\/ul>\n<p>&nbsp;<\/p>\n<p>&nbsp;<\/p>\n<ul>\n<li><strong>PRESENTES PERFEITOS<\/strong> - Nossas bolsas para produtos de higiene pessoal s\u00e3o adequadas para adolescentes, meninas e mulheres e podem ser usadas na vida cotidiana, nos neg\u00f3cios, em viagens e em passeios de fim de semana. Funciona como bolsa de higiene pessoal, bolsa de maquiagem, porta-joias, porta-moedas. Presente perfeito para o Dia dos Namorados, Natal, anivers\u00e1rio, dia de A\u00e7\u00e3o de Gra\u00e7as.<\/li>\n<\/ul>\n<p>&nbsp;<\/p>\n<p>&nbsp;<\/p>\n<ul>\n<li><strong>COMPRE COM CONFIAN\u00c7A<\/strong> - A Gloppie tem o compromisso de fornecer aos clientes produtos de qualidade e servi\u00e7os atenciosos. Se tiver alguma d\u00favida durante o uso do estojo de maquiagem, entre em contato conosco. A satisfa\u00e7\u00e3o dos clientes \u00e9 a nossa maior meta.<\/li>\n<\/ul>\n<p>&nbsp;<\/p>\n<p><img fetchpriority=\"high\" decoding=\"async\" class=\"aligncenter wp-image-8384\" src=\"https:\/\/www.sellersunionagent.com\/wp-content\/uploads\/2022\/06\/makeup-organizer-cosmetic-bag-11.jpg\" alt=\"\" width=\"500\" height=\"500\" \/><\/p>\n<p><img decoding=\"async\" class=\"aligncenter wp-image-8385\" src=\"https:\/\/www.sellersunionagent.com\/wp-content\/uploads\/2022\/06\/makeup-organizer-cosmetic-bag-10.jpg\" alt=\"\" width=\"500\" height=\"500\" \/><\/p>\n<p><img decoding=\"async\" class=\"aligncenter wp-image-8386\" src=\"https:\/\/www.sellersunionagent.com\/wp-content\/uploads\/2022\/06\/makeup-organizer-cosmetic-bag-9.jpg\" alt=\"\" width=\"500\" height=\"500\" \/><\/p>","protected":false},"excerpt":{"rendered":"<p><strong>Tipo<\/strong>: Bolsa de maquiagem<\/p>\n<p><strong>N\u00famero do item:<\/strong> JL003<\/p>\n<p><strong>Tamanho do item<\/strong>: 22*7*14cm<\/p>\n<p><strong>Material: <\/strong>PVC<\/p>","protected":false},"featured_media":8381,"comment_status":"open","ping_status":"closed","template":"","meta":{"_acf_changed":false},"product_brand":[],"product_cat":[30],"product_tag":[78,89,67,91,65],"class_list":{"0":"post-8378","1":"product","2":"type-product","3":"status-publish","4":"has-post-thumbnail","6":"product_cat-makeup-bag","7":"product_tag-makeup-bag","8":"product_tag-multi-function","9":"product_tag-travel-organizer","10":"product_tag-wholesaler","11":"product_tag-women","13":"first","14":"instock","15":"shipping-taxable","16":"product-type-simple","17":"swiper-slide"},"acf":[],"_links":{"self":[{"href":"https:\/\/www.sellersunionagent.com\/pt\/wp-json\/wp\/v2\/product\/8378","targetHints":{"allow":["GET"]}}],"collection":[{"href":"https:\/\/www.sellersunionagent.com\/pt\/wp-json\/wp\/v2\/product"}],"about":[{"href":"https:\/\/www.sellersunionagent.com\/pt\/wp-json\/wp\/v2\/types\/product"}],"replies":[{"embeddable":true,"href":"https:\/\/www.sellersunionagent.com\/pt\/wp-json\/wp\/v2\/comments?post=8378"}],"wp:featuredmedia":[{"embeddable":true,"href":"https:\/\/www.sellersunionagent.com\/pt\/wp-json\/wp\/v2\/media\/8381"}],"wp:attachment":[{"href":"https:\/\/www.sellersunionagent.com\/pt\/wp-json\/wp\/v2\/media?parent=8378"}],"wp:term":[{"taxonomy":"product_brand","embeddable":true,"href":"https:\/\/www.sellersunionagent.com\/pt\/wp-json\/wp\/v2\/product_brand?post=8378"},{"taxonomy":"product_cat","embeddable":true,"href":"https:\/\/www.sellersunionagent.com\/pt\/wp-json\/wp\/v2\/product_cat?post=8378"},{"taxonomy":"product_tag","embeddable":true,"href":"https:\/\/www.sellersunionagent.com\/pt\/wp-json\/wp\/v2\/product_tag?post=8378"}],"curies":[{"name":"wp","href":"https:\/\/api.w.org\/{rel}","templated":true}]}}