{"id":8354,"date":"2022-06-30T16:14:37","date_gmt":"2022-06-30T08:14:37","guid":{"rendered":"https:\/\/sellersunionagent.com\/?post_type=product&#038;p=8354"},"modified":"2022-07-11T15:18:58","modified_gmt":"2022-07-11T07:18:58","slug":"bolsas-de-compras-para-mulheres-bolsas-escolares-de-ombro-totes-com-bolsa-para-celular","status":"publish","type":"product","link":"https:\/\/www.sellersunionagent.com\/pt\/shopping-bags-for-women-school-shoulder-bags-totes-with-phone-bag\/","title":{"rendered":"Bolsas de compras para mulheres Bolsas de ombro para escola Bolsas com telefone Exportador da China"},"content":{"rendered":"<h2>Bolsas de compras para mulheres Bolsas escolares de ombro com bolsa para celular<\/h2>\n<p>&nbsp;<\/p>\n<p>&nbsp;<\/p>\n<p>A sacola de compras \u00e9 muito leve e dur\u00e1vel para uso di\u00e1rio. O tamanho dessa sacola \u00e9 38*60CM, o que pode atender \u00e0 sua demanda de grande capacidade.<\/p>\n<p>&nbsp;<\/p>\n<p>&nbsp;<\/p>\n<p>Perfeito para guardar seus itens pessoais, como ipad, celular, revista, passaporte, bolsa, cart\u00e3o, pap\u00e9is A4, livros, maquiagem.<\/p>\n<p>&nbsp;<\/p>\n<p>&nbsp;<\/p>\n<p>Como um bom companheiro para uma vida requintada e moderna. Um \u00f3timo presente para a senhora, namorada, m\u00e3e e professora. Deixe que aqueles que o possuem se tornem elegantes e bonitos todos os dias!<\/p>\n<p>&nbsp;<\/p>\n<p>&nbsp;<\/p>\n<p><img fetchpriority=\"high\" decoding=\"async\" class=\"aligncenter wp-image-8788\" src=\"https:\/\/www.sellersunionagent.com\/wp-content\/uploads\/2022\/06\/shopping-bags-for-women-school-shoulder-bags-totes-5.jpg\" alt=\"Fabrica\u00e7\u00e3o na China\" width=\"600\" height=\"600\" \/>\u00a0<img decoding=\"async\" class=\"aligncenter wp-image-8789\" src=\"https:\/\/www.sellersunionagent.com\/wp-content\/uploads\/2022\/06\/shopping-bags-for-women-school-shoulder-bags-totes-4.jpg\" alt=\"Fabrica\u00e7\u00e3o na China\" width=\"600\" height=\"600\" \/> <img decoding=\"async\" class=\"aligncenter wp-image-8787\" src=\"https:\/\/www.sellersunionagent.com\/wp-content\/uploads\/2022\/06\/shopping-bags-for-women-school-shoulder-bags-totes-6.jpg\" alt=\"Fabrica\u00e7\u00e3o na China\" width=\"600\" height=\"600\" \/><\/p>","protected":false},"excerpt":{"rendered":"<p>Tipo: Sacola de compras<\/p>\n<p>Item No.: YC003<\/p>\n<p>Tamanho: 38*60CM<\/p>","protected":false},"featured_media":8792,"comment_status":"open","ping_status":"closed","template":"","meta":{"_acf_changed":false},"product_brand":[],"product_cat":[29],"product_tag":[56,93],"class_list":{"0":"post-8354","1":"product","2":"type-product","3":"status-publish","4":"has-post-thumbnail","6":"product_cat-shopping-bag","7":"product_tag-shopping-bag","8":"product_tag-storage","10":"first","11":"instock","12":"shipping-taxable","13":"product-type-simple","14":"swiper-slide"},"acf":[],"_links":{"self":[{"href":"https:\/\/www.sellersunionagent.com\/pt\/wp-json\/wp\/v2\/product\/8354","targetHints":{"allow":["GET"]}}],"collection":[{"href":"https:\/\/www.sellersunionagent.com\/pt\/wp-json\/wp\/v2\/product"}],"about":[{"href":"https:\/\/www.sellersunionagent.com\/pt\/wp-json\/wp\/v2\/types\/product"}],"replies":[{"embeddable":true,"href":"https:\/\/www.sellersunionagent.com\/pt\/wp-json\/wp\/v2\/comments?post=8354"}],"wp:featuredmedia":[{"embeddable":true,"href":"https:\/\/www.sellersunionagent.com\/pt\/wp-json\/wp\/v2\/media\/8792"}],"wp:attachment":[{"href":"https:\/\/www.sellersunionagent.com\/pt\/wp-json\/wp\/v2\/media?parent=8354"}],"wp:term":[{"taxonomy":"product_brand","embeddable":true,"href":"https:\/\/www.sellersunionagent.com\/pt\/wp-json\/wp\/v2\/product_brand?post=8354"},{"taxonomy":"product_cat","embeddable":true,"href":"https:\/\/www.sellersunionagent.com\/pt\/wp-json\/wp\/v2\/product_cat?post=8354"},{"taxonomy":"product_tag","embeddable":true,"href":"https:\/\/www.sellersunionagent.com\/pt\/wp-json\/wp\/v2\/product_tag?post=8354"}],"curies":[{"name":"wp","href":"https:\/\/api.w.org\/{rel}","templated":true}]}}