{"id":8327,"date":"2022-06-30T14:44:31","date_gmt":"2022-06-30T06:44:31","guid":{"rendered":"https:\/\/sellersunionagent.com\/?post_type=product&#038;p=8327"},"modified":"2026-01-06T14:29:19","modified_gmt":"2026-01-06T06:29:19","slug":"novo-estilo-de-sacola-de-compras-da-fabrica-da-china","status":"publish","type":"product","link":"https:\/\/www.sellersunionagent.com\/pt\/new-style-shopping-bag-from-china-factory\/","title":{"rendered":"Novo estilo de sacola de compras da f\u00e1brica da China"},"content":{"rendered":"<h2>Novo estilo de sacola de compras da f\u00e1brica da China<\/h2>\n<p><strong>Tipo:<\/strong> Sacola de compras<\/p>\n<p><strong>Item n\u00ba:<\/strong> YC001<\/p>\n<p><strong>Tamanho:<\/strong> 46*60*8cm<\/p>\n<p>&nbsp;<\/p>\n<p>&nbsp;<\/p>\n<p>Essa sacola pode ser lavada na m\u00e1quina de lavar e tamb\u00e9m \u00e0 m\u00e3o. Essa sacola \u00e9 econ\u00f4mica porque pode ser reutilizada em vez de sacolas pl\u00e1sticas. Usar essa sacola protege nosso meio ambiente.<\/p>\n<p>&nbsp;<\/p>\n<p>&nbsp;<\/p>\n<p>A sacola ecol\u00f3gica \u00e9 um material muito mais espesso do que a maioria das sacolas de lona. Al\u00e9m disso, essa bolsa tem al\u00e7as resistentes e de tamanho adequado, que s\u00e3o convenientes tanto para segurar na m\u00e3o quanto para carregar no ombro. Ela n\u00e3o exercer\u00e1 press\u00e3o extra sobre seu ombro e n\u00e3o se quebrar\u00e1 mesmo com itens pesados.<\/p>\n<p>&nbsp;<\/p>\n<p>&nbsp;<\/p>\n<p>Esse produto mede 46*60*8 cm, com amplo espa\u00e7o para guardar mercadorias e alimentos como sacola de supermercado ou de acampamento, carteira, telefones celulares, chaves e guarda-chuva como sacola de compras, livros e outros materiais escolares como sacola de livros. Essa sacola de lona gr\u00e1fica \u00e9 adequada como presente para o Dia das M\u00e3es, Dia do Professor, festa de anivers\u00e1rio, festa de casamento, dama de honra e amigos.<\/p>\n<p>&nbsp;<\/p>\n<p>&nbsp;<\/p>\n<p>&nbsp;<\/p>\n<p><img fetchpriority=\"high\" decoding=\"async\" class=\"aligncenter wp-image-8771\" src=\"https:\/\/www.sellersunionagent.com\/wp-content\/uploads\/2022\/06\/new-style-shopping-bag-from-china-factory-6.jpg\" alt=\"da f\u00e1brica na China\" width=\"600\" height=\"600\" \/><img decoding=\"async\" class=\"aligncenter wp-image-8776\" src=\"https:\/\/www.sellersunionagent.com\/wp-content\/uploads\/2022\/06\/new-style-shopping-bag-from-china-factory-1.jpg\" alt=\"da f\u00e1brica na China\" width=\"600\" height=\"600\" \/><img decoding=\"async\" class=\"aligncenter wp-image-9303\" src=\"https:\/\/www.sellersunionagent.com\/wp-content\/uploads\/2022\/06\/10802556354_944059079-1.jpg\" alt=\"da f\u00e1brica na China\" width=\"600\" height=\"600\" \/><img loading=\"lazy\" decoding=\"async\" class=\"aligncenter wp-image-9305\" src=\"https:\/\/www.sellersunionagent.com\/wp-content\/uploads\/2022\/06\/cb104ab20e7a96ed40d5fcd3270b2fc.png\" alt=\"da f\u00e1brica na China\" width=\"600\" height=\"401\" \/><\/p>","protected":false},"excerpt":{"rendered":"<p><strong>MOQ<\/strong>: 2000 pe\u00e7as<br \/>\n<strong>Amostra gr\u00e1tis<\/strong>:  Com suporte<br \/>\n<strong>Personaliza\u00e7\u00e3o<\/strong>: logotipo \/ cor \/ materiais \/ embalagem etc.<br \/>\n<strong>Desconto<\/strong>:  Primeiros pedidos a partir de 10% de desconto.<br \/>\n<strong>Taxa de entrega no prazo<\/strong>:\u00a0 100%<br \/>\n<strong>Total de remessas<\/strong>: 20000 pe\u00e7as<br \/>\n<strong>Remessa<\/strong>: Suporte expresso - frete mar\u00edtimo - frete terrestre<\/p>","protected":false},"featured_media":8775,"comment_status":"open","ping_status":"closed","template":"","meta":{"_acf_changed":false},"product_brand":[],"product_cat":[29],"product_tag":[56,93],"class_list":{"0":"post-8327","1":"product","2":"type-product","3":"status-publish","4":"has-post-thumbnail","6":"product_cat-shopping-bag","7":"product_tag-shopping-bag","8":"product_tag-storage","10":"first","11":"instock","12":"shipping-taxable","13":"purchasable","14":"product-type-simple","15":"swiper-slide"},"acf":[],"_links":{"self":[{"href":"https:\/\/www.sellersunionagent.com\/pt\/wp-json\/wp\/v2\/product\/8327","targetHints":{"allow":["GET"]}}],"collection":[{"href":"https:\/\/www.sellersunionagent.com\/pt\/wp-json\/wp\/v2\/product"}],"about":[{"href":"https:\/\/www.sellersunionagent.com\/pt\/wp-json\/wp\/v2\/types\/product"}],"replies":[{"embeddable":true,"href":"https:\/\/www.sellersunionagent.com\/pt\/wp-json\/wp\/v2\/comments?post=8327"}],"wp:featuredmedia":[{"embeddable":true,"href":"https:\/\/www.sellersunionagent.com\/pt\/wp-json\/wp\/v2\/media\/8775"}],"wp:attachment":[{"href":"https:\/\/www.sellersunionagent.com\/pt\/wp-json\/wp\/v2\/media?parent=8327"}],"wp:term":[{"taxonomy":"product_brand","embeddable":true,"href":"https:\/\/www.sellersunionagent.com\/pt\/wp-json\/wp\/v2\/product_brand?post=8327"},{"taxonomy":"product_cat","embeddable":true,"href":"https:\/\/www.sellersunionagent.com\/pt\/wp-json\/wp\/v2\/product_cat?post=8327"},{"taxonomy":"product_tag","embeddable":true,"href":"https:\/\/www.sellersunionagent.com\/pt\/wp-json\/wp\/v2\/product_tag?post=8327"}],"curies":[{"name":"wp","href":"https:\/\/api.w.org\/{rel}","templated":true}]}}