{"id":8326,"date":"2022-06-30T16:48:25","date_gmt":"2022-06-30T08:48:25","guid":{"rendered":"https:\/\/sellersunionagent.com\/?post_type=product&#038;p=8326"},"modified":"2022-06-30T16:48:25","modified_gmt":"2022-06-30T08:48:25","slug":"women-girls-black-gauze-portable-large-capacity-fashion-makeup-bag","status":"publish","type":"product","link":"https:\/\/www.sellersunionagent.com\/pt\/women-girls-black-gauze-portable-large-capacity-fashion-makeup-bag\/","title":{"rendered":"Bolsa de maquiagem port\u00e1til de grande capacidade para mulheres, meninas, gaze preta"},"content":{"rendered":"<h2>Bolsa de maquiagem port\u00e1til de grande capacidade para mulheres, meninas, gaze preta<\/h2>\n<ul>\n<li>Fashion style , four shape to choose<\/li>\n<li>Fashionable gold print, simple and elegant<\/li>\n<li>Thickened mesh material, transparent and visible<\/li>\n<li>Smooth five pointed star zipper<\/li>\n<li>Meticulous workmanship, pressure resistance and wear resistance<\/li>\n<li>Handle design for easy carry\n<p><img fetchpriority=\"high\" decoding=\"async\" class=\"aligncenter wp-image-8355\" src=\"https:\/\/www.sellersunionagent.com\/wp-content\/uploads\/2022\/06\/capacity-fashion-makeup-bag-9.jpg\" alt=\"bolsa de maquiagem da moda\" width=\"600\" height=\"600\" \/><\/p>\n<p><img decoding=\"async\" class=\"aligncenter wp-image-8359\" src=\"https:\/\/www.sellersunionagent.com\/wp-content\/uploads\/2022\/06\/capacity-fashion-makeup-bag-5.jpg\" alt=\"bolsa de maquiagem da moda\" width=\"600\" height=\"600\" \/><img decoding=\"async\" class=\"aligncenter wp-image-8358\" src=\"https:\/\/www.sellersunionagent.com\/wp-content\/uploads\/2022\/06\/capacity-fashion-makeup-bag-6.jpg\" alt=\"bolsa de maquiagem da moda\" width=\"600\" height=\"600\" \/><img loading=\"lazy\" decoding=\"async\" class=\"aligncenter wp-image-8361\" src=\"https:\/\/www.sellersunionagent.com\/wp-content\/uploads\/2022\/06\/capacity-fashion-makeup-bag-3.jpg\" alt=\"bolsa de maquiagem da moda\" width=\"600\" height=\"524\" \/><img loading=\"lazy\" decoding=\"async\" class=\"aligncenter wp-image-8360\" src=\"https:\/\/www.sellersunionagent.com\/wp-content\/uploads\/2022\/06\/capacity-fashion-makeup-bag-4.png\" alt=\"bolsa de maquiagem da moda\" width=\"600\" height=\"425\" \/> <img loading=\"lazy\" decoding=\"async\" class=\"aligncenter wp-image-8362\" src=\"https:\/\/www.sellersunionagent.com\/wp-content\/uploads\/2022\/06\/capacity-fashion-makeup-bag-2.png\" alt=\"bolsa de maquiagem da moda\" width=\"600\" height=\"429\" \/> <img loading=\"lazy\" decoding=\"async\" class=\"aligncenter wp-image-8363\" src=\"https:\/\/www.sellersunionagent.com\/wp-content\/uploads\/2022\/06\/capacity-fashion-makeup-bag-1.png\" alt=\"bolsa de maquiagem da moda\" width=\"600\" height=\"434\" \/><\/li>\n<\/ul>","protected":false},"excerpt":{"rendered":"<p><strong>Tipo<\/strong>: Fashion makeup bag<\/p>\n<p><strong>N\u00famero do item:<\/strong> JL004<\/p>\n<p><strong>Tamanho do item<\/strong>:<\/p>\n<p>Half round style: 20*7*15cm<\/p>\n<p>Triangle style: 23*7*15cm<\/p>\n<p>Octagonal style: 19*10*13cm<\/p>\n<p>Rectangle style: 22*14*13cm<\/p>\n<p><strong>Cores<\/strong>: Preto<\/p>\n<p><strong>Material: <\/strong>Thick nylon mesh<\/p>\n<p>&nbsp;<\/p>\n<p>&nbsp;<\/p>\n<p>Produzimos excelentes bolsas de cosm\u00e9ticos para viagem. Raz\u00f5es para nos escolher:<br \/>\nProdutos certificados por institui\u00e7\u00f5es profissionais, com fornecimento suficiente e est\u00e1vel<br \/>\nMais de vinte anos de experi\u00eancia, com dep\u00f3sitos de tecnologia e qualidade.<br \/>\nPersonaliza\u00e7\u00e3o bem-vinda para atender a diferentes necessidades<br \/>\nProdu\u00e7\u00e3o e envio na velocidade mais r\u00e1pida<br \/>\nServi\u00e7o completo e atencioso, incluindo pr\u00e9-vendas, vendas e p\u00f3s-vendas<\/p>","protected":false},"featured_media":8357,"comment_status":"open","ping_status":"closed","template":"","meta":{"_acf_changed":false},"product_brand":[],"product_cat":[30],"product_tag":[43,48,78],"class_list":{"0":"post-8326","1":"product","2":"type-product","3":"status-publish","4":"has-post-thumbnail","6":"product_cat-makeup-bag","7":"product_tag-fashion","8":"product_tag-large-capacity","9":"product_tag-makeup-bag","11":"first","12":"instock","13":"shipping-taxable","14":"product-type-simple","15":"swiper-slide"},"acf":[],"_links":{"self":[{"href":"https:\/\/www.sellersunionagent.com\/pt\/wp-json\/wp\/v2\/product\/8326","targetHints":{"allow":["GET"]}}],"collection":[{"href":"https:\/\/www.sellersunionagent.com\/pt\/wp-json\/wp\/v2\/product"}],"about":[{"href":"https:\/\/www.sellersunionagent.com\/pt\/wp-json\/wp\/v2\/types\/product"}],"replies":[{"embeddable":true,"href":"https:\/\/www.sellersunionagent.com\/pt\/wp-json\/wp\/v2\/comments?post=8326"}],"wp:featuredmedia":[{"embeddable":true,"href":"https:\/\/www.sellersunionagent.com\/pt\/wp-json\/wp\/v2\/media\/8357"}],"wp:attachment":[{"href":"https:\/\/www.sellersunionagent.com\/pt\/wp-json\/wp\/v2\/media?parent=8326"}],"wp:term":[{"taxonomy":"product_brand","embeddable":true,"href":"https:\/\/www.sellersunionagent.com\/pt\/wp-json\/wp\/v2\/product_brand?post=8326"},{"taxonomy":"product_cat","embeddable":true,"href":"https:\/\/www.sellersunionagent.com\/pt\/wp-json\/wp\/v2\/product_cat?post=8326"},{"taxonomy":"product_tag","embeddable":true,"href":"https:\/\/www.sellersunionagent.com\/pt\/wp-json\/wp\/v2\/product_tag?post=8326"}],"curies":[{"name":"wp","href":"https:\/\/api.w.org\/{rel}","templated":true}]}}