{"id":8293,"date":"2022-06-29T20:24:28","date_gmt":"2022-06-29T12:24:28","guid":{"rendered":"https:\/\/sellersunionagent.com\/?post_type=product&#038;p=8293"},"modified":"2022-07-11T09:45:27","modified_gmt":"2022-07-11T01:45:27","slug":"lancheira-da-moda-fabricada-na-china","status":"publish","type":"product","link":"https:\/\/www.sellersunionagent.com\/pt\/fashionable-lunch-bag-made-in-china\/","title":{"rendered":"Lancheira moderna fabricada na China"},"content":{"rendered":"<h2>Lancheira moderna fabricada na China<\/h2>\n<p>&nbsp;<\/p>\n<p>&nbsp;<\/p>\n<p><span class=\"a-list-item\">Peso leve, al\u00e7a acolchoada, z\u00edper liso duar\u00e1vel atualizado, f\u00e1cil de limpar, \u00e0 prova d'\u00e1gua, isolado, refrigerador, conveniente. Um bolso frontal projetado para organizar seu guardanapo e objetos pessoais, como telefone, cart\u00e3o de \u00f4nibus, len\u00e7o de papel, etc.<\/span><\/p>\n<p>&nbsp;<\/p>\n<p>&nbsp;<\/p>\n<p>\u00c9 um presente muito pr\u00e1tico para meninas e meninos, pois eles podem carregar seus alimentos com essa bolsa. A comida quente e fresca pode manter um estilo de vida saud\u00e1vel.<\/p>\n<p>&nbsp;<\/p>\n<p>&nbsp;<\/p>\n<p>Al\u00e7a larga e espessa, macia e confort\u00e1vel, que n\u00e3o estrangular\u00e1 sua m\u00e3o ao carregar essa lancheira isolada. O bolso traseiro pode conter guardanapos e telefones celulares. A bolsa de rede dentro da aba pode conter utens\u00edlios de mesa e lanches.<\/p>\n<p>&nbsp;<\/p>\n<p>&nbsp;<\/p>\n<p><img fetchpriority=\"high\" decoding=\"async\" class=\"aligncenter wp-image-8294\" src=\"https:\/\/www.sellersunionagent.com\/wp-content\/uploads\/2022\/06\/fashionable-lunch-bag.jpg\" alt=\"\" width=\"600\" height=\"600\" \/><img decoding=\"async\" class=\"aligncenter wp-image-8837\" src=\"https:\/\/www.sellersunionagent.com\/wp-content\/uploads\/2022\/06\/fashionable-lunch-bag-made-in-china-2.png\" alt=\"Fabrica\u00e7\u00e3o na China\" width=\"600\" height=\"463\" \/> <img decoding=\"async\" class=\"aligncenter wp-image-8835\" src=\"https:\/\/www.sellersunionagent.com\/wp-content\/uploads\/2022\/06\/fashionable-lunch-bag-made-in-china-4.png\" alt=\"Fabrica\u00e7\u00e3o na China\" width=\"600\" height=\"444\" \/> <img loading=\"lazy\" decoding=\"async\" class=\"aligncenter wp-image-8839\" src=\"https:\/\/www.sellersunionagent.com\/wp-content\/uploads\/2022\/06\/fashionable-lunch-bag-made-in-china.png\" alt=\"Fabrica\u00e7\u00e3o na China\" width=\"600\" height=\"472\" \/><\/p>","protected":false},"excerpt":{"rendered":"<p>Tipo: Bolsa para lanche<\/p>\n<p>N\u00ba do item:GN020<\/p>\n<p>Tamanho e peso: 35*13*13CM<\/p>\n<p>OEM\/ODM: aceito<\/p>","protected":false},"featured_media":8834,"comment_status":"open","ping_status":"closed","template":"","meta":{"_acf_changed":false},"product_brand":[],"product_cat":[28],"product_tag":[41,93],"class_list":{"0":"post-8293","1":"product","2":"type-product","3":"status-publish","4":"has-post-thumbnail","6":"product_cat-lunch-bag","7":"product_tag-lunch-bag","8":"product_tag-storage","10":"first","11":"instock","12":"shipping-taxable","13":"product-type-simple","14":"swiper-slide"},"acf":[],"_links":{"self":[{"href":"https:\/\/www.sellersunionagent.com\/pt\/wp-json\/wp\/v2\/product\/8293","targetHints":{"allow":["GET"]}}],"collection":[{"href":"https:\/\/www.sellersunionagent.com\/pt\/wp-json\/wp\/v2\/product"}],"about":[{"href":"https:\/\/www.sellersunionagent.com\/pt\/wp-json\/wp\/v2\/types\/product"}],"replies":[{"embeddable":true,"href":"https:\/\/www.sellersunionagent.com\/pt\/wp-json\/wp\/v2\/comments?post=8293"}],"wp:featuredmedia":[{"embeddable":true,"href":"https:\/\/www.sellersunionagent.com\/pt\/wp-json\/wp\/v2\/media\/8834"}],"wp:attachment":[{"href":"https:\/\/www.sellersunionagent.com\/pt\/wp-json\/wp\/v2\/media?parent=8293"}],"wp:term":[{"taxonomy":"product_brand","embeddable":true,"href":"https:\/\/www.sellersunionagent.com\/pt\/wp-json\/wp\/v2\/product_brand?post=8293"},{"taxonomy":"product_cat","embeddable":true,"href":"https:\/\/www.sellersunionagent.com\/pt\/wp-json\/wp\/v2\/product_cat?post=8293"},{"taxonomy":"product_tag","embeddable":true,"href":"https:\/\/www.sellersunionagent.com\/pt\/wp-json\/wp\/v2\/product_tag?post=8293"}],"curies":[{"name":"wp","href":"https:\/\/api.w.org\/{rel}","templated":true}]}}