{"id":8285,"date":"2022-06-29T20:18:43","date_gmt":"2022-06-29T12:18:43","guid":{"rendered":"https:\/\/sellersunionagent.com\/?post_type=product&#038;p=8285"},"modified":"2022-07-09T11:17:36","modified_gmt":"2022-07-09T03:17:36","slug":"lancheira-para-mulheres-e-homens-lancheira-isolada-para-adultos-lancheira-reutilizavel-para-trabalho-piquenique-escola-ou-viagem","status":"publish","type":"product","link":"https:\/\/www.sellersunionagent.com\/pt\/lunch-bag-for-women-men-insulated-lunch-box-for-adult-reusable-lunch-tote-bag-for-work-picnic-school-or-travel\/","title":{"rendered":"Lancheira para mulheres e homens Lancheira isolada para adultos Lancheira reutiliz\u00e1vel para trabalho, piquenique, escola ou viagem"},"content":{"rendered":"<h2 id=\"title\" class=\"a-size-large a-spacing-none\"><span id=\"productTitle\" class=\"a-size-large product-title-word-break\">Lancheira para mulheres e homens Lancheira isolada para adultos Lancheira reutiliz\u00e1vel para trabalho, piquenique, escola ou viagem<\/span><\/h2>\n<p>&nbsp;<\/p>\n<p>&nbsp;<\/p>\n<p>Essa lancheira pode manter os alimentos frios ou quentes por mais de 4 horas, o que \u00e9 perfeito para levar sua refei\u00e7\u00e3o para o escrit\u00f3rio, piquenique e escola. Ela funcionar\u00e1 melhor se voc\u00ea colocar um pouco de gelo dentro.<\/p>\n<p>&nbsp;<\/p>\n<p>&nbsp;<\/p>\n<p>\u00c9 um presente muito pr\u00e1tico para meninas e meninos, pois eles podem carregar seus alimentos com essa bolsa. A comida quente e fresca pode manter um estilo de vida saud\u00e1vel.<\/p>\n<p>&nbsp;<\/p>\n<p>&nbsp;<\/p>\n<p>Al\u00e7a larga e espessa, macia e confort\u00e1vel, que n\u00e3o estrangular\u00e1 sua m\u00e3o ao carregar essa lancheira isolada. O bolso traseiro pode conter guardanapos e telefones celulares. A bolsa de rede dentro da aba pode conter utens\u00edlios de mesa e lanches.<\/p>\n<p>&nbsp;<\/p>\n<p>&nbsp;<\/p>\n<p><img fetchpriority=\"high\" decoding=\"async\" class=\"aligncenter wp-image-8286\" src=\"https:\/\/www.sellersunionagent.com\/wp-content\/uploads\/2022\/06\/lunch-box-meal-bag-3.jpg\" alt=\"\" width=\"600\" height=\"600\" \/> <img decoding=\"async\" class=\"aligncenter wp-image-8292\" src=\"https:\/\/www.sellersunionagent.com\/wp-content\/uploads\/2022\/06\/lunch-box-meal-bag-9.jpg\" alt=\"\" width=\"600\" height=\"600\" \/><img decoding=\"async\" class=\"aligncenter wp-image-8290\" src=\"https:\/\/www.sellersunionagent.com\/wp-content\/uploads\/2022\/06\/lunch-box-meal-bag-7.jpg\" alt=\"Exportador da China\" width=\"600\" height=\"600\" \/><img loading=\"lazy\" decoding=\"async\" class=\"aligncenter wp-image-9071\" src=\"https:\/\/www.sellersunionagent.com\/wp-content\/uploads\/2022\/06\/16305824382_1885106219.jpg\" alt=\"Fabrica\u00e7\u00e3o na China\" width=\"600\" height=\"600\" \/><img loading=\"lazy\" decoding=\"async\" class=\"aligncenter wp-image-9070\" src=\"https:\/\/www.sellersunionagent.com\/wp-content\/uploads\/2022\/06\/16305806593_1885106219.jpg\" alt=\"Fabrica\u00e7\u00e3o na China\" width=\"600\" height=\"600\" \/><\/p>","protected":false},"excerpt":{"rendered":"<p>Tipo: Bolsa para lanche<\/p>\n<p>N\u00ba do item:GN019<\/p>\n<p>Tamanho e peso: 20*12,5*18CM<\/p>\n<p>OEM\/ODM: aceito<\/p>","protected":false},"featured_media":8291,"comment_status":"open","ping_status":"closed","template":"","meta":{"_acf_changed":false},"product_brand":[],"product_cat":[28],"product_tag":[143,93],"class_list":{"0":"post-8285","1":"product","2":"type-product","3":"status-publish","4":"has-post-thumbnail","6":"product_cat-lunch-bag","7":"product_tag-lunch-box","8":"product_tag-storage","10":"first","11":"instock","12":"shipping-taxable","13":"product-type-simple","14":"swiper-slide"},"acf":[],"_links":{"self":[{"href":"https:\/\/www.sellersunionagent.com\/pt\/wp-json\/wp\/v2\/product\/8285","targetHints":{"allow":["GET"]}}],"collection":[{"href":"https:\/\/www.sellersunionagent.com\/pt\/wp-json\/wp\/v2\/product"}],"about":[{"href":"https:\/\/www.sellersunionagent.com\/pt\/wp-json\/wp\/v2\/types\/product"}],"replies":[{"embeddable":true,"href":"https:\/\/www.sellersunionagent.com\/pt\/wp-json\/wp\/v2\/comments?post=8285"}],"wp:featuredmedia":[{"embeddable":true,"href":"https:\/\/www.sellersunionagent.com\/pt\/wp-json\/wp\/v2\/media\/8291"}],"wp:attachment":[{"href":"https:\/\/www.sellersunionagent.com\/pt\/wp-json\/wp\/v2\/media?parent=8285"}],"wp:term":[{"taxonomy":"product_brand","embeddable":true,"href":"https:\/\/www.sellersunionagent.com\/pt\/wp-json\/wp\/v2\/product_brand?post=8285"},{"taxonomy":"product_cat","embeddable":true,"href":"https:\/\/www.sellersunionagent.com\/pt\/wp-json\/wp\/v2\/product_cat?post=8285"},{"taxonomy":"product_tag","embeddable":true,"href":"https:\/\/www.sellersunionagent.com\/pt\/wp-json\/wp\/v2\/product_tag?post=8285"}],"curies":[{"name":"wp","href":"https:\/\/api.w.org\/{rel}","templated":true}]}}