{"id":8281,"date":"2022-06-29T20:10:55","date_gmt":"2022-06-29T12:10:55","guid":{"rendered":"https:\/\/sellersunionagent.com\/?post_type=product&#038;p=8281"},"modified":"2026-01-06T14:29:19","modified_gmt":"2026-01-06T06:29:19","slug":"lancheira-lancheira-lancheira-lancheira-para-mulheres-isolada-para-uso-externo","status":"publish","type":"product","link":"https:\/\/www.sellersunionagent.com\/pt\/lunch-bag-lunch-box-meal-bag-for-women-insulated-outdoors\/","title":{"rendered":"Lancheira Bolsa para refei\u00e7\u00e3o para mulheres isolada para uso externo"},"content":{"rendered":"<h2 id=\"title\" class=\"a-size-large a-spacing-none\"><span id=\"productTitle\" class=\"a-size-large product-title-word-break\">Bolsa de almo\u00e7o Lancheira Bolsa de refei\u00e7\u00e3o para mulheres Isolada para uso externo<\/span><\/h2>\n<p>&nbsp;<\/p>\n<p>&nbsp;<\/p>\n<p>Essa lancheira pode manter os alimentos frios ou quentes por mais de 4 horas, o que \u00e9 perfeito para levar sua refei\u00e7\u00e3o para o escrit\u00f3rio, piquenique e escola. Ela funcionar\u00e1 melhor se voc\u00ea colocar um pouco de gelo dentro.<\/p>\n<p>&nbsp;<\/p>\n<p>&nbsp;<\/p>\n<p>\u00c9 um presente muito pr\u00e1tico para meninas e meninos, pois eles podem carregar seus alimentos com essa bolsa. A comida quente e fresca pode manter um estilo de vida saud\u00e1vel.<\/p>\n<p>&nbsp;<\/p>\n<p>&nbsp;<\/p>\n<p>Al\u00e7a larga e espessa, macia e confort\u00e1vel, que n\u00e3o estrangular\u00e1 sua m\u00e3o ao carregar essa lancheira isolada. O bolso traseiro pode conter guardanapos e telefones celulares. A bolsa de rede dentro da aba pode conter utens\u00edlios de mesa, lanches<\/p>\n<p>&nbsp;<\/p>\n<p>&nbsp;<\/p>\n<p>Tipo: Bolsa para lanche<\/p>\n<p>N\u00ba do item:GN013<\/p>\n<p>Tamanho e peso: 50g<\/p>\n<p>OEM\/ODM: aceito<\/p>\n<p><img fetchpriority=\"high\" decoding=\"async\" class=\"aligncenter wp-image-8282\" src=\"https:\/\/www.sellersunionagent.com\/wp-content\/uploads\/2022\/06\/lunch-box-meal-bag.jpg\" alt=\"\" width=\"600\" height=\"473\" \/><img decoding=\"async\" class=\"aligncenter wp-image-8829\" src=\"https:\/\/www.sellersunionagent.com\/wp-content\/uploads\/2022\/06\/lunch-box-meal-bag-2.png\" alt=\"Fabrica\u00e7\u00e3o na China\" width=\"600\" height=\"399\" \/> <img decoding=\"async\" class=\"aligncenter wp-image-8828\" src=\"https:\/\/www.sellersunionagent.com\/wp-content\/uploads\/2022\/06\/lunch-box-meal-bag-3.png\" alt=\"Fabrica\u00e7\u00e3o na China\" width=\"600\" height=\"400\" \/> <img loading=\"lazy\" decoding=\"async\" class=\"aligncenter wp-image-8827\" src=\"https:\/\/www.sellersunionagent.com\/wp-content\/uploads\/2022\/06\/lunch-box-meal-bag-4.png\" alt=\"Fabrica\u00e7\u00e3o na China\" width=\"600\" height=\"416\" \/><\/p>","protected":false},"excerpt":{"rendered":"<p><strong>MOQ<\/strong>: 500 ou Flex\u00edvel<\/p>\n<p><strong>Amostra gr\u00e1tis<\/strong>: Com suporte<\/p>\n<p><strong>Personaliza\u00e7\u00e3o<\/strong>: logotipo\/cor\/materiais\/embalagem<\/p>\n<p><strong>Desconto<\/strong>: 10% off em seu primeiro pedido<\/p>\n<p><strong>Taxa de entrega no prazo<\/strong>: 100%<\/p>\n<p><strong>Total de remessas<\/strong>: 106876 PCS<\/p>\n<p><strong>Remessa<\/strong>: Suporte expresso\/frete mar\u00edtimo\/frete terrestre<\/p>\n<p>&nbsp;<\/p>","protected":false},"featured_media":9073,"comment_status":"open","ping_status":"closed","template":"","meta":{"_acf_changed":false},"product_brand":[],"product_cat":[28],"product_tag":[143,93],"class_list":{"0":"post-8281","1":"product","2":"type-product","3":"status-publish","4":"has-post-thumbnail","6":"product_cat-lunch-bag","7":"product_tag-lunch-box","8":"product_tag-storage","10":"first","11":"instock","12":"shipping-taxable","13":"purchasable","14":"product-type-simple","15":"swiper-slide"},"acf":[],"_links":{"self":[{"href":"https:\/\/www.sellersunionagent.com\/pt\/wp-json\/wp\/v2\/product\/8281","targetHints":{"allow":["GET"]}}],"collection":[{"href":"https:\/\/www.sellersunionagent.com\/pt\/wp-json\/wp\/v2\/product"}],"about":[{"href":"https:\/\/www.sellersunionagent.com\/pt\/wp-json\/wp\/v2\/types\/product"}],"replies":[{"embeddable":true,"href":"https:\/\/www.sellersunionagent.com\/pt\/wp-json\/wp\/v2\/comments?post=8281"}],"wp:featuredmedia":[{"embeddable":true,"href":"https:\/\/www.sellersunionagent.com\/pt\/wp-json\/wp\/v2\/media\/9073"}],"wp:attachment":[{"href":"https:\/\/www.sellersunionagent.com\/pt\/wp-json\/wp\/v2\/media?parent=8281"}],"wp:term":[{"taxonomy":"product_brand","embeddable":true,"href":"https:\/\/www.sellersunionagent.com\/pt\/wp-json\/wp\/v2\/product_brand?post=8281"},{"taxonomy":"product_cat","embeddable":true,"href":"https:\/\/www.sellersunionagent.com\/pt\/wp-json\/wp\/v2\/product_cat?post=8281"},{"taxonomy":"product_tag","embeddable":true,"href":"https:\/\/www.sellersunionagent.com\/pt\/wp-json\/wp\/v2\/product_tag?post=8281"}],"curies":[{"name":"wp","href":"https:\/\/api.w.org\/{rel}","templated":true}]}}