{"id":8272,"date":"2022-06-29T20:07:10","date_gmt":"2022-06-29T12:07:10","guid":{"rendered":"https:\/\/sellersunionagent.com\/?post_type=product&#038;p=8272"},"modified":"2022-07-09T14:16:06","modified_gmt":"2022-07-09T06:16:06","slug":"lancheira-isolada-recem-chegada-para-mulheres-e-homens","status":"publish","type":"product","link":"https:\/\/www.sellersunionagent.com\/pt\/new-arrival-lunch-box-insulated-lunch-bag-for-women-and-man\/","title":{"rendered":"Lancheira com isolamento para mulheres e homens"},"content":{"rendered":"<h2>Lancheira com isolamento para mulheres e homens<\/h2>\n<p>&nbsp;<\/p>\n<p>&nbsp;<\/p>\n<p>Essa lancheira pode manter os alimentos frios ou quentes por mais de 4 horas, o que \u00e9 perfeito para levar sua refei\u00e7\u00e3o para o escrit\u00f3rio, piquenique e escola. Ela funcionar\u00e1 melhor se voc\u00ea colocar um pouco de gelo dentro.<\/p>\n<p>&nbsp;<\/p>\n<p>&nbsp;<\/p>\n<p>\u00c9 um presente muito pr\u00e1tico para meninas e meninos, pois eles podem carregar seus alimentos com essa bolsa. A comida quente e fresca pode manter um estilo de vida saud\u00e1vel.<\/p>\n<p>&nbsp;<\/p>\n<p>&nbsp;<\/p>\n<p>Al\u00e7a larga e espessa, macia e confort\u00e1vel, que n\u00e3o estrangular\u00e1 sua m\u00e3o ao carregar essa lancheira isolada. O bolso traseiro pode conter guardanapos e telefones celulares. A bolsa de rede dentro da aba pode conter utens\u00edlios de mesa e lanches.<\/p>\n<p>&nbsp;<\/p>\n<p>&nbsp;<\/p>\n<p><img fetchpriority=\"high\" decoding=\"async\" class=\"aligncenter wp-image-8275\" src=\"https:\/\/www.sellersunionagent.com\/wp-content\/uploads\/2022\/06\/lunch-box-insulated-lunch-bag-2.jpg\" alt=\"\" width=\"600\" height=\"600\" \/><img decoding=\"async\" class=\"aligncenter wp-image-8823\" src=\"https:\/\/www.sellersunionagent.com\/wp-content\/uploads\/2022\/06\/new-arrival-lunch-box-insulated-lunch-bag-2.jpg\" alt=\"\" width=\"600\" height=\"600\" \/> <img decoding=\"async\" class=\"aligncenter wp-image-8824\" src=\"https:\/\/www.sellersunionagent.com\/wp-content\/uploads\/2022\/06\/new-arrival-lunch-box-insulated-lunch-bag-1.jpg\" alt=\"Fabrica\u00e7\u00e3o na China\" width=\"600\" height=\"600\" \/> <img loading=\"lazy\" decoding=\"async\" class=\"aligncenter wp-image-8825\" src=\"https:\/\/www.sellersunionagent.com\/wp-content\/uploads\/2022\/06\/new-arrival-lunch-box-insulated-lunch-bag.jpg\" alt=\"Fabrica\u00e7\u00e3o na China\" width=\"600\" height=\"600\" \/><\/p>","protected":false},"excerpt":{"rendered":"<p>Tipo: Bolsa para lanche<\/p>\n<p>N\u00ba do item:GN008<\/p>\n<p>Tamanho e peso: 22*18,5*13cm<\/p>\n<p>OEM\/ODM: aceito<\/p>","protected":false},"featured_media":8820,"comment_status":"open","ping_status":"closed","template":"","meta":{"_acf_changed":false},"product_brand":[],"product_cat":[28],"product_tag":[41,90],"class_list":{"0":"post-8272","1":"product","2":"type-product","3":"status-publish","4":"has-post-thumbnail","6":"product_cat-lunch-bag","7":"product_tag-lunch-bag","8":"product_tag-storage-bag","10":"first","11":"instock","12":"shipping-taxable","13":"product-type-simple","14":"swiper-slide"},"acf":[],"_links":{"self":[{"href":"https:\/\/www.sellersunionagent.com\/pt\/wp-json\/wp\/v2\/product\/8272","targetHints":{"allow":["GET"]}}],"collection":[{"href":"https:\/\/www.sellersunionagent.com\/pt\/wp-json\/wp\/v2\/product"}],"about":[{"href":"https:\/\/www.sellersunionagent.com\/pt\/wp-json\/wp\/v2\/types\/product"}],"replies":[{"embeddable":true,"href":"https:\/\/www.sellersunionagent.com\/pt\/wp-json\/wp\/v2\/comments?post=8272"}],"wp:featuredmedia":[{"embeddable":true,"href":"https:\/\/www.sellersunionagent.com\/pt\/wp-json\/wp\/v2\/media\/8820"}],"wp:attachment":[{"href":"https:\/\/www.sellersunionagent.com\/pt\/wp-json\/wp\/v2\/media?parent=8272"}],"wp:term":[{"taxonomy":"product_brand","embeddable":true,"href":"https:\/\/www.sellersunionagent.com\/pt\/wp-json\/wp\/v2\/product_brand?post=8272"},{"taxonomy":"product_cat","embeddable":true,"href":"https:\/\/www.sellersunionagent.com\/pt\/wp-json\/wp\/v2\/product_cat?post=8272"},{"taxonomy":"product_tag","embeddable":true,"href":"https:\/\/www.sellersunionagent.com\/pt\/wp-json\/wp\/v2\/product_tag?post=8272"}],"curies":[{"name":"wp","href":"https:\/\/api.w.org\/{rel}","templated":true}]}}