{"id":8262,"date":"2022-06-29T19:21:31","date_gmt":"2022-06-29T11:21:31","guid":{"rendered":"https:\/\/sellersunionagent.com\/?post_type=product&#038;p=8262"},"modified":"2026-01-06T14:29:20","modified_gmt":"2026-01-06T06:29:20","slug":"sacolas-de-compras-reutilizaveis-no-atacado-para-a-familia","status":"publish","type":"product","link":"https:\/\/www.sellersunionagent.com\/pt\/wholesale-reusable-shopping-bags-for-family\/","title":{"rendered":"Sacolas de compras reutiliz\u00e1veis no atacado para a fam\u00edlia"},"content":{"rendered":"<h1 id=\"title\" class=\"a-size-large a-spacing-none\"><span id=\"productTitle\" class=\"a-size-large product-title-word-break\">Sacos dobr\u00e1veis extragrandes Sacos reutiliz\u00e1veis dobr\u00e1veis Totes<\/span><\/h1>\n<p><strong>Tipo<\/strong>: Sacola de compras<\/p>\n<p><strong>N\u00famero do item:<\/strong> GN006<\/p>\n<p><strong>Tamanho do item<\/strong>: 43*33*5CM<\/p>\n<p><strong>Material:<\/strong> PVC<\/p>\n<p>&nbsp;<\/p>\n<p>&nbsp;<\/p>\n<ul>\n<li>Dobr\u00e1vel, conveniente e f\u00e1cil de transportar: As sacolas de supermercado reutiliz\u00e1veis podem ser facilmente dobradas na bolsa de bolso anexa, para que voc\u00ea possa carregar as sacolas de compras na bolsa ou no carro sem ocupar muito espa\u00e7o.<\/li>\n<\/ul>\n<p>&nbsp;<\/p>\n<p>&nbsp;<\/p>\n<ul>\n<li>Capacidade extragrande e robustez: as al\u00e7as longas permitem que voc\u00ea as mantenha na m\u00e3o ou as carregue no ombro para um transporte mais confort\u00e1vel.<\/li>\n<\/ul>\n<p>&nbsp;<\/p>\n<p>&nbsp;<\/p>\n<ul>\n<li>Lav\u00e1vel \u00e0 m\u00e1quina: Ser lav\u00e1vel \u00e9 uma obriga\u00e7\u00e3o para qualquer sacola de compras grande. Todas as sacolas de supermercado reutiliz\u00e1veis podem ser lavadas na m\u00e1quina! Jogue as sacolas de compras reutiliz\u00e1veis diretamente na m\u00e1quina de lavar e economize seu tempo.<\/li>\n<\/ul>\n<p>&nbsp;<\/p>\n<p>&nbsp;<\/p>\n<ul>\n<li>Reutiliz\u00e1veis: Voc\u00ea pode reutilizar as sacolas de compras e reduzir sua pegada de carbono e o uso de pl\u00e1stico com nossas sacolas de supermercado. E pode adicionar um pouco de divers\u00e3o \u00e0s suas compras usando sacolas reutiliz\u00e1veis como essas.<\/li>\n<\/ul>\n<p><img fetchpriority=\"high\" decoding=\"async\" class=\"aligncenter wp-image-8266 size-full\" src=\"https:\/\/www.sellersunionagent.com\/wp-content\/uploads\/2022\/06\/wholesale-reusable-shopping-bags-3.jpg\" alt=\"\" width=\"376\" height=\"379\" \/> <img decoding=\"async\" class=\"aligncenter wp-image-8269 size-full\" src=\"https:\/\/www.sellersunionagent.com\/wp-content\/uploads\/2022\/06\/wholesale-reusable-shopping-bags-6.jpg\" alt=\"\" width=\"370\" height=\"390\" \/> <img decoding=\"async\" class=\"aligncenter wp-image-8270 size-full\" src=\"https:\/\/www.sellersunionagent.com\/wp-content\/uploads\/2022\/06\/3262296967_1885106219.jpg\" alt=\"\" width=\"383\" height=\"382\" \/> <img loading=\"lazy\" decoding=\"async\" class=\"aligncenter wp-image-8271\" src=\"https:\/\/www.sellersunionagent.com\/wp-content\/uploads\/2022\/06\/wholesale-reusable-shopping-bags-8.jpg\" alt=\"\" width=\"375\" height=\"375\" \/><\/p>","protected":false},"excerpt":{"rendered":"<p><strong>MOQ<\/strong>:  500 pe\u00e7as<br \/>\n<strong>Amostra gr\u00e1tis<\/strong>:  Com suporte<br \/>\n<strong>Personaliza\u00e7\u00e3o<\/strong>: logotipo \/ cor \/ materiais \/ embalagem etc.<br \/>\n<strong>Desconto<\/strong>:  Primeiros pedidos a partir de 10% de desconto.<br \/>\n<strong>Taxa de entrega no prazo<\/strong>:\u00a0 100%<br \/>\n<strong>Total de remessas<\/strong>:  10000 pe\u00e7as<br \/>\n<strong>Remessa<\/strong>: Suporte expresso - frete mar\u00edtimo - frete terrestre<\/p>","protected":false},"featured_media":8266,"comment_status":"open","ping_status":"closed","template":"","meta":{"_acf_changed":false},"product_brand":[],"product_cat":[29],"product_tag":[56,93,50],"class_list":{"0":"post-8262","1":"product","2":"type-product","3":"status-publish","4":"has-post-thumbnail","6":"product_cat-shopping-bag","7":"product_tag-shopping-bag","8":"product_tag-storage","9":"product_tag-wholesale","11":"first","12":"instock","13":"shipping-taxable","14":"purchasable","15":"product-type-simple","16":"swiper-slide"},"acf":[],"_links":{"self":[{"href":"https:\/\/www.sellersunionagent.com\/pt\/wp-json\/wp\/v2\/product\/8262","targetHints":{"allow":["GET"]}}],"collection":[{"href":"https:\/\/www.sellersunionagent.com\/pt\/wp-json\/wp\/v2\/product"}],"about":[{"href":"https:\/\/www.sellersunionagent.com\/pt\/wp-json\/wp\/v2\/types\/product"}],"replies":[{"embeddable":true,"href":"https:\/\/www.sellersunionagent.com\/pt\/wp-json\/wp\/v2\/comments?post=8262"}],"wp:featuredmedia":[{"embeddable":true,"href":"https:\/\/www.sellersunionagent.com\/pt\/wp-json\/wp\/v2\/media\/8266"}],"wp:attachment":[{"href":"https:\/\/www.sellersunionagent.com\/pt\/wp-json\/wp\/v2\/media?parent=8262"}],"wp:term":[{"taxonomy":"product_brand","embeddable":true,"href":"https:\/\/www.sellersunionagent.com\/pt\/wp-json\/wp\/v2\/product_brand?post=8262"},{"taxonomy":"product_cat","embeddable":true,"href":"https:\/\/www.sellersunionagent.com\/pt\/wp-json\/wp\/v2\/product_cat?post=8262"},{"taxonomy":"product_tag","embeddable":true,"href":"https:\/\/www.sellersunionagent.com\/pt\/wp-json\/wp\/v2\/product_tag?post=8262"}],"curies":[{"name":"wp","href":"https:\/\/api.w.org\/{rel}","templated":true}]}}