{"id":8257,"date":"2022-06-29T19:16:35","date_gmt":"2022-06-29T11:16:35","guid":{"rendered":"https:\/\/sellersunionagent.com\/?post_type=product&#038;p=8257"},"modified":"2022-07-11T15:51:18","modified_gmt":"2022-07-11T07:51:18","slug":"sacola-de-compras-por-atacado-sacolas-compactas-duraveis-e-lavaveis-para-mantimentos","status":"publish","type":"product","link":"https:\/\/www.sellersunionagent.com\/pt\/wholesale-shopping-bag-washable-durable-compact-bags-for-groceries\/","title":{"rendered":"Saco de compras por atacado Sacos compactos dur\u00e1veis e lav\u00e1veis para mantimentos"},"content":{"rendered":"<h2 id=\"title\" class=\"a-size-large a-spacing-none\"><span id=\"productTitle\" class=\"a-size-large product-title-word-break\">Sacolas de compras reutiliz\u00e1veis, sacolas de supermercado dobr\u00e1veis com z\u00edper, sacolas de compras fofas, sacolas compactas dur\u00e1veis e lav\u00e1veis para compras<\/span><\/h2>\n<p>&nbsp;<\/p>\n<p>&nbsp;<\/p>\n<ul>\n<li>F\u00c1CEIS DE DOBRAR E ARMAZENAR: Nossas sacolas de compras reutiliz\u00e1veis e lav\u00e1veis podem ser facilmente embaladas em um pequeno rolo que n\u00e3o ocupa quase nenhum espa\u00e7o e cabe facilmente em uma mochila, bolsa, bolso do casaco ou no porta-luvas do carro. Basta coloc\u00e1-las de volta na bolsa de transporte separada com z\u00edper e voc\u00ea sempre ter\u00e1 sacolas de compras reutiliz\u00e1veis para viagens n\u00e3o planejadas.<\/li>\n<\/ul>\n<p>&nbsp;<\/p>\n<p>&nbsp;<\/p>\n<ul>\n<li>LAV\u00c1VEIS NA M\u00c1QUINA: voc\u00ea n\u00e3o precisa se preocupar com a falta de higiene das sacolas reutiliz\u00e1veis, pois elas podem ser lavadas na m\u00e1quina e secam rapidamente. Jogue-as diretamente na m\u00e1quina de lavar para economizar tempo!<\/li>\n<\/ul>\n<p>&nbsp;<\/p>\n<p>&nbsp;<\/p>\n<ul>\n<li>REUTILIZ\u00c1VEL: voc\u00ea pode ajudar a reduzir seu impacto no meio ambiente usando sacolas reutiliz\u00e1veis.<\/li>\n<\/ul>\n<p><img fetchpriority=\"high\" decoding=\"async\" class=\"aligncenter wp-image-9306\" src=\"https:\/\/www.sellersunionagent.com\/wp-content\/uploads\/2022\/06\/3380097852_1885106219-1.jpg\" alt=\"Atacado \" width=\"600\" height=\"600\" \/><img decoding=\"async\" class=\"aligncenter wp-image-9311\" src=\"https:\/\/www.sellersunionagent.com\/wp-content\/uploads\/2022\/06\/859176a2a65059a13691539598867a4.png\" alt=\"Atacado\" width=\"600\" height=\"387\" \/><\/p>\n<p><img decoding=\"async\" class=\"aligncenter wp-image-8261\" src=\"https:\/\/www.sellersunionagent.com\/wp-content\/uploads\/2022\/06\/washable-durable-compact-bags-3.jpg\" alt=\"\" width=\"600\" height=\"600\" \/> \u00a0<img loading=\"lazy\" decoding=\"async\" class=\"aligncenter wp-image-9322\" src=\"https:\/\/www.sellersunionagent.com\/wp-content\/uploads\/2022\/06\/b86777b20c38a7712bdfd4024f756a6.png\" alt=\"Atacado\" width=\"600\" height=\"566\" \/> <img loading=\"lazy\" decoding=\"async\" class=\"aligncenter wp-image-9321\" src=\"https:\/\/www.sellersunionagent.com\/wp-content\/uploads\/2022\/06\/96e29b0c22bf7b01197f90392d57de2.png\" alt=\"Atacado\" width=\"600\" height=\"629\" \/> <img loading=\"lazy\" decoding=\"async\" class=\"aligncenter wp-image-9319\" src=\"https:\/\/www.sellersunionagent.com\/wp-content\/uploads\/2022\/06\/f8600f26e8b6d8ecd5a70b0f9b59890.png\" alt=\"Atacado\" width=\"600\" height=\"393\" \/> <img loading=\"lazy\" decoding=\"async\" class=\"aligncenter wp-image-9318\" src=\"https:\/\/www.sellersunionagent.com\/wp-content\/uploads\/2022\/06\/edebffe65538522a39545c361479031.png\" alt=\"Atacado\" width=\"600\" height=\"496\" \/> <img loading=\"lazy\" decoding=\"async\" class=\"aligncenter wp-image-9315\" src=\"https:\/\/www.sellersunionagent.com\/wp-content\/uploads\/2022\/06\/501b604e43eb4210560872fa4e246c2.png\" alt=\"Atacado\" width=\"600\" height=\"482\" \/> <img loading=\"lazy\" decoding=\"async\" class=\"aligncenter wp-image-9317\" src=\"https:\/\/www.sellersunionagent.com\/wp-content\/uploads\/2022\/06\/0a7d84e5dc9be4759eb49a14d330ddf.png\" alt=\"Atacado\" width=\"600\" height=\"455\" \/> \u00a0<img loading=\"lazy\" decoding=\"async\" class=\"aligncenter wp-image-9310\" src=\"https:\/\/www.sellersunionagent.com\/wp-content\/uploads\/2022\/06\/a6ff0aef15858abc390ab931a244980.jpg\" alt=\"Atacado\" width=\"600\" height=\"535\" \/> <img loading=\"lazy\" decoding=\"async\" class=\"aligncenter wp-image-9309\" src=\"https:\/\/www.sellersunionagent.com\/wp-content\/uploads\/2022\/06\/937bc26931b3dc4f38b440907239c59.png\" alt=\"Atacado\" width=\"600\" height=\"458\" \/> <img loading=\"lazy\" decoding=\"async\" class=\"aligncenter wp-image-9308\" src=\"https:\/\/www.sellersunionagent.com\/wp-content\/uploads\/2022\/06\/e7ef353a524bbc54972c9460572a44e.png\" alt=\"Atacado\" width=\"600\" height=\"474\" \/><img loading=\"lazy\" decoding=\"async\" class=\"aligncenter wp-image-9316\" src=\"https:\/\/www.sellersunionagent.com\/wp-content\/uploads\/2022\/06\/1497a4f51e349c1c52ac961031c7e92.png\" alt=\"Atacado\" width=\"600\" height=\"512\" \/><img loading=\"lazy\" decoding=\"async\" class=\"aligncenter wp-image-9323\" src=\"https:\/\/www.sellersunionagent.com\/wp-content\/uploads\/2022\/06\/8db61e90589773c665a1c470153d553.png\" alt=\"Atacado\" width=\"600\" height=\"614\" \/><\/p>","protected":false},"excerpt":{"rendered":"<p><strong>Tipo<\/strong>: Sacola de compras<\/p>\n<p><strong>N\u00famero do item:<\/strong> GN005<\/p>\n<p><strong>Tamanho do item<\/strong>: 28*26*5,5CM<\/p>\n<p><strong>Material:<\/strong> PVC<\/p>","protected":false},"featured_media":8260,"comment_status":"open","ping_status":"closed","template":"","meta":{"_acf_changed":false},"product_brand":[],"product_cat":[29],"product_tag":[53,56,91],"class_list":{"0":"post-8257","1":"product","2":"type-product","3":"status-publish","4":"has-post-thumbnail","6":"product_cat-shopping-bag","7":"product_tag-professional-supplier","8":"product_tag-shopping-bag","9":"product_tag-wholesaler","11":"first","12":"instock","13":"shipping-taxable","14":"product-type-simple","15":"swiper-slide"},"acf":[],"_links":{"self":[{"href":"https:\/\/www.sellersunionagent.com\/pt\/wp-json\/wp\/v2\/product\/8257","targetHints":{"allow":["GET"]}}],"collection":[{"href":"https:\/\/www.sellersunionagent.com\/pt\/wp-json\/wp\/v2\/product"}],"about":[{"href":"https:\/\/www.sellersunionagent.com\/pt\/wp-json\/wp\/v2\/types\/product"}],"replies":[{"embeddable":true,"href":"https:\/\/www.sellersunionagent.com\/pt\/wp-json\/wp\/v2\/comments?post=8257"}],"wp:featuredmedia":[{"embeddable":true,"href":"https:\/\/www.sellersunionagent.com\/pt\/wp-json\/wp\/v2\/media\/8260"}],"wp:attachment":[{"href":"https:\/\/www.sellersunionagent.com\/pt\/wp-json\/wp\/v2\/media?parent=8257"}],"wp:term":[{"taxonomy":"product_brand","embeddable":true,"href":"https:\/\/www.sellersunionagent.com\/pt\/wp-json\/wp\/v2\/product_brand?post=8257"},{"taxonomy":"product_cat","embeddable":true,"href":"https:\/\/www.sellersunionagent.com\/pt\/wp-json\/wp\/v2\/product_cat?post=8257"},{"taxonomy":"product_tag","embeddable":true,"href":"https:\/\/www.sellersunionagent.com\/pt\/wp-json\/wp\/v2\/product_tag?post=8257"}],"curies":[{"name":"wp","href":"https:\/\/api.w.org\/{rel}","templated":true}]}}