{"id":8224,"date":"2022-06-29T18:58:18","date_gmt":"2022-06-29T10:58:18","guid":{"rendered":"https:\/\/sellersunionagent.com\/?post_type=product&#038;p=8224"},"modified":"2022-08-31T14:10:08","modified_gmt":"2022-08-31T06:10:08","slug":"versao-atualizada-de-armazenamento-domestico-de-malas-leves-a-prova-de-poeira","status":"publish","type":"product","link":"https:\/\/www.sellersunionagent.com\/pt\/upgraded-version-home-storage-lightweight-suit-bags-dust-proof\/","title":{"rendered":"Vers\u00e3o atualizada de sacos de roupa leves para armazenamento dom\u00e9stico \u00e0 prova de poeira"},"content":{"rendered":"<h2>Saco para pendurar roupas, sacos leves para ternos \u00e0 prova de poeira com z\u00edper completo e resistente para armazenamento em arm\u00e1rios e viagens<\/h2>\n<p><strong>Tipo<\/strong>:Home Storage<\/p>\n<p><strong>N\u00famero do item:<\/strong>GN007<\/p>\n<p><strong>Material:<\/strong>PEVA<\/p>\n<p>&nbsp;<\/p>\n<p>&nbsp;<\/p>\n<ul>\n<li>\u3010Saco de roupas respir\u00e1vel\u3011 A vers\u00e3o atualizada do saco de roupas penduradas \u00e9 feita de material PEVA macio, sem empecilhos e com z\u00edper central resistente de comprimento total.<\/li>\n<\/ul>\n<p>&nbsp;<\/p>\n<p>&nbsp;<\/p>\n<ul>\n<li>\u3010Vis\u00edvel e reutilizado\u3011 O saco transparente e respir\u00e1vel para ternos elimina o trabalho de adivinha\u00e7\u00e3o ao tentar descobrir o que h\u00e1 dentro de suas malas! A capa do terno tamb\u00e9m pode ser lavada, portanto, voc\u00ea pode reutiliz\u00e1-la e ela dura mais do que os sacos de lavagem a seco.<\/li>\n<\/ul>\n<p>&nbsp;<\/p>\n<p>&nbsp;<\/p>\n<ul>\n<li>\u3010Casa e Viagem\u3011Com essa bolsa para capa de terno, cada um de seus ternos ou vestidos pode ter sua pr\u00f3pria capa e espa\u00e7o para respirar. A bolsa transparente para roupas pode ser facilmente dobrada em um tamanho pequeno, muito f\u00e1cil de guardar quando n\u00e3o estiver sendo usada, economizando muito espa\u00e7o.<\/li>\n<\/ul>\n<p>&nbsp;<\/p>\n<p>&nbsp;<\/p>\n<ul>\n<li>\u3010Versatilidade\u3011 Comprimento ideal para ternos, camisas, vestidos, su\u00e9teres, jaquetas, cal\u00e7as, tops, casacos esportivos, casacos de inverno etc. O organizador de guarda-roupa economiza espa\u00e7o, mant\u00e9m seu arm\u00e1rio arrumado e organizado por cor. Nunca mais deixe seu terno ou vestido favorito para tr\u00e1s.<\/li>\n<\/ul>\n<p><img fetchpriority=\"high\" decoding=\"async\" class=\"aligncenter wp-image-8228\" src=\"https:\/\/www.sellersunionagent.com\/wp-content\/uploads\/2022\/06\/upgraded-version-home-storage-3.png\" alt=\"\" width=\"600\" height=\"581\" \/><img decoding=\"async\" class=\"aligncenter wp-image-8844\" src=\"https:\/\/www.sellersunionagent.com\/wp-content\/uploads\/2022\/06\/wholesale-home-storage-1.png\" alt=\"Fabrica\u00e7\u00e3o na China\" width=\"600\" height=\"392\" \/> <img decoding=\"async\" class=\"aligncenter wp-image-8845\" src=\"https:\/\/www.sellersunionagent.com\/wp-content\/uploads\/2022\/06\/wholesale-home-storage.png\" alt=\"Fabrica\u00e7\u00e3o na China\" width=\"600\" height=\"304\" \/><img loading=\"lazy\" decoding=\"async\" class=\"aligncenter wp-image-9134\" src=\"https:\/\/www.sellersunionagent.com\/wp-content\/uploads\/2022\/06\/\u6b63\u65b9\u5f62-4.jpg\" alt=\"OEM\/ODM\" width=\"600\" height=\"602\" \/> <img loading=\"lazy\" decoding=\"async\" class=\"aligncenter wp-image-9133\" src=\"https:\/\/www.sellersunionagent.com\/wp-content\/uploads\/2022\/06\/\u6b63\u65b9\u5f62-3-1.png\" alt=\"OEM\/ODM\" width=\"600\" height=\"600\" \/> <img loading=\"lazy\" decoding=\"async\" class=\"aligncenter wp-image-9132\" src=\"https:\/\/www.sellersunionagent.com\/wp-content\/uploads\/2022\/06\/\u6b63\u65b9\u5f62-2.jpg\" alt=\"OEM\/ODM\" width=\"600\" height=\"600\" \/><\/p>","protected":false},"excerpt":{"rendered":"<p><strong>MOQ: <\/strong>100 (flex\u00edvel)<br \/>\n<strong>Amostra gr\u00e1tis:<\/strong> Com suporte<br \/>\n<strong>Personaliza\u00e7\u00e3o:<\/strong> logotipo \/ cor \/ materiais \/ embalagem etc.<br \/>\n<strong>Desconto:<\/strong> Primeiros pedidos com desconto de at\u00e9 10%.<br \/>\n<strong>Taxa de entrega no prazo:<\/strong> 100%<br \/>\n<strong>Total de remessas:<\/strong> 100000PCS<br \/>\n<strong>Envio:<\/strong> Suporte expresso - frete mar\u00edtimo - frete terrestre<\/p>","protected":false},"featured_media":9135,"comment_status":"open","ping_status":"closed","template":"","meta":{"_acf_changed":false},"product_brand":[],"product_cat":[31,187],"product_tag":[174,73,94],"class_list":{"0":"post-8224","1":"product","2":"type-product","3":"status-publish","4":"has-post-thumbnail","6":"product_cat-home-storage","7":"product_cat-bedroom","8":"product_tag-home-storage-hot","9":"product_tag-home-storagewholesaledurable","10":"product_tag-organizer","12":"first","13":"instock","14":"shipping-taxable","15":"product-type-simple","16":"swiper-slide"},"acf":[],"_links":{"self":[{"href":"https:\/\/www.sellersunionagent.com\/pt\/wp-json\/wp\/v2\/product\/8224","targetHints":{"allow":["GET"]}}],"collection":[{"href":"https:\/\/www.sellersunionagent.com\/pt\/wp-json\/wp\/v2\/product"}],"about":[{"href":"https:\/\/www.sellersunionagent.com\/pt\/wp-json\/wp\/v2\/types\/product"}],"replies":[{"embeddable":true,"href":"https:\/\/www.sellersunionagent.com\/pt\/wp-json\/wp\/v2\/comments?post=8224"}],"wp:featuredmedia":[{"embeddable":true,"href":"https:\/\/www.sellersunionagent.com\/pt\/wp-json\/wp\/v2\/media\/9135"}],"wp:attachment":[{"href":"https:\/\/www.sellersunionagent.com\/pt\/wp-json\/wp\/v2\/media?parent=8224"}],"wp:term":[{"taxonomy":"product_brand","embeddable":true,"href":"https:\/\/www.sellersunionagent.com\/pt\/wp-json\/wp\/v2\/product_brand?post=8224"},{"taxonomy":"product_cat","embeddable":true,"href":"https:\/\/www.sellersunionagent.com\/pt\/wp-json\/wp\/v2\/product_cat?post=8224"},{"taxonomy":"product_tag","embeddable":true,"href":"https:\/\/www.sellersunionagent.com\/pt\/wp-json\/wp\/v2\/product_tag?post=8224"}],"curies":[{"name":"wp","href":"https:\/\/api.w.org\/{rel}","templated":true}]}}