{"id":8222,"date":"2022-06-29T19:05:52","date_gmt":"2022-06-29T11:05:52","guid":{"rendered":"https:\/\/sellersunionagent.com\/?post_type=product&#038;p=8222"},"modified":"2026-01-06T14:29:21","modified_gmt":"2026-01-06T06:29:21","slug":"bolsa-de-lavagem-de-viagem-portatil-para-produtos-de-higiene-pessoal-no-atacado-da-china","status":"publish","type":"product","link":"https:\/\/www.sellersunionagent.com\/pt\/china-wholesale-portable-toiletry-travel-washing-bag\/","title":{"rendered":"Bolsa de lavagem de viagem port\u00e1til para produtos de higiene pessoal no atacado da China"},"content":{"rendered":"<h2>Bolsa de lavagem de viagem port\u00e1til para produtos de higiene pessoal no atacado da China<\/h2>\n<div class=\"elementor-element elementor-element-42815df elementor-widget elementor-widget-heading\" data-id=\"42815df\" data-element_type=\"widget\" data-widget_type=\"heading.default\">\n<div class=\"elementor-widget-container\">\n<p class=\"elementor-heading-title elementor-size-default\"><strong>Tipo<\/strong>: Bolsa de lavagem<\/p>\n<\/div>\n<\/div>\n<div class=\"elementor-element elementor-element-c17fac7 elementor-widget elementor-widget-woocommerce-product-short-description\" data-id=\"c17fac7\" data-element_type=\"widget\" data-widget_type=\"woocommerce-product-short-description.default\">\n<div class=\"elementor-widget-container\">\n<div class=\"woocommerce-product-details__short-description\">\n<p><strong>N\u00famero do item:<\/strong> GN001<\/p>\n<p><strong>Tamanho do item<\/strong>: 47*23,5*7,5cm<\/p>\n<p><strong>Cores<\/strong>: Branco\/cinza\/rosa<\/p>\n<p><strong>Material: <\/strong>Tecido Oxford<\/p>\n<p>&nbsp;<\/p>\n<\/div>\n<\/div>\n<p>&nbsp;<\/p>\n<\/div>\n<ul>\n<li>Grande capacidade<\/li>\n<li>Fun\u00e7\u00e3o avan\u00e7ada, armazenamento de parti\u00e7\u00f5es<\/li>\n<li>Z\u00edper duplo suave e dur\u00e1vel<\/li>\n<li>Impress\u00e3o requintada<\/li>\n<li>Costura bem feita, forte e dur\u00e1vel<\/li>\n<li>Tecido selecionado com revestimento \u00e0 prova d'\u00e1gua, que n\u00e3o se deforma facilmente<\/li>\n<li>Design port\u00e1til, f\u00e1cil de transportar<\/li>\n<li><img fetchpriority=\"high\" decoding=\"async\" class=\"aligncenter wp-image-8234\" src=\"https:\/\/www.sellersunionagent.com\/wp-content\/uploads\/2022\/06\/china-wholesale-portable-toiletry-travel-washing-bag-5.png\" alt=\"Atacado da China \" width=\"600\" height=\"600\" \/><img decoding=\"async\" class=\"aligncenter wp-image-8235\" src=\"https:\/\/www.sellersunionagent.com\/wp-content\/uploads\/2022\/06\/china-wholesale-portable-toiletry-travel-washing-bag-6.png\" alt=\"Atacado da China \" width=\"600\" height=\"600\" \/><img decoding=\"async\" class=\"aligncenter wp-image-8229\" src=\"https:\/\/www.sellersunionagent.com\/wp-content\/uploads\/2022\/06\/china-wholesale-portable-toiletry-travel-washing-bag.jpg\" alt=\"Atacado da China \" width=\"600\" height=\"600\" \/> <img loading=\"lazy\" decoding=\"async\" class=\"aligncenter wp-image-8239\" src=\"https:\/\/www.sellersunionagent.com\/wp-content\/uploads\/2022\/06\/china-wholesale-portable-toiletry-travel-washing-bag-10.jpg\" alt=\"Atacado da China \" width=\"600\" height=\"457\" \/> <img loading=\"lazy\" decoding=\"async\" class=\"aligncenter wp-image-8238\" src=\"https:\/\/www.sellersunionagent.com\/wp-content\/uploads\/2022\/06\/china-wholesale-portable-toiletry-travel-washing-bag-9.jpg\" alt=\"Atacado da China \" width=\"600\" height=\"463\" \/> <img loading=\"lazy\" decoding=\"async\" class=\"aligncenter wp-image-8237\" src=\"https:\/\/www.sellersunionagent.com\/wp-content\/uploads\/2022\/06\/china-wholesale-portable-toiletry-travel-washing-bag-8.jpg\" alt=\"Atacado da China \" width=\"600\" height=\"714\" \/> <img loading=\"lazy\" decoding=\"async\" class=\"aligncenter wp-image-8236\" src=\"https:\/\/www.sellersunionagent.com\/wp-content\/uploads\/2022\/06\/china-wholesale-portable-toiletry-travel-washing-bag-7.jpg\" alt=\"Atacado da China \" width=\"600\" height=\"600\" \/><img loading=\"lazy\" decoding=\"async\" class=\"aligncenter wp-image-8233\" src=\"https:\/\/www.sellersunionagent.com\/wp-content\/uploads\/2022\/06\/china-wholesale-portable-toiletry-travel-washing-bag-4.jpg\" alt=\"Atacado da China \" width=\"600\" height=\"601\" \/><img loading=\"lazy\" decoding=\"async\" class=\"aligncenter wp-image-8230\" src=\"https:\/\/www.sellersunionagent.com\/wp-content\/uploads\/2022\/06\/china-wholesale-portable-toiletry-travel-washing-bag-1.jpg\" alt=\"Atacado da China \" width=\"600\" height=\"502\" \/><\/li>\n<\/ul>","protected":false},"excerpt":{"rendered":"<div class=\"elementor-element elementor-element-42815df elementor-widget elementor-widget-heading\" data-id=\"42815df\" data-element_type=\"widget\" data-widget_type=\"heading.default\">\n<div class=\"elementor-widget-container\">\n<p class=\"elementor-heading-title elementor-size-default\"><strong>MOQ<\/strong>:  100 pe\u00e7as<br \/>\n<strong>Amostra gr\u00e1tis<\/strong>:  Com suporte<br \/>\n<strong>Personaliza\u00e7\u00e3o<\/strong>: logotipo \/ cor \/ materiais \/ embalagem etc.<br \/>\n<strong>Desconto<\/strong>:  Primeiros pedidos a partir de 10% de desconto.<br \/>\n<strong>Taxa de entrega no prazo<\/strong>:\u00a0 100%<br \/>\n<strong>Total de remessas<\/strong>:  10000 pe\u00e7as<br \/>\n<strong>Remessa<\/strong>: Suporte expresso - frete mar\u00edtimo - frete terrestre<\/p>\n<\/div>\n<\/div>\n<div class=\"elementor-element elementor-element-c17fac7 elementor-widget elementor-widget-woocommerce-product-short-description\" data-id=\"c17fac7\" data-element_type=\"widget\" data-widget_type=\"woocommerce-product-short-description.default\">\n<div class=\"elementor-widget-container\">\n<div class=\"woocommerce-product-details__short-description\">\n<p>&nbsp;<\/p>\n<p>&nbsp;<\/p>\n<p>Produzimos excelentes sacos de lavagem. Raz\u00f5es para nos escolher:<br \/>\nProdutos certificados por institui\u00e7\u00f5es profissionais, com fornecimento suficiente e est\u00e1vel<br \/>\nMais de vinte anos de experi\u00eancia, com dep\u00f3sitos de tecnologia e qualidade.<br \/>\nPersonaliza\u00e7\u00e3o bem-vinda para atender a diferentes necessidades<br \/>\nProdu\u00e7\u00e3o e envio na velocidade mais r\u00e1pida<br \/>\nServi\u00e7o completo e atencioso, incluindo pr\u00e9-vendas, vendas e p\u00f3s-vendas<\/p>\n<\/div>\n<\/div>\n<\/div>","protected":false},"featured_media":9332,"comment_status":"open","ping_status":"closed","template":"","meta":{"_acf_changed":false},"product_brand":[],"product_cat":[33],"product_tag":[142,60,50],"class_list":{"0":"post-8222","1":"product","2":"type-product","3":"status-publish","4":"has-post-thumbnail","6":"product_cat-toiletry-bag","7":"product_tag-makeup-organizer","8":"product_tag-portable","9":"product_tag-wholesale","11":"first","12":"instock","13":"shipping-taxable","14":"purchasable","15":"product-type-simple","16":"swiper-slide"},"acf":[],"_links":{"self":[{"href":"https:\/\/www.sellersunionagent.com\/pt\/wp-json\/wp\/v2\/product\/8222","targetHints":{"allow":["GET"]}}],"collection":[{"href":"https:\/\/www.sellersunionagent.com\/pt\/wp-json\/wp\/v2\/product"}],"about":[{"href":"https:\/\/www.sellersunionagent.com\/pt\/wp-json\/wp\/v2\/types\/product"}],"replies":[{"embeddable":true,"href":"https:\/\/www.sellersunionagent.com\/pt\/wp-json\/wp\/v2\/comments?post=8222"}],"wp:featuredmedia":[{"embeddable":true,"href":"https:\/\/www.sellersunionagent.com\/pt\/wp-json\/wp\/v2\/media\/9332"}],"wp:attachment":[{"href":"https:\/\/www.sellersunionagent.com\/pt\/wp-json\/wp\/v2\/media?parent=8222"}],"wp:term":[{"taxonomy":"product_brand","embeddable":true,"href":"https:\/\/www.sellersunionagent.com\/pt\/wp-json\/wp\/v2\/product_brand?post=8222"},{"taxonomy":"product_cat","embeddable":true,"href":"https:\/\/www.sellersunionagent.com\/pt\/wp-json\/wp\/v2\/product_cat?post=8222"},{"taxonomy":"product_tag","embeddable":true,"href":"https:\/\/www.sellersunionagent.com\/pt\/wp-json\/wp\/v2\/product_tag?post=8222"}],"curies":[{"name":"wp","href":"https:\/\/api.w.org\/{rel}","templated":true}]}}