{"id":8212,"date":"2022-06-29T18:49:15","date_gmt":"2022-06-29T10:49:15","guid":{"rendered":"https:\/\/sellersunionagent.com\/?post_type=product&#038;p=8212"},"modified":"2022-08-31T14:10:20","modified_gmt":"2022-08-31T06:10:20","slug":"armazenamento-domestico-no-atacado-armazenamento-de-viagem-para-a-familia","status":"publish","type":"product","link":"https:\/\/www.sellersunionagent.com\/pt\/wholesale-home-storage-travel-storage-for-family\/","title":{"rendered":"Armazenamento dom\u00e9stico no atacado Armazenamento de viagem para a fam\u00edlia"},"content":{"rendered":"<h2>Travel BAG 6 Set Packing Cubes Luggage Packing Organizers for Travel Accessories<\/h2>\n<p>&nbsp;<\/p>\n<p>&nbsp;<\/p>\n<ul>\n<li><strong>EMBALAGEM ORGANIZADA e ECONOMIA DE ESPA\u00c7O:<\/strong>Separe suas diferentes roupas com cubos de embalagem de v\u00e1rios tamanhos e op\u00e7\u00f5es de cores vivas dispon\u00edveis. Economize tempo em sua viagem, passeio ou atividades ao ar livre, evitando o extravio de diferentes itens e aproveitando ao m\u00e1ximo o espa\u00e7o em sua bagagem.<\/li>\n<\/ul>\n<p>&nbsp;<\/p>\n<p>&nbsp;<\/p>\n<ul>\n<li><strong>VERS\u00c1TIL e MULTIFUNCIONAL :<\/strong>Cabe como uma luva na maioria das malas de m\u00e3o de companhias a\u00e9reas, bolsas, sacolas de viagem, mochilas, sacolas de viagem, etc.<\/li>\n<\/ul>\n<p>&nbsp;<\/p>\n<p><img fetchpriority=\"high\" decoding=\"async\" class=\"aligncenter wp-image-8218\" src=\"https:\/\/www.sellersunionagent.com\/wp-content\/uploads\/2022\/06\/wholesale-home-storage-travel-storage-4.jpg\" alt=\"\" width=\"500\" height=\"500\" \/><\/p>\n<p><img decoding=\"async\" class=\"aligncenter wp-image-8219\" src=\"https:\/\/www.sellersunionagent.com\/wp-content\/uploads\/2022\/06\/wholesale-home-storage-travel-storage-5.jpg\" alt=\"\" width=\"500\" height=\"500\" \/><\/p>\n<p><img decoding=\"async\" class=\"aligncenter wp-image-8220\" src=\"https:\/\/www.sellersunionagent.com\/wp-content\/uploads\/2022\/06\/wholesale-home-storage-travel-storage-6.jpg\" alt=\"\" width=\"500\" height=\"500\" \/><\/p>","protected":false},"excerpt":{"rendered":"<p><strong>Tipo<\/strong>:Home Storage<\/p>\n<p><strong>N\u00famero do item:<\/strong> GN002<\/p>\n<p><strong>Material:<\/strong> Oxford<\/p>","protected":false},"featured_media":8223,"comment_status":"open","ping_status":"closed","template":"","meta":{"_acf_changed":false},"product_brand":[],"product_cat":[31,186],"product_tag":[73,47],"class_list":{"0":"post-8212","1":"product","2":"type-product","3":"status-publish","4":"has-post-thumbnail","6":"product_cat-home-storage","7":"product_cat-living-room","8":"product_tag-home-storagewholesaledurable","9":"product_tag-hot-sale","11":"first","12":"instock","13":"shipping-taxable","14":"product-type-simple","15":"swiper-slide"},"acf":[],"_links":{"self":[{"href":"https:\/\/www.sellersunionagent.com\/pt\/wp-json\/wp\/v2\/product\/8212","targetHints":{"allow":["GET"]}}],"collection":[{"href":"https:\/\/www.sellersunionagent.com\/pt\/wp-json\/wp\/v2\/product"}],"about":[{"href":"https:\/\/www.sellersunionagent.com\/pt\/wp-json\/wp\/v2\/types\/product"}],"replies":[{"embeddable":true,"href":"https:\/\/www.sellersunionagent.com\/pt\/wp-json\/wp\/v2\/comments?post=8212"}],"wp:featuredmedia":[{"embeddable":true,"href":"https:\/\/www.sellersunionagent.com\/pt\/wp-json\/wp\/v2\/media\/8223"}],"wp:attachment":[{"href":"https:\/\/www.sellersunionagent.com\/pt\/wp-json\/wp\/v2\/media?parent=8212"}],"wp:term":[{"taxonomy":"product_brand","embeddable":true,"href":"https:\/\/www.sellersunionagent.com\/pt\/wp-json\/wp\/v2\/product_brand?post=8212"},{"taxonomy":"product_cat","embeddable":true,"href":"https:\/\/www.sellersunionagent.com\/pt\/wp-json\/wp\/v2\/product_cat?post=8212"},{"taxonomy":"product_tag","embeddable":true,"href":"https:\/\/www.sellersunionagent.com\/pt\/wp-json\/wp\/v2\/product_tag?post=8212"}],"curies":[{"name":"wp","href":"https:\/\/api.w.org\/{rel}","templated":true}]}}