{"id":8196,"date":"2022-06-29T18:42:14","date_gmt":"2022-06-29T10:42:14","guid":{"rendered":"https:\/\/sellersunionagent.com\/?post_type=product&#038;p=8196"},"modified":"2022-07-11T11:41:05","modified_gmt":"2022-07-11T03:41:05","slug":"lancheira-de-desenho-animado-recem-chegada","status":"publish","type":"product","link":"https:\/\/www.sellersunionagent.com\/pt\/new-arrival-cartoon-lunch-bag\/","title":{"rendered":"Bolsa para lanche com desenho animado rec\u00e9m-chegada"},"content":{"rendered":"<h2>Bolsa para lanche com desenho animado rec\u00e9m-chegada<\/h2>\n<p>Mant\u00e9m os alimentos quentes e frescos: Esse item \u00e9 proveniente de f\u00e1bricas cooperativas estritamente selecionadas conosco. O revestimento interno foi feito de folha de alum\u00ednio para alimentos e acolchoado com espuma EPE de 5 mm para oferecer grande resist\u00eancia t\u00e9rmica e f\u00e1cil limpeza. O revestimento isolado pode manter os alimentos e as bebidas quentes e frescos por horas e evitar que o l\u00edquido saia do recipiente. Tamb\u00e9m \u00e9 \u00f3timo para manter a temperatura de uma bolsa de gelo ou de uma bebida gelada no carro ou na academia.<\/p>\n<p>&nbsp;<\/p>\n<p>&nbsp;<\/p>\n<p>Grande capacidade: A bolsa tem um tamanho conveniente para levar sua comida para a escola, trabalho e viagens. Essa lancheira grande \u00e9 suficiente para guardar sua lancheira, lanches e frutas.<\/p>\n<p>&nbsp;<\/p>\n<p>Dobr\u00e1vel e port\u00e1til: Design aberto com z\u00edperes duplos para facilitar o acesso e essa lancheira isolada pode ser transportada t\u00e3o facilmente quanto um livro quando dobrada. Apar\u00eancia cl\u00e1ssica e simples, com uma al\u00e7a acolchoada e uma al\u00e7a de ombro destac\u00e1vel e ajust\u00e1vel que pode ser carregada em dois modos: bolsa de ombro e bolsa de m\u00e3o.<\/p>\n<p><img fetchpriority=\"high\" decoding=\"async\" class=\"aligncenter wp-image-8197\" src=\"https:\/\/www.sellersunionagent.com\/wp-content\/uploads\/2022\/06\/new-arrival-cartoon-lunch-bag.jpg\" alt=\"rec\u00e9m-chegado\" width=\"600\" height=\"600\" \/><img decoding=\"async\" class=\"aligncenter wp-image-9171\" src=\"https:\/\/www.sellersunionagent.com\/wp-content\/uploads\/2022\/06\/12204093294_1885106219-1-1.jpg\" alt=\"rec\u00e9m-chegado\" width=\"600\" height=\"600\" \/><img decoding=\"async\" class=\"aligncenter wp-image-8203\" src=\"https:\/\/www.sellersunionagent.com\/wp-content\/uploads\/2022\/06\/new-arrival-cartoon-lunch-bag-3.jpg\" alt=\"rec\u00e9m-chegado\" width=\"600\" height=\"600\" \/> <img loading=\"lazy\" decoding=\"async\" class=\"aligncenter wp-image-8198\" src=\"https:\/\/www.sellersunionagent.com\/wp-content\/uploads\/2022\/06\/new-arrival-cartoon-lunch-bag-1.jpg\" alt=\"rec\u00e9m-chegado\" width=\"600\" height=\"600\" \/><img loading=\"lazy\" decoding=\"async\" class=\"aligncenter wp-image-9170\" src=\"https:\/\/www.sellersunionagent.com\/wp-content\/uploads\/2022\/06\/0b743ea010b12d4ead93f0edeba005be_12204105623_1885106219.jpg\" alt=\"rec\u00e9m-chegado\" width=\"600\" height=\"600\" \/><\/p>\n<p>&nbsp;<\/p>\n<p><img loading=\"lazy\" decoding=\"async\" class=\"aligncenter wp-image-8204\" src=\"https:\/\/www.sellersunionagent.com\/wp-content\/uploads\/2022\/06\/new-arrival-cartoon-lunch-bag-4.jpg\" alt=\"rec\u00e9m-chegado\" width=\"600\" height=\"600\" \/><\/p>","protected":false},"excerpt":{"rendered":"<p><strong>Tipo<\/strong>: Bolsa para lanche<\/p>\n<p><strong>N\u00famero do item:<\/strong> GN021<\/p>\n<p><strong>Tamanho do item<\/strong>: 21*16*23cm<\/p>\n<p><strong>Cores<\/strong>: Azul\/rosa\/preto<\/p>\n<p><strong>Material: <\/strong><span id=\"w_199\" class=\"\">Oxford\u00a0<\/span><span id=\"w_200\" class=\"\">tecido\u00a0<\/span><\/p>\n<p>&nbsp;<\/p>\n<p>&nbsp;<\/p>\n<p>Sempre mantemos f\u00e1bricas cooperativas rigorosamente selecionadas para fabricar produtos, e uma boa reputa\u00e7\u00e3o determina a alta qualidade e os altos padr\u00f5es de nossos produtos. Achamos que essa lancheira rec\u00e9m-chegada oferece a voc\u00ea uma experi\u00eancia melhor ao fazer uma refei\u00e7\u00e3o.<\/p>","protected":false},"featured_media":9176,"comment_status":"open","ping_status":"closed","template":"","meta":{"_acf_changed":false},"product_brand":[],"product_cat":[28],"product_tag":[141,41,23],"class_list":{"0":"post-8196","1":"product","2":"type-product","3":"status-publish","4":"has-post-thumbnail","6":"product_cat-lunch-bag","7":"product_tag-cute-printing","8":"product_tag-lunch-bag","9":"product_tag-new-arrival","11":"first","12":"instock","13":"shipping-taxable","14":"product-type-simple","15":"swiper-slide"},"acf":[],"_links":{"self":[{"href":"https:\/\/www.sellersunionagent.com\/pt\/wp-json\/wp\/v2\/product\/8196","targetHints":{"allow":["GET"]}}],"collection":[{"href":"https:\/\/www.sellersunionagent.com\/pt\/wp-json\/wp\/v2\/product"}],"about":[{"href":"https:\/\/www.sellersunionagent.com\/pt\/wp-json\/wp\/v2\/types\/product"}],"replies":[{"embeddable":true,"href":"https:\/\/www.sellersunionagent.com\/pt\/wp-json\/wp\/v2\/comments?post=8196"}],"wp:featuredmedia":[{"embeddable":true,"href":"https:\/\/www.sellersunionagent.com\/pt\/wp-json\/wp\/v2\/media\/9176"}],"wp:attachment":[{"href":"https:\/\/www.sellersunionagent.com\/pt\/wp-json\/wp\/v2\/media?parent=8196"}],"wp:term":[{"taxonomy":"product_brand","embeddable":true,"href":"https:\/\/www.sellersunionagent.com\/pt\/wp-json\/wp\/v2\/product_brand?post=8196"},{"taxonomy":"product_cat","embeddable":true,"href":"https:\/\/www.sellersunionagent.com\/pt\/wp-json\/wp\/v2\/product_cat?post=8196"},{"taxonomy":"product_tag","embeddable":true,"href":"https:\/\/www.sellersunionagent.com\/pt\/wp-json\/wp\/v2\/product_tag?post=8196"}],"curies":[{"name":"wp","href":"https:\/\/api.w.org\/{rel}","templated":true}]}}