{"id":8160,"date":"2022-06-29T17:40:36","date_gmt":"2022-06-29T09:40:36","guid":{"rendered":"https:\/\/sellersunionagent.com\/?post_type=product&#038;p=8160"},"modified":"2022-08-31T14:10:39","modified_gmt":"2022-08-31T06:10:39","slug":"produto-de-armazenamento-com-16-grades-para-economizar-seu-espaco","status":"publish","type":"product","link":"https:\/\/www.sellersunionagent.com\/pt\/16-grids-storage-product-to-save-your-space\/","title":{"rendered":"16 grades de produtos de armazenamento para economizar seu espa\u00e7o"},"content":{"rendered":"<h2>16 grades de produtos de armazenamento para economizar seu espa\u00e7o<\/h2>\n<p>&nbsp;<\/p>\n<p>&nbsp;<\/p>\n<p>Protege suas coisas contra a sujeira ao guard\u00e1-las na bagagem. Ela tamb\u00e9m pode manter seus sapatos limpos quando voc\u00ea os guarda no arm\u00e1rio. Portanto, \u00e9 um bom design para uso dom\u00e9stico e em viagens.<\/p>\n<p>&nbsp;<\/p>\n<p>&nbsp;<\/p>\n<p>Feito de PVC premium com cord\u00e3o grosso para organiza\u00e7\u00e3o conveniente, desenho bonito e uso dur\u00e1vel. Essas bolsas s\u00e3o dobr\u00e1veis, leves e port\u00e1teis, f\u00e1ceis de usar.<\/p>\n<p>&nbsp;<\/p>\n<p>&nbsp;<\/p>\n<p>Design transl\u00facido, ajuda voc\u00ea a identificar mais facilmente o que est\u00e1 dentro dela, economizando seu tempo. Pr\u00e1tico para viagens e para a vida.<\/p>\n<p>&nbsp;<\/p>\n<p>&nbsp;<\/p>\n<p><img fetchpriority=\"high\" decoding=\"async\" class=\"aligncenter wp-image-9183\" src=\"https:\/\/www.sellersunionagent.com\/wp-content\/uploads\/2022\/06\/2531558988_1885106219-1.jpg\" alt=\"Produto de armazenamento de grades\" width=\"600\" height=\"600\" \/><img decoding=\"async\" class=\"aligncenter wp-image-8126\" src=\"https:\/\/www.sellersunionagent.com\/wp-content\/uploads\/2022\/06\/cute-shoe-bags-pouch-with-rope-3.jpg\" alt=\"Produto de armazenamento de grades\" width=\"600\" height=\"600\" \/><img decoding=\"async\" class=\"aligncenter wp-image-9181\" src=\"https:\/\/www.sellersunionagent.com\/wp-content\/uploads\/2022\/06\/O1CN01CUcZoj1rMdM1jmJyL_2369055617-0-cib-1.jpg\" alt=\"Produto de armazenamento de grades\" width=\"600\" height=\"600\" \/><\/p>\n<p><img loading=\"lazy\" decoding=\"async\" class=\"aligncenter wp-image-8127\" src=\"https:\/\/www.sellersunionagent.com\/wp-content\/uploads\/2022\/06\/cute-shoe-bags-pouch-with-rope-4.jpg\" alt=\"Produto de armazenamento de grades\" width=\"600\" height=\"600\" \/> <img loading=\"lazy\" decoding=\"async\" class=\"aligncenter wp-image-8128\" src=\"https:\/\/www.sellersunionagent.com\/wp-content\/uploads\/2022\/06\/cute-shoe-bags-pouch-with-rope-5.jpg\" alt=\"Produto de armazenamento de grades\" width=\"600\" height=\"600\" \/><\/p>","protected":false},"excerpt":{"rendered":"<p>Tipo:Armazenamento dom\u00e9stico<\/p>\n<p>N\u00ba do item:GN016<\/p>\n<p>Tamanho: 75*40CM<\/p>\n<p>OEM\/ODM: aceito<\/p>","protected":false},"featured_media":8129,"comment_status":"open","ping_status":"closed","template":"","meta":{"_acf_changed":false},"product_brand":[],"product_cat":[31,187],"product_tag":[70,140,64],"class_list":{"0":"post-8160","1":"product","2":"type-product","3":"status-publish","4":"has-post-thumbnail","6":"product_cat-home-storage","7":"product_cat-bedroom","8":"product_tag-home-storage","9":"product_tag-save-storage","10":"product_tag-travel","12":"first","13":"instock","14":"shipping-taxable","15":"product-type-simple","16":"swiper-slide"},"acf":[],"_links":{"self":[{"href":"https:\/\/www.sellersunionagent.com\/pt\/wp-json\/wp\/v2\/product\/8160","targetHints":{"allow":["GET"]}}],"collection":[{"href":"https:\/\/www.sellersunionagent.com\/pt\/wp-json\/wp\/v2\/product"}],"about":[{"href":"https:\/\/www.sellersunionagent.com\/pt\/wp-json\/wp\/v2\/types\/product"}],"replies":[{"embeddable":true,"href":"https:\/\/www.sellersunionagent.com\/pt\/wp-json\/wp\/v2\/comments?post=8160"}],"wp:featuredmedia":[{"embeddable":true,"href":"https:\/\/www.sellersunionagent.com\/pt\/wp-json\/wp\/v2\/media\/8129"}],"wp:attachment":[{"href":"https:\/\/www.sellersunionagent.com\/pt\/wp-json\/wp\/v2\/media?parent=8160"}],"wp:term":[{"taxonomy":"product_brand","embeddable":true,"href":"https:\/\/www.sellersunionagent.com\/pt\/wp-json\/wp\/v2\/product_brand?post=8160"},{"taxonomy":"product_cat","embeddable":true,"href":"https:\/\/www.sellersunionagent.com\/pt\/wp-json\/wp\/v2\/product_cat?post=8160"},{"taxonomy":"product_tag","embeddable":true,"href":"https:\/\/www.sellersunionagent.com\/pt\/wp-json\/wp\/v2\/product_tag?post=8160"}],"curies":[{"name":"wp","href":"https:\/\/api.w.org\/{rel}","templated":true}]}}